{"id":213333,"date":"2025-12-26T19:08:52","date_gmt":"2025-12-26T16:08:52","guid":{"rendered":"https:\/\/baldumarket.lt\/?post_type=product&#038;p=213333"},"modified":"2026-02-03T23:15:18","modified_gmt":"2026-02-03T20:15:18","slug":"lozko-kontynentalne-fandy-180x200-tapicerowane-materace-topper-pojemnik","status":"publish","type":"product","link":"https:\/\/baldumarket.lt\/lt\/product\/lozko-kontynentalne-fandy-180x200-tapicerowane-materace-topper-pojemnik\/","title":{"rendered":"Fandy kontinentin\u0117 lova 180\u00d7200, apmu\u0161ta, \u010diu\u017einiai, \u010diu\u017einys ant\u010diu\u017einys, konteineris"},"content":{"rendered":"<p>\u201eFandy 180\u00d7200\u201c kontinentin\u0117 lova \u2013 puikus sprendimas tiems, kurie vertina auk\u0161t\u0105 miego komfort\u0105, prabang\u0173 dizain\u0105 ir kasdien\u012f funkcionalum\u0105. Sukurta galvojant apie erdv\u0173 interjer\u0105, ji \u017eavi ne tik patogumu, bet ir eleganti\u0161ka, \u017eavinga apdaila. \u0160is baldas taps j\u016bs\u0173 miegamojo traukos centru.<\/p>","protected":false},"excerpt":{"rendered":"<p>Plotis: 210 cm<br \/>\nIlgis: 205 cm<br \/>\n\u016agis: 135 cm<br \/>\nMiegamoji erdv\u0117: 180 \u00d7 200 cm<br \/>\nMiegojimo auk\u0161tis: 66 cm<\/p>","protected":false},"featured_media":213455,"comment_status":"open","ping_status":"closed","template":"","meta":[],"product_brand":[],"product_cat":[505,1972,514,7271],"product_tag":[],"class_list":{"0":"post-213333","1":"product","2":"type-product","3":"status-publish","4":"has-post-thumbnail","6":"product_cat-bedroom-beds","7":"product_cat-beds-180x200","8":"product_cat-continental-beds","9":"product_cat-meble-gruszka","11":"first","12":"instock","13":"shipping-taxable","14":"purchasable","15":"product-type-variable","16":"wvs-archive-product-wrapper"},"_links":{"self":[{"href":"https:\/\/baldumarket.lt\/lt\/wp-json\/wp\/v2\/product\/213333","targetHints":{"allow":["GET"]}}],"collection":[{"href":"https:\/\/baldumarket.lt\/lt\/wp-json\/wp\/v2\/product"}],"about":[{"href":"https:\/\/baldumarket.lt\/lt\/wp-json\/wp\/v2\/types\/product"}],"replies":[{"embeddable":true,"href":"https:\/\/baldumarket.lt\/lt\/wp-json\/wp\/v2\/comments?post=213333"}],"wp:featuredmedia":[{"embeddable":true,"href":"https:\/\/baldumarket.lt\/lt\/wp-json\/wp\/v2\/media\/213455"}],"wp:attachment":[{"href":"https:\/\/baldumarket.lt\/lt\/wp-json\/wp\/v2\/media?parent=213333"}],"wp:term":[{"taxonomy":"product_brand","embeddable":true,"href":"https:\/\/baldumarket.lt\/lt\/wp-json\/wp\/v2\/product_brand?post=213333"},{"taxonomy":"product_cat","embeddable":true,"href":"https:\/\/baldumarket.lt\/lt\/wp-json\/wp\/v2\/product_cat?post=213333"},{"taxonomy":"product_tag","embeddable":true,"href":"https:\/\/baldumarket.lt\/lt\/wp-json\/wp\/v2\/product_tag?post=213333"}],"curies":[{"name":"wp","href":"https:\/\/api.w.org\/{rel}","templated":true}]}}