{"id":213295,"date":"2025-12-26T19:07:34","date_gmt":"2025-12-26T16:07:34","guid":{"rendered":"https:\/\/baldumarket.lt\/?post_type=product&#038;p=213295"},"modified":"2026-02-03T23:15:19","modified_gmt":"2026-02-03T20:15:19","slug":"lozko-kontynentalne-fava-200x200-tapicerowane-materac-topper-pojemnik","status":"publish","type":"product","link":"https:\/\/baldumarket.lt\/lt\/product\/lozko-kontynentalne-fava-200x200-tapicerowane-materac-topper-pojemnik\/","title":{"rendered":"\u201eFava\u201c kontinentin\u0117 lova 200\u00d7200, apmu\u0161ta, \u010diu\u017einys, \u010diu\u017einuko u\u017etiesalas, konteineris"},"content":{"rendered":"<p>\u201eFava\u201c 200\u00d7200 cm kontinentin\u0117 lova \u2013 puikus pasirinkimas ie\u0161kantiems erdvi\u0173 ir stiling\u0173 miegamojo bald\u0173. \u0160i\u0105 lov\u0105, sukurt\u0105 \u017einomo Lenkijos gamintojo \u201eGruszka Meble\u201c, modernus dizainas derina su auk\u0161tos kokyb\u0117s meistri\u0161kumu ir funkcionaliomis savyb\u0117mis. \u201eFava\u201c modelyje yra du \u0161oniniai atsidarantys patalyn\u0117s skyriai, kuriuose patogu ir diskreti\u0161kai laikyti antklodes, pagalves ir apklotus. Automatin\u0117 spyruoklin\u0117 atidarymo sistema u\u017etikrina lengv\u0105 ir lengv\u0105 prieig\u0105 prie \u010diu\u017einio vidaus net ir didel\u0117je lovoje.<\/p>","protected":false},"excerpt":{"rendered":"<p>Plotis: 204 cm<br \/>\nIlgis: 208 cm<br \/>\nAuk\u0161tis: 115 cm<br \/>\nMiegamasis plotas: 200 \u00d7 200 cm<br \/>\nMiegojimo auk\u0161tis: 58 cm<\/p>","protected":false},"featured_media":213410,"comment_status":"open","ping_status":"closed","template":"","meta":[],"product_brand":[],"product_cat":[505,9143,514,7271],"product_tag":[],"class_list":{"0":"post-213295","1":"product","2":"type-product","3":"status-publish","4":"has-post-thumbnail","6":"product_cat-bedroom-beds","7":"product_cat-beds-200x200","8":"product_cat-continental-beds","9":"product_cat-meble-gruszka","11":"first","12":"instock","13":"shipping-taxable","14":"purchasable","15":"product-type-variable","16":"wvs-archive-product-wrapper"},"_links":{"self":[{"href":"https:\/\/baldumarket.lt\/lt\/wp-json\/wp\/v2\/product\/213295","targetHints":{"allow":["GET"]}}],"collection":[{"href":"https:\/\/baldumarket.lt\/lt\/wp-json\/wp\/v2\/product"}],"about":[{"href":"https:\/\/baldumarket.lt\/lt\/wp-json\/wp\/v2\/types\/product"}],"replies":[{"embeddable":true,"href":"https:\/\/baldumarket.lt\/lt\/wp-json\/wp\/v2\/comments?post=213295"}],"wp:featuredmedia":[{"embeddable":true,"href":"https:\/\/baldumarket.lt\/lt\/wp-json\/wp\/v2\/media\/213410"}],"wp:attachment":[{"href":"https:\/\/baldumarket.lt\/lt\/wp-json\/wp\/v2\/media?parent=213295"}],"wp:term":[{"taxonomy":"product_brand","embeddable":true,"href":"https:\/\/baldumarket.lt\/lt\/wp-json\/wp\/v2\/product_brand?post=213295"},{"taxonomy":"product_cat","embeddable":true,"href":"https:\/\/baldumarket.lt\/lt\/wp-json\/wp\/v2\/product_cat?post=213295"},{"taxonomy":"product_tag","embeddable":true,"href":"https:\/\/baldumarket.lt\/lt\/wp-json\/wp\/v2\/product_tag?post=213295"}],"curies":[{"name":"wp","href":"https:\/\/api.w.org\/{rel}","templated":true}]}}