{"id":213270,"date":"2025-12-26T19:06:27","date_gmt":"2025-12-26T16:06:27","guid":{"rendered":"https:\/\/baldumarket.lt\/?post_type=product&#038;p=213270"},"modified":"2026-02-03T23:15:19","modified_gmt":"2026-02-03T20:15:19","slug":"lozko-kontynentalne-figaro-140x200-tapicerowane-materac-topper-pojemnik","status":"publish","type":"product","link":"https:\/\/baldumarket.lt\/lt\/product\/lozko-kontynentalne-figaro-140x200-tapicerowane-materac-topper-pojemnik\/","title":{"rendered":"Figaro kontinentin\u0117 lova 140\u00d7200, apmu\u0161ta, \u010diu\u017einys, \u010diu\u017einuko u\u017etiesalas, konteineris"},"content":{"rendered":"<p>\u201eFigaro\u201c 140 \u00d7 200 cm kontinentin\u0117 lova \u2013 puikus sprendimas ie\u0161kantiems patogios, mink\u0161tos lovos su prakti\u0161komis savyb\u0117mis. D\u0117l kompakti\u0161k\u0173 matmen\u0173 ji puikiai tinka vidutinio dyd\u017eio miegamiesiems, u\u017etikrindama kasdien\u012f komfort\u0105 ir estetin\u012f patrauklum\u0105.<\/p>","protected":false},"excerpt":{"rendered":"<p>Plotis: 144 cm<br \/>\nIlgis: 208 cm<br \/>\nAuk\u0161tis: 115 cm<br \/>\nMiegamasis plotas: 140 \u00d7 200 cm<br \/>\nMiegojimo auk\u0161tis: 61 cm<\/p>","protected":false},"featured_media":213394,"comment_status":"open","ping_status":"closed","template":"","meta":[],"product_brand":[],"product_cat":[505,1970,514,7271],"product_tag":[],"class_list":{"0":"post-213270","1":"product","2":"type-product","3":"status-publish","4":"has-post-thumbnail","6":"product_cat-bedroom-beds","7":"product_cat-beds-140x200","8":"product_cat-continental-beds","9":"product_cat-meble-gruszka","11":"first","12":"instock","13":"shipping-taxable","14":"purchasable","15":"product-type-variable","16":"wvs-archive-product-wrapper"},"_links":{"self":[{"href":"https:\/\/baldumarket.lt\/lt\/wp-json\/wp\/v2\/product\/213270","targetHints":{"allow":["GET"]}}],"collection":[{"href":"https:\/\/baldumarket.lt\/lt\/wp-json\/wp\/v2\/product"}],"about":[{"href":"https:\/\/baldumarket.lt\/lt\/wp-json\/wp\/v2\/types\/product"}],"replies":[{"embeddable":true,"href":"https:\/\/baldumarket.lt\/lt\/wp-json\/wp\/v2\/comments?post=213270"}],"wp:featuredmedia":[{"embeddable":true,"href":"https:\/\/baldumarket.lt\/lt\/wp-json\/wp\/v2\/media\/213394"}],"wp:attachment":[{"href":"https:\/\/baldumarket.lt\/lt\/wp-json\/wp\/v2\/media?parent=213270"}],"wp:term":[{"taxonomy":"product_brand","embeddable":true,"href":"https:\/\/baldumarket.lt\/lt\/wp-json\/wp\/v2\/product_brand?post=213270"},{"taxonomy":"product_cat","embeddable":true,"href":"https:\/\/baldumarket.lt\/lt\/wp-json\/wp\/v2\/product_cat?post=213270"},{"taxonomy":"product_tag","embeddable":true,"href":"https:\/\/baldumarket.lt\/lt\/wp-json\/wp\/v2\/product_tag?post=213270"}],"curies":[{"name":"wp","href":"https:\/\/api.w.org\/{rel}","templated":true}]}}