{"id":213234,"date":"2025-12-26T19:05:05","date_gmt":"2025-12-26T16:05:05","guid":{"rendered":"https:\/\/baldumarket.lt\/?post_type=product&#038;p=213234"},"modified":"2026-02-03T23:15:20","modified_gmt":"2026-02-03T20:15:20","slug":"lozko-kontynentalne-folk-120x200-tapicerowane-materac-topper","status":"publish","type":"product","link":"https:\/\/baldumarket.lt\/lt\/product\/lozko-kontynentalne-folk-120x200-tapicerowane-materac-topper\/","title":{"rendered":"Folk kontinentin\u0117 lova 120\u00d7200, apmu\u0161ta, su \u010diu\u017einiu, vir\u0161utiniu sluoksniu"},"content":{"rendered":"<p>Jei ie\u0161kote kompakti\u0161kos, bet patogios lovos vienam miegamajam arba jaunimo kambariui, \u201eGruszka Meble\u201c \u201eFolk\u201c 120 \u00d7 200 cm modelis yra puikus pasirinkimas. \u0160i kontinentin\u0117 lova apjungia auk\u0161tos kokyb\u0117s meistri\u0161kum\u0105, komfort\u0105 ir subtil\u0173, modern\u0173 vaizd\u0105.<\/p>","protected":false},"excerpt":{"rendered":"<p>Plotis: 130 cm<br \/>\nIlgis: 209 cm<br \/>\nAuk\u0161tis: 103 cm<br \/>\nMiegamasis plotas: 120 \u00d7 200 cm<br \/>\nMiegojimo auk\u0161tis: 52 cm<\/p>","protected":false},"featured_media":213361,"comment_status":"open","ping_status":"closed","template":"","meta":[],"product_brand":[],"product_cat":[505,1969,514,7271],"product_tag":[],"class_list":{"0":"post-213234","1":"product","2":"type-product","3":"status-publish","4":"has-post-thumbnail","6":"product_cat-bedroom-beds","7":"product_cat-beds-120x200","8":"product_cat-continental-beds","9":"product_cat-meble-gruszka","11":"first","12":"instock","13":"shipping-taxable","14":"purchasable","15":"product-type-variable","16":"wvs-archive-product-wrapper"},"_links":{"self":[{"href":"https:\/\/baldumarket.lt\/lt\/wp-json\/wp\/v2\/product\/213234","targetHints":{"allow":["GET"]}}],"collection":[{"href":"https:\/\/baldumarket.lt\/lt\/wp-json\/wp\/v2\/product"}],"about":[{"href":"https:\/\/baldumarket.lt\/lt\/wp-json\/wp\/v2\/types\/product"}],"replies":[{"embeddable":true,"href":"https:\/\/baldumarket.lt\/lt\/wp-json\/wp\/v2\/comments?post=213234"}],"wp:featuredmedia":[{"embeddable":true,"href":"https:\/\/baldumarket.lt\/lt\/wp-json\/wp\/v2\/media\/213361"}],"wp:attachment":[{"href":"https:\/\/baldumarket.lt\/lt\/wp-json\/wp\/v2\/media?parent=213234"}],"wp:term":[{"taxonomy":"product_brand","embeddable":true,"href":"https:\/\/baldumarket.lt\/lt\/wp-json\/wp\/v2\/product_brand?post=213234"},{"taxonomy":"product_cat","embeddable":true,"href":"https:\/\/baldumarket.lt\/lt\/wp-json\/wp\/v2\/product_cat?post=213234"},{"taxonomy":"product_tag","embeddable":true,"href":"https:\/\/baldumarket.lt\/lt\/wp-json\/wp\/v2\/product_tag?post=213234"}],"curies":[{"name":"wp","href":"https:\/\/api.w.org\/{rel}","templated":true}]}}