{"id":213232,"date":"2025-12-26T19:05:03","date_gmt":"2025-12-26T16:05:03","guid":{"rendered":"https:\/\/baldumarket.lt\/?post_type=product&#038;p=213232"},"modified":"2026-02-03T23:15:20","modified_gmt":"2026-02-03T20:15:20","slug":"lozko-kontynentalne-folk-140x200-tapicerowane-materac-topper","status":"publish","type":"product","link":"https:\/\/baldumarket.lt\/lt\/product\/lozko-kontynentalne-folk-140x200-tapicerowane-materac-topper\/","title":{"rendered":"Folk kontinentin\u0117 lova 140\u00d7200, apmu\u0161ta, su \u010diu\u017einiu, vir\u0161utiniu sluoksniu"},"content":{"rendered":"<p>Ie\u0161kote eleganti\u0161kos, patogios lovos savo miegamajam, kuri \u017eav\u0117t\u0173 savo paprasta forma ir kokybi\u0161ku meistri\u0161kumu? \u201eGruszka Meble\u201c \u201eFolk\u201c 140 \u00d7 200 cm modelis yra puikus pasirinkimas tiems, kurie vertina patog\u0173 mieg\u0105, nesenstant\u012f dizain\u0105 ir kruop\u0161\u010diai pagamintas detales.<\/p>","protected":false},"excerpt":{"rendered":"<p>Plotis: 150 cm<br \/>\nIlgis: 209 cm<br \/>\nAuk\u0161tis: 103 cm<br \/>\nMiegamasis plotas: 140 \u00d7 200 cm<br \/>\nMiegamosios dalies auk\u0161tis: 52 cm<\/p>","protected":false},"featured_media":213351,"comment_status":"open","ping_status":"closed","template":"","meta":[],"product_brand":[],"product_cat":[505,1970,514,7271],"product_tag":[],"class_list":{"0":"post-213232","1":"product","2":"type-product","3":"status-publish","4":"has-post-thumbnail","6":"product_cat-bedroom-beds","7":"product_cat-beds-140x200","8":"product_cat-continental-beds","9":"product_cat-meble-gruszka","11":"first","12":"instock","13":"shipping-taxable","14":"purchasable","15":"product-type-variable","16":"wvs-archive-product-wrapper"},"_links":{"self":[{"href":"https:\/\/baldumarket.lt\/lt\/wp-json\/wp\/v2\/product\/213232","targetHints":{"allow":["GET"]}}],"collection":[{"href":"https:\/\/baldumarket.lt\/lt\/wp-json\/wp\/v2\/product"}],"about":[{"href":"https:\/\/baldumarket.lt\/lt\/wp-json\/wp\/v2\/types\/product"}],"replies":[{"embeddable":true,"href":"https:\/\/baldumarket.lt\/lt\/wp-json\/wp\/v2\/comments?post=213232"}],"wp:featuredmedia":[{"embeddable":true,"href":"https:\/\/baldumarket.lt\/lt\/wp-json\/wp\/v2\/media\/213351"}],"wp:attachment":[{"href":"https:\/\/baldumarket.lt\/lt\/wp-json\/wp\/v2\/media?parent=213232"}],"wp:term":[{"taxonomy":"product_brand","embeddable":true,"href":"https:\/\/baldumarket.lt\/lt\/wp-json\/wp\/v2\/product_brand?post=213232"},{"taxonomy":"product_cat","embeddable":true,"href":"https:\/\/baldumarket.lt\/lt\/wp-json\/wp\/v2\/product_cat?post=213232"},{"taxonomy":"product_tag","embeddable":true,"href":"https:\/\/baldumarket.lt\/lt\/wp-json\/wp\/v2\/product_tag?post=213232"}],"curies":[{"name":"wp","href":"https:\/\/api.w.org\/{rel}","templated":true}]}}