{"id":213216,"date":"2025-12-26T19:04:28","date_gmt":"2025-12-26T16:04:28","guid":{"rendered":"https:\/\/baldumarket.lt\/?post_type=product&#038;p=213216"},"modified":"2026-02-03T23:15:20","modified_gmt":"2026-02-03T20:15:20","slug":"lozko-kontynentalne-folk-160x200-tapicerowane-materac-topper","status":"publish","type":"product","link":"https:\/\/baldumarket.lt\/lt\/product\/lozko-kontynentalne-folk-160x200-tapicerowane-materac-topper\/","title":{"rendered":"Folk kontinentin\u0117 lova 160&#215;200, apmu\u0161ta, su \u010diu\u017einiu, vir\u0161utiniu sluoksniu"},"content":{"rendered":"<p>Jei svajojate apie eleganti\u0161k\u0105, funkcionali\u0105 lov\u0105 savo miegamajam, kuri u\u017etikrins patog\u0173 mieg\u0105 ir gra\u017eiai papildys j\u016bs\u0173 interjero dizain\u0105, atraskite garsaus \u201eGruszka Meble\u201c prek\u0117s \u017eenklo \u201eFolk\u201c 160 \u00d7 200 cm model\u012f. \u0160i klasikin\u0117 kontinentin\u0117 lova su moderniais akcentais skirta poroms ir individualiems asmenims, vertinantiems erdv\u0119, komfort\u0105 ir nesenstant\u012f stili\u0173.<\/p>","protected":false},"excerpt":{"rendered":"<p>Plotis: 170 cm<br \/>\nIlgis: 209 cm<br \/>\nAuk\u0161tis: 103 cm<br \/>\nMiegamoji erdv\u0117: 160 \u00d7 200 cm<br \/>\nMiegamosios dalies auk\u0161tis: 52 cm<\/p>","protected":false},"featured_media":213344,"comment_status":"open","ping_status":"closed","template":"","meta":[],"product_brand":[],"product_cat":[505,1971,514,7271],"product_tag":[],"class_list":{"0":"post-213216","1":"product","2":"type-product","3":"status-publish","4":"has-post-thumbnail","6":"product_cat-bedroom-beds","7":"product_cat-beds-160x200","8":"product_cat-continental-beds","9":"product_cat-meble-gruszka","11":"first","12":"instock","13":"shipping-taxable","14":"purchasable","15":"product-type-variable","16":"wvs-archive-product-wrapper"},"_links":{"self":[{"href":"https:\/\/baldumarket.lt\/lt\/wp-json\/wp\/v2\/product\/213216","targetHints":{"allow":["GET"]}}],"collection":[{"href":"https:\/\/baldumarket.lt\/lt\/wp-json\/wp\/v2\/product"}],"about":[{"href":"https:\/\/baldumarket.lt\/lt\/wp-json\/wp\/v2\/types\/product"}],"replies":[{"embeddable":true,"href":"https:\/\/baldumarket.lt\/lt\/wp-json\/wp\/v2\/comments?post=213216"}],"wp:featuredmedia":[{"embeddable":true,"href":"https:\/\/baldumarket.lt\/lt\/wp-json\/wp\/v2\/media\/213344"}],"wp:attachment":[{"href":"https:\/\/baldumarket.lt\/lt\/wp-json\/wp\/v2\/media?parent=213216"}],"wp:term":[{"taxonomy":"product_brand","embeddable":true,"href":"https:\/\/baldumarket.lt\/lt\/wp-json\/wp\/v2\/product_brand?post=213216"},{"taxonomy":"product_cat","embeddable":true,"href":"https:\/\/baldumarket.lt\/lt\/wp-json\/wp\/v2\/product_cat?post=213216"},{"taxonomy":"product_tag","embeddable":true,"href":"https:\/\/baldumarket.lt\/lt\/wp-json\/wp\/v2\/product_tag?post=213216"}],"curies":[{"name":"wp","href":"https:\/\/api.w.org\/{rel}","templated":true}]}}