{"id":213214,"date":"2025-12-26T19:04:26","date_gmt":"2025-12-26T16:04:26","guid":{"rendered":"https:\/\/baldumarket.lt\/?post_type=product&#038;p=213214"},"modified":"2026-02-03T23:15:20","modified_gmt":"2026-02-03T20:15:20","slug":"lozko-kontynentalne-folk-180x200-tapicerowane-materac-topper","status":"publish","type":"product","link":"https:\/\/baldumarket.lt\/lt\/product\/lozko-kontynentalne-folk-180x200-tapicerowane-materac-topper\/","title":{"rendered":"Folk kontinentin\u0117 lova 180&#215;200, apmu\u0161ta, su \u010diu\u017einiu, vir\u0161utiniu sluoksniu"},"content":{"rendered":"<p>180\u00d7200 cm dyd\u017eio \u201eGruszka Meble\u201c \u201eFolk\u201c lova \u2013 puikus pasirinkimas ie\u0161kantiems erdvios, stilingos ir patogios miegojimo vietos. \u0160is modelis buvo sukurtas dideliems miegamiesiems, kur svarbus ir patogumas, ir dizainas. Apmu\u0161tas pavir\u0161ius, dekoratyvus galv\u016bgalis ir auk\u0161tos kokyb\u0117s komponentai paver\u010dia \u201eFolk\u201c lov\u0105 ne tik baldu, bet ir eleganti\u0161ku interjero dizaino elementu.<\/p>","protected":false},"excerpt":{"rendered":"<p>Plotis: 190 cm<br \/>\nIlgis: 209 cm<br \/>\nAuk\u0161tis: 103 cm<br \/>\nMiegamoji erdv\u0117: 180 \u00d7 200 cm<br \/>\nMiegamosios dalies auk\u0161tis: 52 cm<\/p>","protected":false},"featured_media":213334,"comment_status":"open","ping_status":"closed","template":"","meta":[],"product_brand":[],"product_cat":[505,1972,514,7271],"product_tag":[],"class_list":{"0":"post-213214","1":"product","2":"type-product","3":"status-publish","4":"has-post-thumbnail","6":"product_cat-bedroom-beds","7":"product_cat-beds-180x200","8":"product_cat-continental-beds","9":"product_cat-meble-gruszka","11":"first","12":"instock","13":"shipping-taxable","14":"purchasable","15":"product-type-variable","16":"wvs-archive-product-wrapper"},"_links":{"self":[{"href":"https:\/\/baldumarket.lt\/lt\/wp-json\/wp\/v2\/product\/213214","targetHints":{"allow":["GET"]}}],"collection":[{"href":"https:\/\/baldumarket.lt\/lt\/wp-json\/wp\/v2\/product"}],"about":[{"href":"https:\/\/baldumarket.lt\/lt\/wp-json\/wp\/v2\/types\/product"}],"replies":[{"embeddable":true,"href":"https:\/\/baldumarket.lt\/lt\/wp-json\/wp\/v2\/comments?post=213214"}],"wp:featuredmedia":[{"embeddable":true,"href":"https:\/\/baldumarket.lt\/lt\/wp-json\/wp\/v2\/media\/213334"}],"wp:attachment":[{"href":"https:\/\/baldumarket.lt\/lt\/wp-json\/wp\/v2\/media?parent=213214"}],"wp:term":[{"taxonomy":"product_brand","embeddable":true,"href":"https:\/\/baldumarket.lt\/lt\/wp-json\/wp\/v2\/product_brand?post=213214"},{"taxonomy":"product_cat","embeddable":true,"href":"https:\/\/baldumarket.lt\/lt\/wp-json\/wp\/v2\/product_cat?post=213214"},{"taxonomy":"product_tag","embeddable":true,"href":"https:\/\/baldumarket.lt\/lt\/wp-json\/wp\/v2\/product_tag?post=213214"}],"curies":[{"name":"wp","href":"https:\/\/api.w.org\/{rel}","templated":true}]}}