{"id":213196,"date":"2025-12-26T19:03:41","date_gmt":"2025-12-26T16:03:41","guid":{"rendered":"https:\/\/baldumarket.lt\/?post_type=product&#038;p=213196"},"modified":"2026-02-03T23:15:20","modified_gmt":"2026-02-03T20:15:20","slug":"lozko-kontynentalne-galaxy-120x200-tapicerowane-materac-topper-pojemnik","status":"publish","type":"product","link":"https:\/\/baldumarket.lt\/lt\/product\/lozko-kontynentalne-galaxy-120x200-tapicerowane-materac-topper-pojemnik\/","title":{"rendered":"\u201eGalaxy\u201c kontinentin\u0117 lova 120\u00d7200, apmu\u0161ta, \u010diu\u017einys, \u010diu\u017einuko u\u017etiesalas, konteineris"},"content":{"rendered":"<p>Mink\u0161ta \u201eGalaxy\u201c kontinentin\u0117 lova, kurios miegamojo plotas yra 120 \u00d7 200 cm, pasi\u017eymi simetri\u0161kai padalintu galv\u016bgaliu su i\u0161skirtin\u0117mis geometrin\u0117mis si\u016bl\u0117mis. \u0160is komplektas skirtas ma\u017eam miegamajam arba paauglio kambariui. Jame yra du erdv\u016bs patalyn\u0117s skyriai, kuri\u0173 \u0161onin\u0119 atidarymo dal\u012f palaiko spyruoklin\u0117s pavaros. Vir\u0161utin\u0117je lovos dalyje yra septyni\u0173 zon\u0173 ki\u0161enini\u0173 spyruokli\u0173 \u010diu\u017einys ir 5 cm storio putplas\u010dio \u010diu\u017einys su nuimamu u\u017evalkalu. Lova pristatoma i\u0161ardyta ir gali b\u016bti su \u012fvairiais audiniais. Apmu\u0161al\u0173 audini\u0173 pavyzd\u012f galite rasti \u201eProduct Creator\u201c svetain\u0117je.<\/p>","protected":false},"excerpt":{"rendered":"<p>Plotis: 120 cm<br \/>\nIlgis: 213 cm<br \/>\nAuk\u0161tis: 120 cm<br \/>\nMiegamasis plotas: 120 \u00d7 200 cm<br \/>\nMiegamosios dalies auk\u0161tis: 64 cm<\/p>","protected":false},"featured_media":213316,"comment_status":"open","ping_status":"closed","template":"","meta":[],"product_brand":[],"product_cat":[505,1969,514,7271],"product_tag":[],"class_list":{"0":"post-213196","1":"product","2":"type-product","3":"status-publish","4":"has-post-thumbnail","6":"product_cat-bedroom-beds","7":"product_cat-beds-120x200","8":"product_cat-continental-beds","9":"product_cat-meble-gruszka","11":"first","12":"instock","13":"shipping-taxable","14":"purchasable","15":"product-type-variable","16":"wvs-archive-product-wrapper"},"_links":{"self":[{"href":"https:\/\/baldumarket.lt\/lt\/wp-json\/wp\/v2\/product\/213196","targetHints":{"allow":["GET"]}}],"collection":[{"href":"https:\/\/baldumarket.lt\/lt\/wp-json\/wp\/v2\/product"}],"about":[{"href":"https:\/\/baldumarket.lt\/lt\/wp-json\/wp\/v2\/types\/product"}],"replies":[{"embeddable":true,"href":"https:\/\/baldumarket.lt\/lt\/wp-json\/wp\/v2\/comments?post=213196"}],"wp:featuredmedia":[{"embeddable":true,"href":"https:\/\/baldumarket.lt\/lt\/wp-json\/wp\/v2\/media\/213316"}],"wp:attachment":[{"href":"https:\/\/baldumarket.lt\/lt\/wp-json\/wp\/v2\/media?parent=213196"}],"wp:term":[{"taxonomy":"product_brand","embeddable":true,"href":"https:\/\/baldumarket.lt\/lt\/wp-json\/wp\/v2\/product_brand?post=213196"},{"taxonomy":"product_cat","embeddable":true,"href":"https:\/\/baldumarket.lt\/lt\/wp-json\/wp\/v2\/product_cat?post=213196"},{"taxonomy":"product_tag","embeddable":true,"href":"https:\/\/baldumarket.lt\/lt\/wp-json\/wp\/v2\/product_tag?post=213196"}],"curies":[{"name":"wp","href":"https:\/\/api.w.org\/{rel}","templated":true}]}}