{"id":213178,"date":"2025-12-26T19:03:02","date_gmt":"2025-12-26T16:03:02","guid":{"rendered":"https:\/\/baldumarket.lt\/?post_type=product&#038;p=213178"},"modified":"2026-02-03T23:15:20","modified_gmt":"2026-02-03T20:15:20","slug":"lozko-kontynentalne-galaxy-160x200-tapicerowane-materac-topper-pojemnik","status":"publish","type":"product","link":"https:\/\/baldumarket.lt\/lt\/product\/lozko-kontynentalne-galaxy-160x200-tapicerowane-materac-topper-pojemnik\/","title":{"rendered":"\u201eGalaxy\u201c kontinentin\u0117 lova 160&#215;200, apmu\u0161ta, \u010diu\u017einys, \u010diu\u017einuko u\u017etiesalas, konteineris"},"content":{"rendered":"<p>\u201eGalaxy\u201c kontinentin\u0117 lova su simetri\u0161kai padalintu galv\u016bgaliu yra minimalistin\u0117, ta\u010diau puikiai tinkanti mink\u0161ta lova \u0161iuolaikiniam miegamajam. Mink\u0161tas galv\u016bgalis ne tik puo\u0161ia lov\u0105, bet ir suteikia ger\u0105 nugaros atram\u0105 skaitant ar \u017ei\u016brint m\u0117gstamus serialus. Pagaminta i\u0161 auk\u0161tos kokyb\u0117s med\u017eiag\u0173, lovoje yra du patalyn\u0117s skyriai, kiekvienas atidaromas spyruokliniais mechanizmais. \u0160ie skyriai pakelia ant vir\u0161aus esant\u012f padalint\u0105 spyruoklin\u012f \u010diu\u017ein\u012f. Ant vir\u0161aus u\u017ededamas 5 cm storio putplas\u010dio ant\u010diu\u017einis. Lova pagaminta pagal u\u017esakym\u0105 pagal plat\u0173 audini\u0173 pavyzd\u012f, kur\u012f galima rasti \u201eProduct Creator\u201c svetain\u0117je.<\/p>","protected":false},"excerpt":{"rendered":"<p>Plotis: 160 cm<br \/>\nIlgis: 213 cm<br \/>\nAuk\u0161tis: 120 cm<br \/>\nMiegamoji erdv\u0117: 160 \u00d7 200 cm<br \/>\nMiegamosios dalies auk\u0161tis: 64 cm<\/p>","protected":false},"featured_media":213298,"comment_status":"open","ping_status":"closed","template":"","meta":[],"product_brand":[],"product_cat":[505,1971,514,7271],"product_tag":[],"class_list":{"0":"post-213178","1":"product","2":"type-product","3":"status-publish","4":"has-post-thumbnail","6":"product_cat-bedroom-beds","7":"product_cat-beds-160x200","8":"product_cat-continental-beds","9":"product_cat-meble-gruszka","11":"first","12":"instock","13":"shipping-taxable","14":"purchasable","15":"product-type-variable","16":"wvs-archive-product-wrapper"},"_links":{"self":[{"href":"https:\/\/baldumarket.lt\/lt\/wp-json\/wp\/v2\/product\/213178","targetHints":{"allow":["GET"]}}],"collection":[{"href":"https:\/\/baldumarket.lt\/lt\/wp-json\/wp\/v2\/product"}],"about":[{"href":"https:\/\/baldumarket.lt\/lt\/wp-json\/wp\/v2\/types\/product"}],"replies":[{"embeddable":true,"href":"https:\/\/baldumarket.lt\/lt\/wp-json\/wp\/v2\/comments?post=213178"}],"wp:featuredmedia":[{"embeddable":true,"href":"https:\/\/baldumarket.lt\/lt\/wp-json\/wp\/v2\/media\/213298"}],"wp:attachment":[{"href":"https:\/\/baldumarket.lt\/lt\/wp-json\/wp\/v2\/media?parent=213178"}],"wp:term":[{"taxonomy":"product_brand","embeddable":true,"href":"https:\/\/baldumarket.lt\/lt\/wp-json\/wp\/v2\/product_brand?post=213178"},{"taxonomy":"product_cat","embeddable":true,"href":"https:\/\/baldumarket.lt\/lt\/wp-json\/wp\/v2\/product_cat?post=213178"},{"taxonomy":"product_tag","embeddable":true,"href":"https:\/\/baldumarket.lt\/lt\/wp-json\/wp\/v2\/product_tag?post=213178"}],"curies":[{"name":"wp","href":"https:\/\/api.w.org\/{rel}","templated":true}]}}