{"id":213162,"date":"2025-12-26T19:02:25","date_gmt":"2025-12-26T16:02:25","guid":{"rendered":"https:\/\/baldumarket.lt\/?post_type=product&#038;p=213162"},"modified":"2026-02-03T23:15:21","modified_gmt":"2026-02-03T20:15:21","slug":"lozko-kontynentalne-galaxy-180x200-tapicerowane-materac-topper-pojemnik","status":"publish","type":"product","link":"https:\/\/baldumarket.lt\/lt\/product\/lozko-kontynentalne-galaxy-180x200-tapicerowane-materac-topper-pojemnik\/","title":{"rendered":"\u201eGalaxy\u201c kontinentin\u0117 lova 180&#215;200, apmu\u0161ta, \u010diu\u017einys, \u010diu\u017einuko u\u017etiesalas, konteineris"},"content":{"rendered":"<p>Didel\u0117 ir erdvi \u201eGalaxy\u201c kontinentin\u0117 lova, kurios miegamojo plotas yra 180 x 200 cm, puikiai tinka tiems, kurie nori daugiau erdv\u0117s savo miegamajame. \u0160i moderni mink\u0161ta lova pasi\u017eymi geometri\u0161kai dygsniuotu galv\u016bgaliu, kuris, be dekoratyvin\u0117s funkcijos, taip pat gali suteikti puiki\u0105 nugaros atram\u0105. Lovoje yra du dideli patalyn\u0117s skyriai, kurie atsidaro \u012f \u0161onus automatini\u0173 spyruokli\u0173 mechanizm\u0173 pagalba. Septyni\u0173 zon\u0173 ki\u0161enini\u0173 spyruokli\u0173 \u010diu\u017einys su putplas\u010dio u\u017etiesalu vir\u0161uje u\u017etikrina patog\u0173 ir ram\u0173 mieg\u0105. Lova si\u016bloma su pla\u010diu apmu\u0161al\u0173 audini\u0173 asortimentu, kur\u012f galite rasti \u201eProduct Creator\u201c svetain\u0117je. Baldams reikia minimalaus surinkimo.<\/p>","protected":false},"excerpt":{"rendered":"<p>Plotis: 180 cm<br \/>\nIlgis: 213 cm<br \/>\nAuk\u0161tis: 120 cm<br \/>\nMiegamoji erdv\u0117: 180 \u00d7 200 cm<br \/>\nMiegamosios dalies auk\u0161tis: 64 cm<\/p>","protected":false},"featured_media":213287,"comment_status":"open","ping_status":"closed","template":"","meta":[],"product_brand":[],"product_cat":[505,1972,514,7271],"product_tag":[],"class_list":{"0":"post-213162","1":"product","2":"type-product","3":"status-publish","4":"has-post-thumbnail","6":"product_cat-bedroom-beds","7":"product_cat-beds-180x200","8":"product_cat-continental-beds","9":"product_cat-meble-gruszka","11":"first","12":"instock","13":"shipping-taxable","14":"purchasable","15":"product-type-variable","16":"wvs-archive-product-wrapper"},"_links":{"self":[{"href":"https:\/\/baldumarket.lt\/lt\/wp-json\/wp\/v2\/product\/213162","targetHints":{"allow":["GET"]}}],"collection":[{"href":"https:\/\/baldumarket.lt\/lt\/wp-json\/wp\/v2\/product"}],"about":[{"href":"https:\/\/baldumarket.lt\/lt\/wp-json\/wp\/v2\/types\/product"}],"replies":[{"embeddable":true,"href":"https:\/\/baldumarket.lt\/lt\/wp-json\/wp\/v2\/comments?post=213162"}],"wp:featuredmedia":[{"embeddable":true,"href":"https:\/\/baldumarket.lt\/lt\/wp-json\/wp\/v2\/media\/213287"}],"wp:attachment":[{"href":"https:\/\/baldumarket.lt\/lt\/wp-json\/wp\/v2\/media?parent=213162"}],"wp:term":[{"taxonomy":"product_brand","embeddable":true,"href":"https:\/\/baldumarket.lt\/lt\/wp-json\/wp\/v2\/product_brand?post=213162"},{"taxonomy":"product_cat","embeddable":true,"href":"https:\/\/baldumarket.lt\/lt\/wp-json\/wp\/v2\/product_cat?post=213162"},{"taxonomy":"product_tag","embeddable":true,"href":"https:\/\/baldumarket.lt\/lt\/wp-json\/wp\/v2\/product_tag?post=213162"}],"curies":[{"name":"wp","href":"https:\/\/api.w.org\/{rel}","templated":true}]}}