{"id":213153,"date":"2025-12-26T19:01:56","date_gmt":"2025-12-26T16:01:56","guid":{"rendered":"https:\/\/baldumarket.lt\/?post_type=product&#038;p=213153"},"modified":"2026-02-03T23:15:21","modified_gmt":"2026-02-03T20:15:21","slug":"lozko-kontynentalne-galaxy-200x200-tapicerowane-materac-topper-pojemnik","status":"publish","type":"product","link":"https:\/\/baldumarket.lt\/lt\/product\/lozko-kontynentalne-galaxy-200x200-tapicerowane-materac-topper-pojemnik\/","title":{"rendered":"\u201eGalaxy\u201c kontinentin\u0117 lova 200\u00d7200, apmu\u0161ta, \u010diu\u017einys, \u010diu\u017einuko u\u017etiesalas, konteineris"},"content":{"rendered":"<p>\u201eGalaxy\u201c kontinentin\u0117 lova su 200 \u00d7 200 cm \u010diu\u017einiu si\u016blo didesn\u012f nei \u012fprasta miegojimo plot\u0105 tiems, kuriems miegamajame reikia daug daugiau erdv\u0117s. \u0160i patogi mink\u0161ta lova pasi\u017eymi geometri\u0161kai dygsniuotu galv\u016bgaliu, kuris pabr\u0117\u017eia jos charakter\u012f. D\u0117l sant\u016braus dizaino ji puikiai dera prie beveik bet kokio interjero stiliaus. Apatin\u0117je lovos dalyje yra du erdv\u016bs patalyn\u0117s skyriai, kuriuose taip pat telpa kiti spintose laikomi daiktai. Ki\u0161enini\u0173 spyruokli\u0173 \u010diu\u017einys ir putplas\u010dio ant\u010diu\u017einis su nuimamu u\u017evalkalu u\u017etikrina patog\u0173 poils\u012f. Komplekt\u0105 galima \u012fsigyti i\u0161 plataus audini\u0173 asortimento, kur\u012f galite rasti \u201eProduct Creator\u201c svetain\u0117je. Baldai pristatomi su minimaliu surinkimu.<\/p>","protected":false},"excerpt":{"rendered":"<p>Plotis: 200 cm<br \/>\nIlgis: 213 cm<br \/>\nAuk\u0161tis: 120 cm<br \/>\nMiegamasis plotas: 200 \u00d7 200 cm<br \/>\nMiegojimo auk\u0161tis: 64 cm<\/p>","protected":false},"featured_media":213280,"comment_status":"open","ping_status":"closed","template":"","meta":[],"product_brand":[],"product_cat":[505,9143,514,7271],"product_tag":[],"class_list":{"0":"post-213153","1":"product","2":"type-product","3":"status-publish","4":"has-post-thumbnail","6":"product_cat-bedroom-beds","7":"product_cat-beds-200x200","8":"product_cat-continental-beds","9":"product_cat-meble-gruszka","11":"first","12":"instock","13":"shipping-taxable","14":"purchasable","15":"product-type-variable","16":"wvs-archive-product-wrapper"},"_links":{"self":[{"href":"https:\/\/baldumarket.lt\/lt\/wp-json\/wp\/v2\/product\/213153","targetHints":{"allow":["GET"]}}],"collection":[{"href":"https:\/\/baldumarket.lt\/lt\/wp-json\/wp\/v2\/product"}],"about":[{"href":"https:\/\/baldumarket.lt\/lt\/wp-json\/wp\/v2\/types\/product"}],"replies":[{"embeddable":true,"href":"https:\/\/baldumarket.lt\/lt\/wp-json\/wp\/v2\/comments?post=213153"}],"wp:featuredmedia":[{"embeddable":true,"href":"https:\/\/baldumarket.lt\/lt\/wp-json\/wp\/v2\/media\/213280"}],"wp:attachment":[{"href":"https:\/\/baldumarket.lt\/lt\/wp-json\/wp\/v2\/media?parent=213153"}],"wp:term":[{"taxonomy":"product_brand","embeddable":true,"href":"https:\/\/baldumarket.lt\/lt\/wp-json\/wp\/v2\/product_brand?post=213153"},{"taxonomy":"product_cat","embeddable":true,"href":"https:\/\/baldumarket.lt\/lt\/wp-json\/wp\/v2\/product_cat?post=213153"},{"taxonomy":"product_tag","embeddable":true,"href":"https:\/\/baldumarket.lt\/lt\/wp-json\/wp\/v2\/product_tag?post=213153"}],"curies":[{"name":"wp","href":"https:\/\/api.w.org\/{rel}","templated":true}]}}