{"id":213086,"date":"2025-12-26T18:59:28","date_gmt":"2025-12-26T15:59:28","guid":{"rendered":"https:\/\/baldumarket.lt\/?post_type=product&#038;p=213086"},"modified":"2026-02-03T23:15:23","modified_gmt":"2026-02-03T20:15:23","slug":"lozko-kontynentalne-grand-160x200-tapicerowane-materac-topper-pojemnik","status":"publish","type":"product","link":"https:\/\/baldumarket.lt\/lt\/product\/lozko-kontynentalne-grand-160x200-tapicerowane-materac-topper-pojemnik\/","title":{"rendered":"Grand kontinentin\u0117 lova 160\u00d7200, apmu\u0161ta, \u010diu\u017einys, \u010diu\u017einuko u\u017etiesalas, konteineris"},"content":{"rendered":"<p>\u201eGrand\u201c kontinentin\u0117 lova, kurios miegamojo plotas yra 160 \u00d7 200 cm, patraukia d\u0117mes\u012f savo sant\u016bria, universalia forma. Modernus, minimalistinis galv\u016bgalis pasi\u017eymi geometriniu padalinimu. Jis ne tik yra dekoratyvinis elementas, bet ir suteikia puiki\u0105 nugaros atram\u0105 vakare \u017ei\u016brint televizori\u0173 ar skaitant knyg\u0105. \u0160i apmu\u0161ta lova turi septyni\u0173 zon\u0173 ki\u0161enini\u0173 spyruokli\u0173 \u010diu\u017ein\u012f ir 5 cm storio putplas\u010dio \u010diu\u017ein\u012f su nuimamu u\u017evalkalu. Tai tiesiogiai u\u017etikrina patog\u0173 poils\u012f nakt\u012f ir dien\u0105. Apatin\u0117je dalyje yra du patalyn\u0117s skyriai, kurie atsidaro \u012f \u0161onus spyruoklin\u0117mis pavaromis. \u0160is funkcionalus baldas si\u016blomas su pla\u010diu apmu\u0161al\u0173 audini\u0173 asortimentu, kuris \u012ftrauktas \u012f gaminio vedl\u012f. J\u012f reikia minimalaus surinkimo.<\/p>","protected":false},"excerpt":{"rendered":"<p>Plotis: 160 cm<br \/>\nIlgis: 213 cm<br \/>\nAuk\u0161tis: 120 cm<br \/>\nMiegamoji erdv\u0117: 160 \u00d7 200 cm<br \/>\nMiegamosios dalies auk\u0161tis: 64 cm<\/p>","protected":false},"featured_media":213206,"comment_status":"open","ping_status":"closed","template":"","meta":[],"product_brand":[],"product_cat":[505,1971,514,7271],"product_tag":[],"class_list":{"0":"post-213086","1":"product","2":"type-product","3":"status-publish","4":"has-post-thumbnail","6":"product_cat-bedroom-beds","7":"product_cat-beds-160x200","8":"product_cat-continental-beds","9":"product_cat-meble-gruszka","11":"first","12":"instock","13":"shipping-taxable","14":"purchasable","15":"product-type-variable","16":"wvs-archive-product-wrapper"},"_links":{"self":[{"href":"https:\/\/baldumarket.lt\/lt\/wp-json\/wp\/v2\/product\/213086","targetHints":{"allow":["GET"]}}],"collection":[{"href":"https:\/\/baldumarket.lt\/lt\/wp-json\/wp\/v2\/product"}],"about":[{"href":"https:\/\/baldumarket.lt\/lt\/wp-json\/wp\/v2\/types\/product"}],"replies":[{"embeddable":true,"href":"https:\/\/baldumarket.lt\/lt\/wp-json\/wp\/v2\/comments?post=213086"}],"wp:featuredmedia":[{"embeddable":true,"href":"https:\/\/baldumarket.lt\/lt\/wp-json\/wp\/v2\/media\/213206"}],"wp:attachment":[{"href":"https:\/\/baldumarket.lt\/lt\/wp-json\/wp\/v2\/media?parent=213086"}],"wp:term":[{"taxonomy":"product_brand","embeddable":true,"href":"https:\/\/baldumarket.lt\/lt\/wp-json\/wp\/v2\/product_brand?post=213086"},{"taxonomy":"product_cat","embeddable":true,"href":"https:\/\/baldumarket.lt\/lt\/wp-json\/wp\/v2\/product_cat?post=213086"},{"taxonomy":"product_tag","embeddable":true,"href":"https:\/\/baldumarket.lt\/lt\/wp-json\/wp\/v2\/product_tag?post=213086"}],"curies":[{"name":"wp","href":"https:\/\/api.w.org\/{rel}","templated":true}]}}