{"id":213084,"date":"2025-12-26T18:59:26","date_gmt":"2025-12-26T15:59:26","guid":{"rendered":"https:\/\/baldumarket.lt\/?post_type=product&#038;p=213084"},"modified":"2026-02-03T23:15:23","modified_gmt":"2026-02-03T20:15:23","slug":"lozko-kontynentalne-grand-180x200-tapicerowane-materac-topper-pojemnik","status":"publish","type":"product","link":"https:\/\/baldumarket.lt\/lt\/product\/lozko-kontynentalne-grand-180x200-tapicerowane-materac-topper-pojemnik\/","title":{"rendered":"Grand kontinentin\u0117 lova 180\u00d7200, apmu\u0161ta, \u010diu\u017einys, \u010diu\u017einuko u\u017etiesalas, konteineris"},"content":{"rendered":"<p>\u201eGrand\u201c kontinentin\u0117 lova su 180 \u00d7 200 cm \u010diu\u017einiu si\u016blo erdvi\u0105 ir patogi\u0105 erdv\u0119 poilsiui tiek nakt\u012f, tiek dien\u0105. Jos saikingai modernus dizainas i\u0161siskiria apmu\u0161tu, minimalistiniu galv\u016bgaliu. \u0160i apmu\u0161ta lova turi ki\u0161enini\u0173 spyruokli\u0173 \u010diu\u017ein\u012f ir putplas\u010dio \u010diu\u017ein\u012f su nuimamu u\u017evalkalu, u\u017etikrinant\u012f sveik\u0105 ir saug\u0173 mieg\u0105. Lovos apa\u010dioje esantys patalyn\u0117s skyriai \u017eymiai padidina jos funkcionalum\u0105. \u0160onin\u012f atidarym\u0105 palengvina automatiniai spyruokliniai mechanizmai. Lova si\u016bloma su \u012fvairiais apmu\u0161al\u0173 audiniais, kurie i\u0161vardyti gamini\u0173 vedlyje. Baldai pristatomi paruo\u0161ti surinkimui, tod\u0117l juos surinkti tereikia.<\/p>","protected":false},"excerpt":{"rendered":"<p>Plotis: 180 cm<br \/>\nIlgis: 213 cm<br \/>\nAuk\u0161tis: 120 cm<br \/>\nMiegamoji erdv\u0117: 180 \u00d7 200 cm<br \/>\nMiegamosios dalies auk\u0161tis: 64 cm<\/p>","protected":false},"featured_media":213199,"comment_status":"open","ping_status":"closed","template":"","meta":[],"product_brand":[],"product_cat":[505,1972,514,7271],"product_tag":[],"class_list":{"0":"post-213084","1":"product","2":"type-product","3":"status-publish","4":"has-post-thumbnail","6":"product_cat-bedroom-beds","7":"product_cat-beds-180x200","8":"product_cat-continental-beds","9":"product_cat-meble-gruszka","11":"first","12":"instock","13":"shipping-taxable","14":"purchasable","15":"product-type-variable","16":"wvs-archive-product-wrapper"},"_links":{"self":[{"href":"https:\/\/baldumarket.lt\/lt\/wp-json\/wp\/v2\/product\/213084","targetHints":{"allow":["GET"]}}],"collection":[{"href":"https:\/\/baldumarket.lt\/lt\/wp-json\/wp\/v2\/product"}],"about":[{"href":"https:\/\/baldumarket.lt\/lt\/wp-json\/wp\/v2\/types\/product"}],"replies":[{"embeddable":true,"href":"https:\/\/baldumarket.lt\/lt\/wp-json\/wp\/v2\/comments?post=213084"}],"wp:featuredmedia":[{"embeddable":true,"href":"https:\/\/baldumarket.lt\/lt\/wp-json\/wp\/v2\/media\/213199"}],"wp:attachment":[{"href":"https:\/\/baldumarket.lt\/lt\/wp-json\/wp\/v2\/media?parent=213084"}],"wp:term":[{"taxonomy":"product_brand","embeddable":true,"href":"https:\/\/baldumarket.lt\/lt\/wp-json\/wp\/v2\/product_brand?post=213084"},{"taxonomy":"product_cat","embeddable":true,"href":"https:\/\/baldumarket.lt\/lt\/wp-json\/wp\/v2\/product_cat?post=213084"},{"taxonomy":"product_tag","embeddable":true,"href":"https:\/\/baldumarket.lt\/lt\/wp-json\/wp\/v2\/product_tag?post=213084"}],"curies":[{"name":"wp","href":"https:\/\/api.w.org\/{rel}","templated":true}]}}