{"id":213068,"date":"2025-12-26T18:58:52","date_gmt":"2025-12-26T15:58:52","guid":{"rendered":"https:\/\/baldumarket.lt\/?post_type=product&#038;p=213068"},"modified":"2026-02-03T23:15:23","modified_gmt":"2026-02-03T20:15:23","slug":"lozko-kontynentalne-grand-200x200-tapicerowane-materac-topper-pojemnik","status":"publish","type":"product","link":"https:\/\/baldumarket.lt\/lt\/product\/lozko-kontynentalne-grand-200x200-tapicerowane-materac-topper-pojemnik\/","title":{"rendered":"Grand kontinentin\u0117 lova 200\u00d7200, apmu\u0161ta, \u010diu\u017einys, \u010diu\u017einuko u\u017etiesalas, konteineris"},"content":{"rendered":"<p>\u201eGrand\u201c kontinentin\u0117 lova i\u0161siskiria \u0161variu, minimalistiniu dizainu. Lovos galv\u016bgalis padalintas \u012f keturias simetri\u0161kas dalis, kurias jungia mink\u0161tas r\u0117mas. \u0160is baldas puikiai papildys modernius miegamuosius, nes pasi\u017eymi sant\u016briu dizainu. Lova apa\u010dioje turi du patalyn\u0117s skyrius, kurie atsidaro automatiniais spyruokliniais mechanizmais. \u0160ie skyriai pakelia ant j\u0173 gulint\u012f padalint\u0105 spyruoklin\u012f \u010diu\u017ein\u012f. Ant vir\u0161aus u\u017ededamas 5 cm storio putplas\u010dio \u010diu\u017einys. Lova pagaminta pagal u\u017esakym\u0105 pagal plat\u0173 audinio pavyzd\u012f, kur\u012f galima rasti \u201eProduct Creator\u201c svetain\u0117je.<\/p>","protected":false},"excerpt":{"rendered":"<p>Plotis: 200 cm<br \/>\nIlgis: 213 cm<br \/>\nAuk\u0161tis: 120 cm<br \/>\nMiegamasis plotas: 200 \u00d7 200 cm<br \/>\nMiegojimo auk\u0161tis: 64 cm<\/p>","protected":false},"featured_media":213188,"comment_status":"open","ping_status":"closed","template":"","meta":[],"product_brand":[],"product_cat":[505,9143,514,7271],"product_tag":[],"class_list":{"0":"post-213068","1":"product","2":"type-product","3":"status-publish","4":"has-post-thumbnail","6":"product_cat-bedroom-beds","7":"product_cat-beds-200x200","8":"product_cat-continental-beds","9":"product_cat-meble-gruszka","11":"first","12":"instock","13":"shipping-taxable","14":"purchasable","15":"product-type-variable","16":"wvs-archive-product-wrapper"},"_links":{"self":[{"href":"https:\/\/baldumarket.lt\/lt\/wp-json\/wp\/v2\/product\/213068","targetHints":{"allow":["GET"]}}],"collection":[{"href":"https:\/\/baldumarket.lt\/lt\/wp-json\/wp\/v2\/product"}],"about":[{"href":"https:\/\/baldumarket.lt\/lt\/wp-json\/wp\/v2\/types\/product"}],"replies":[{"embeddable":true,"href":"https:\/\/baldumarket.lt\/lt\/wp-json\/wp\/v2\/comments?post=213068"}],"wp:featuredmedia":[{"embeddable":true,"href":"https:\/\/baldumarket.lt\/lt\/wp-json\/wp\/v2\/media\/213188"}],"wp:attachment":[{"href":"https:\/\/baldumarket.lt\/lt\/wp-json\/wp\/v2\/media?parent=213068"}],"wp:term":[{"taxonomy":"product_brand","embeddable":true,"href":"https:\/\/baldumarket.lt\/lt\/wp-json\/wp\/v2\/product_brand?post=213068"},{"taxonomy":"product_cat","embeddable":true,"href":"https:\/\/baldumarket.lt\/lt\/wp-json\/wp\/v2\/product_cat?post=213068"},{"taxonomy":"product_tag","embeddable":true,"href":"https:\/\/baldumarket.lt\/lt\/wp-json\/wp\/v2\/product_tag?post=213068"}],"curies":[{"name":"wp","href":"https:\/\/api.w.org\/{rel}","templated":true}]}}