{"id":213066,"date":"2025-12-26T18:58:50","date_gmt":"2025-12-26T15:58:50","guid":{"rendered":"https:\/\/baldumarket.lt\/?post_type=product&#038;p=213066"},"modified":"2026-02-03T23:15:23","modified_gmt":"2026-02-03T20:15:23","slug":"lozko-kontynentalne-guliette-120x200-tapicerowane-materace-topper-pojemnik","status":"publish","type":"product","link":"https:\/\/baldumarket.lt\/lt\/product\/lozko-kontynentalne-guliette-120x200-tapicerowane-materace-topper-pojemnik\/","title":{"rendered":"Guliet\u0117 kontinentin\u0117 lova 120\u00d7200, apmu\u0161ta, \u010diu\u017einiai, \u010diu\u017einys su u\u017etiesalu, konteineris"},"content":{"rendered":"<p>\u201eGuliette\u201c kontinentin\u0117 lova \u2013 puikus sprendimas tiems, kurie vertina patog\u0173 mieg\u0105, modern\u0173 dizain\u0105 ir prakti\u0161k\u0105 miegamojo i\u0161d\u0117stym\u0105. \u0160is modelis derina prabangi\u0105 i\u0161vaizd\u0105 su auk\u0161\u010diausia meistri\u0161kumo kokybe ir funkcionalumu, pritaikytu \u0161iuolaikini\u0173 vartotoj\u0173 poreikiams.<\/p>","protected":false},"excerpt":{"rendered":"<p>Plotis: 124 cm<br \/>\nIlgis: 208 cm<br \/>\nAuk\u0161tis: 115 cm<br \/>\nMiegamasis plotas: 120 \u00d7 200 cm<br \/>\nMiegamosios dalies auk\u0161tis: 61 cm<\/p>","protected":false},"featured_media":213181,"comment_status":"open","ping_status":"closed","template":"","meta":[],"product_brand":[],"product_cat":[505,1969,514,7271],"product_tag":[],"class_list":{"0":"post-213066","1":"product","2":"type-product","3":"status-publish","4":"has-post-thumbnail","6":"product_cat-bedroom-beds","7":"product_cat-beds-120x200","8":"product_cat-continental-beds","9":"product_cat-meble-gruszka","11":"first","12":"instock","13":"shipping-taxable","14":"purchasable","15":"product-type-variable","16":"wvs-archive-product-wrapper"},"_links":{"self":[{"href":"https:\/\/baldumarket.lt\/lt\/wp-json\/wp\/v2\/product\/213066","targetHints":{"allow":["GET"]}}],"collection":[{"href":"https:\/\/baldumarket.lt\/lt\/wp-json\/wp\/v2\/product"}],"about":[{"href":"https:\/\/baldumarket.lt\/lt\/wp-json\/wp\/v2\/types\/product"}],"replies":[{"embeddable":true,"href":"https:\/\/baldumarket.lt\/lt\/wp-json\/wp\/v2\/comments?post=213066"}],"wp:featuredmedia":[{"embeddable":true,"href":"https:\/\/baldumarket.lt\/lt\/wp-json\/wp\/v2\/media\/213181"}],"wp:attachment":[{"href":"https:\/\/baldumarket.lt\/lt\/wp-json\/wp\/v2\/media?parent=213066"}],"wp:term":[{"taxonomy":"product_brand","embeddable":true,"href":"https:\/\/baldumarket.lt\/lt\/wp-json\/wp\/v2\/product_brand?post=213066"},{"taxonomy":"product_cat","embeddable":true,"href":"https:\/\/baldumarket.lt\/lt\/wp-json\/wp\/v2\/product_cat?post=213066"},{"taxonomy":"product_tag","embeddable":true,"href":"https:\/\/baldumarket.lt\/lt\/wp-json\/wp\/v2\/product_tag?post=213066"}],"curies":[{"name":"wp","href":"https:\/\/api.w.org\/{rel}","templated":true}]}}