{"id":213031,"date":"2025-12-26T18:57:35","date_gmt":"2025-12-26T15:57:35","guid":{"rendered":"https:\/\/baldumarket.lt\/?post_type=product&#038;p=213031"},"modified":"2026-02-03T23:15:24","modified_gmt":"2026-02-03T20:15:24","slug":"lozko-kontynentalne-guliette-200x200-tapicerowane-materace-topper-pojemnik","status":"publish","type":"product","link":"https:\/\/baldumarket.lt\/lt\/product\/lozko-kontynentalne-guliette-200x200-tapicerowane-materace-topper-pojemnik\/","title":{"rendered":"Guliet\u0117 kontinentin\u0117 lova 200\u00d7200, apmu\u0161ta, \u010diu\u017einiai, \u010diu\u017einys su u\u017etiesalu, konteineris"},"content":{"rendered":"<p>\u201eGuliette\u201c 200 \u00d7 200 cm kontinentin\u0117 lova \u2013 puikus pasirinkimas tiems, kurie vertina erdv\u0173 ir patog\u0173 mieg\u0105. Jos 200 \u00d7 200 cm dydis suteikia komforto net ir reikliausiems vartotojams, kartu suteikdamas miegamajam elegancijos ir modernaus dizaino. \u201eGuliette\u201c modelis apjungia patvarum\u0105, funkcionalum\u0105 ir estetik\u0105.<\/p>","protected":false},"excerpt":{"rendered":"<p>Plotis: 204 cm<br \/>\nIlgis: 208 cm<br \/>\nAuk\u0161tis: 115 cm<br \/>\nMiegamasis plotas: 200 \u00d7 200 cm<br \/>\nMiegojimo auk\u0161tis: 61 cm<\/p>","protected":false},"featured_media":213143,"comment_status":"open","ping_status":"closed","template":"","meta":[],"product_brand":[],"product_cat":[505,9143,514,7271],"product_tag":[],"class_list":{"0":"post-213031","1":"product","2":"type-product","3":"status-publish","4":"has-post-thumbnail","6":"product_cat-bedroom-beds","7":"product_cat-beds-200x200","8":"product_cat-continental-beds","9":"product_cat-meble-gruszka","11":"first","12":"instock","13":"shipping-taxable","14":"purchasable","15":"product-type-variable","16":"wvs-archive-product-wrapper"},"_links":{"self":[{"href":"https:\/\/baldumarket.lt\/lt\/wp-json\/wp\/v2\/product\/213031","targetHints":{"allow":["GET"]}}],"collection":[{"href":"https:\/\/baldumarket.lt\/lt\/wp-json\/wp\/v2\/product"}],"about":[{"href":"https:\/\/baldumarket.lt\/lt\/wp-json\/wp\/v2\/types\/product"}],"replies":[{"embeddable":true,"href":"https:\/\/baldumarket.lt\/lt\/wp-json\/wp\/v2\/comments?post=213031"}],"wp:featuredmedia":[{"embeddable":true,"href":"https:\/\/baldumarket.lt\/lt\/wp-json\/wp\/v2\/media\/213143"}],"wp:attachment":[{"href":"https:\/\/baldumarket.lt\/lt\/wp-json\/wp\/v2\/media?parent=213031"}],"wp:term":[{"taxonomy":"product_brand","embeddable":true,"href":"https:\/\/baldumarket.lt\/lt\/wp-json\/wp\/v2\/product_brand?post=213031"},{"taxonomy":"product_cat","embeddable":true,"href":"https:\/\/baldumarket.lt\/lt\/wp-json\/wp\/v2\/product_cat?post=213031"},{"taxonomy":"product_tag","embeddable":true,"href":"https:\/\/baldumarket.lt\/lt\/wp-json\/wp\/v2\/product_tag?post=213031"}],"curies":[{"name":"wp","href":"https:\/\/api.w.org\/{rel}","templated":true}]}}