{"id":213015,"date":"2025-12-26T18:57:02","date_gmt":"2025-12-26T15:57:02","guid":{"rendered":"https:\/\/baldumarket.lt\/?post_type=product&#038;p=213015"},"modified":"2026-02-03T23:15:24","modified_gmt":"2026-02-03T20:15:24","slug":"lozko-kontynentalne-gusto-120x200-tapicerowane-materac-topper-pojemnik","status":"publish","type":"product","link":"https:\/\/baldumarket.lt\/lt\/product\/lozko-kontynentalne-gusto-120x200-tapicerowane-materac-topper-pojemnik\/","title":{"rendered":"Gusto kontinentin\u0117 lova 120\u00d7200, apmu\u0161ta, \u010diu\u017einys, \u010diu\u017einuko u\u017etiesalas, konteineris"},"content":{"rendered":"<p>Jei ie\u0161kote klasikin\u0117s ir patogios lovos, kurios miegamasis plotas yra gana kompakti\u0161kas, turime jums fantasti\u0161k\u0105 pasi\u016blym\u0105: \u201eGusto\u201c lov\u0105, kurios miegamojo plotas yra 120 \u00d7 200 cm. Gra\u017eiai stilizuotas galv\u016bgalis pabr\u0117\u017eia jo klasikin\u012f charakter\u012f su didel\u0117mis sag\u0173 si\u016bl\u0117mis. \u0160is baldas puikiai papildys klasikin\u012f, ma\u017e\u0105 miegam\u0105j\u012f ar paauglio kambar\u012f. \u0160i apmu\u0161ta lova su septyni\u0173 zon\u0173 ki\u0161enini\u0173 spyruokli\u0173 \u010diu\u017einiu ir putplas\u010dio \u010diu\u017einiu suteikia labai patogi\u0105 viet\u0105 poilsiui tiek nakt\u012f, tiek dien\u0105. Apatin\u0117je lovos dalyje yra du erdv\u016bs patalyn\u0117s skyriai, kurie atsidaro \u012f \u0161onus automatiniais spyruokliniais mechanizmais. Kontinentin\u0117 lova tiekiama minimaliai surinkta versija ir yra si\u016bloma su pla\u010diu audini\u0173 asortimentu. Apmu\u0161al\u0173 pavyzd\u017ei\u0173 galite rasti \u201eProduct Creator\u201c svetain\u0117je.<\/p>","protected":false},"excerpt":{"rendered":"<p>Plotis: 137 cm<br \/>\nIlgis: 208 cm<br \/>\n\u016agis: 124 cm<br \/>\nMiegamasis plotas: 120 \u00d7 200 cm<br \/>\nMiegojimo auk\u0161tis: 59 cm<\/p>","protected":false},"featured_media":213137,"comment_status":"open","ping_status":"closed","template":"","meta":[],"product_brand":[],"product_cat":[505,1969,514,7271],"product_tag":[],"class_list":{"0":"post-213015","1":"product","2":"type-product","3":"status-publish","4":"has-post-thumbnail","6":"product_cat-bedroom-beds","7":"product_cat-beds-120x200","8":"product_cat-continental-beds","9":"product_cat-meble-gruszka","11":"first","12":"instock","13":"shipping-taxable","14":"purchasable","15":"product-type-variable","16":"wvs-archive-product-wrapper"},"_links":{"self":[{"href":"https:\/\/baldumarket.lt\/lt\/wp-json\/wp\/v2\/product\/213015","targetHints":{"allow":["GET"]}}],"collection":[{"href":"https:\/\/baldumarket.lt\/lt\/wp-json\/wp\/v2\/product"}],"about":[{"href":"https:\/\/baldumarket.lt\/lt\/wp-json\/wp\/v2\/types\/product"}],"replies":[{"embeddable":true,"href":"https:\/\/baldumarket.lt\/lt\/wp-json\/wp\/v2\/comments?post=213015"}],"wp:featuredmedia":[{"embeddable":true,"href":"https:\/\/baldumarket.lt\/lt\/wp-json\/wp\/v2\/media\/213137"}],"wp:attachment":[{"href":"https:\/\/baldumarket.lt\/lt\/wp-json\/wp\/v2\/media?parent=213015"}],"wp:term":[{"taxonomy":"product_brand","embeddable":true,"href":"https:\/\/baldumarket.lt\/lt\/wp-json\/wp\/v2\/product_brand?post=213015"},{"taxonomy":"product_cat","embeddable":true,"href":"https:\/\/baldumarket.lt\/lt\/wp-json\/wp\/v2\/product_cat?post=213015"},{"taxonomy":"product_tag","embeddable":true,"href":"https:\/\/baldumarket.lt\/lt\/wp-json\/wp\/v2\/product_tag?post=213015"}],"curies":[{"name":"wp","href":"https:\/\/api.w.org\/{rel}","templated":true}]}}