{"id":213006,"date":"2025-12-26T18:56:37","date_gmt":"2025-12-26T15:56:37","guid":{"rendered":"https:\/\/baldumarket.lt\/?post_type=product&#038;p=213006"},"modified":"2026-02-03T23:15:24","modified_gmt":"2026-02-03T20:15:24","slug":"lozko-kontynentalne-gusto-140x200-tapicerowane-materac-topper-pojemnik","status":"publish","type":"product","link":"https:\/\/baldumarket.lt\/lt\/product\/lozko-kontynentalne-gusto-140x200-tapicerowane-materac-topper-pojemnik\/","title":{"rendered":"Gusto kontinentin\u0117 lova 140\u00d7200, apmu\u0161ta, \u010diu\u017einys, \u010diu\u017einuko u\u017etiesalas, konteineris"},"content":{"rendered":"<p>Gra\u017ei, klasikin\u0117 \u201eGusto\u201c kontinentin\u0117 lova su 140 \u00d7 200 cm miegojimo plotu d\u017eiugina mink\u0161tu galv\u016bgaliu, kur\u012f papildo sag\u0173 dygsniai. D\u0117l vidutinio dyd\u017eio \u0161is baldas idealiai tinka ma\u017eiems miegamiesiems ir jaunimo kambariams. Mink\u0161ta lova turi du prakti\u0161kus ir erdvius patalyn\u0117s skyrius apa\u010dioje. Juos atidaryti padeda automatiniai spyruokliniai mechanizmai, tod\u0117l tai padaryti lengva. Septyni\u0173 zon\u0173 ki\u0161enini\u0173 spyruokli\u0173 \u010diu\u017einys ir 5 cm storio putplas\u010dio vir\u0161utinis sluoksnis u\u017etikrina patog\u0173 poils\u012f. Visa lova remiasi \u012f stabilias, atlasines kojeles. Lova pagaminta i\u0161 plataus audini\u0173 pasirinkimo, kur\u012f galima rasti \u201eProduct Creator\u201c svetain\u0117je, ir reikalauja minimalaus surinkimo.<\/p>","protected":false},"excerpt":{"rendered":"<p>Plotis: 157 cm<br \/>\nIlgis: 208 cm<br \/>\n\u016agis: 124 cm<br \/>\nMiegamasis plotas: 140 \u00d7 200 cm<br \/>\nMiegamosios dalies auk\u0161tis: 59 cm<\/p>","protected":false},"featured_media":213127,"comment_status":"open","ping_status":"closed","template":"","meta":[],"product_brand":[],"product_cat":[505,1970,514,7271],"product_tag":[],"class_list":{"0":"post-213006","1":"product","2":"type-product","3":"status-publish","4":"has-post-thumbnail","6":"product_cat-bedroom-beds","7":"product_cat-beds-140x200","8":"product_cat-continental-beds","9":"product_cat-meble-gruszka","11":"first","12":"instock","13":"shipping-taxable","14":"purchasable","15":"product-type-variable","16":"wvs-archive-product-wrapper"},"_links":{"self":[{"href":"https:\/\/baldumarket.lt\/lt\/wp-json\/wp\/v2\/product\/213006","targetHints":{"allow":["GET"]}}],"collection":[{"href":"https:\/\/baldumarket.lt\/lt\/wp-json\/wp\/v2\/product"}],"about":[{"href":"https:\/\/baldumarket.lt\/lt\/wp-json\/wp\/v2\/types\/product"}],"replies":[{"embeddable":true,"href":"https:\/\/baldumarket.lt\/lt\/wp-json\/wp\/v2\/comments?post=213006"}],"wp:featuredmedia":[{"embeddable":true,"href":"https:\/\/baldumarket.lt\/lt\/wp-json\/wp\/v2\/media\/213127"}],"wp:attachment":[{"href":"https:\/\/baldumarket.lt\/lt\/wp-json\/wp\/v2\/media?parent=213006"}],"wp:term":[{"taxonomy":"product_brand","embeddable":true,"href":"https:\/\/baldumarket.lt\/lt\/wp-json\/wp\/v2\/product_brand?post=213006"},{"taxonomy":"product_cat","embeddable":true,"href":"https:\/\/baldumarket.lt\/lt\/wp-json\/wp\/v2\/product_cat?post=213006"},{"taxonomy":"product_tag","embeddable":true,"href":"https:\/\/baldumarket.lt\/lt\/wp-json\/wp\/v2\/product_tag?post=213006"}],"curies":[{"name":"wp","href":"https:\/\/api.w.org\/{rel}","templated":true}]}}