{"id":213004,"date":"2025-12-26T18:56:34","date_gmt":"2025-12-26T15:56:34","guid":{"rendered":"https:\/\/baldumarket.lt\/?post_type=product&#038;p=213004"},"modified":"2026-02-03T23:15:24","modified_gmt":"2026-02-03T20:15:24","slug":"lozko-kontynentalne-gusto-160x200-tapicerowane-materac-topper-pojemnik","status":"publish","type":"product","link":"https:\/\/baldumarket.lt\/lt\/product\/lozko-kontynentalne-gusto-160x200-tapicerowane-materac-topper-pojemnik\/","title":{"rendered":"Gusto kontinentin\u0117 lova 160\u00d7200, apmu\u0161ta, \u010diu\u017einys, \u010diu\u017einuko u\u017etiesalas, konteineris"},"content":{"rendered":"<p>\u201eGusto\u201c kontinentin\u0117 lova, kurios miegamojo plotas yra 160 \u00d7 200 cm, pasi\u017eymi klasikiniu galv\u016bgaliu, kuris, be dekoratyvaus patrauklumo, taip pat gali b\u016bti puiki atrama skaitant vakare ar \u017ei\u016brint m\u0117gstamus serialus. Harmoning\u0105 galv\u016bgalio linij\u0105 dar labiau pary\u0161kina sag\u0173 dygsniai. \u0160is baldas atspindi geriausius savo stiliaus kanonus. \u201eGusto\u201c lova bus gra\u017eiausias bet kurio klasikinio stiliaus miegamojo papildymas. Jo apa\u010dioje yra du patalyn\u0117s skyriai, atidaromi automatiniais spyruokliniais mechanizmais. Jie pakelia ant j\u0173 esant\u012f padalint\u0105 ki\u0161enini\u0173 spyruokli\u0173 \u010diu\u017ein\u012f. Ant vir\u0161aus u\u017ededamas ma\u017edaug 5 cm storio putplas\u010dio ant\u010diu\u017einis. Baldai pagaminti pagal u\u017esakym\u0105 pagal plat\u0173 audini\u0173 pavyzd\u012f, kur\u012f galima rasti \u201eProduct Creator\u201c.<\/p>","protected":false},"excerpt":{"rendered":"<p>Plotis: 177 cm<br \/>\nIlgis: 208 cm<br \/>\n\u016agis: 124 cm<br \/>\nMiegamoji erdv\u0117: 160 \u00d7 200 cm<br \/>\nMiegojimo auk\u0161tis: 59 cm<\/p>","protected":false},"featured_media":213121,"comment_status":"open","ping_status":"closed","template":"","meta":[],"product_brand":[],"product_cat":[505,1971,514,7271],"product_tag":[],"class_list":{"0":"post-213004","1":"product","2":"type-product","3":"status-publish","4":"has-post-thumbnail","6":"product_cat-bedroom-beds","7":"product_cat-beds-160x200","8":"product_cat-continental-beds","9":"product_cat-meble-gruszka","11":"first","12":"instock","13":"shipping-taxable","14":"purchasable","15":"product-type-variable","16":"wvs-archive-product-wrapper"},"_links":{"self":[{"href":"https:\/\/baldumarket.lt\/lt\/wp-json\/wp\/v2\/product\/213004","targetHints":{"allow":["GET"]}}],"collection":[{"href":"https:\/\/baldumarket.lt\/lt\/wp-json\/wp\/v2\/product"}],"about":[{"href":"https:\/\/baldumarket.lt\/lt\/wp-json\/wp\/v2\/types\/product"}],"replies":[{"embeddable":true,"href":"https:\/\/baldumarket.lt\/lt\/wp-json\/wp\/v2\/comments?post=213004"}],"wp:featuredmedia":[{"embeddable":true,"href":"https:\/\/baldumarket.lt\/lt\/wp-json\/wp\/v2\/media\/213121"}],"wp:attachment":[{"href":"https:\/\/baldumarket.lt\/lt\/wp-json\/wp\/v2\/media?parent=213004"}],"wp:term":[{"taxonomy":"product_brand","embeddable":true,"href":"https:\/\/baldumarket.lt\/lt\/wp-json\/wp\/v2\/product_brand?post=213004"},{"taxonomy":"product_cat","embeddable":true,"href":"https:\/\/baldumarket.lt\/lt\/wp-json\/wp\/v2\/product_cat?post=213004"},{"taxonomy":"product_tag","embeddable":true,"href":"https:\/\/baldumarket.lt\/lt\/wp-json\/wp\/v2\/product_tag?post=213004"}],"curies":[{"name":"wp","href":"https:\/\/api.w.org\/{rel}","templated":true}]}}