{"id":212988,"date":"2025-12-26T18:55:53","date_gmt":"2025-12-26T15:55:53","guid":{"rendered":"https:\/\/baldumarket.lt\/?post_type=product&#038;p=212988"},"modified":"2026-02-03T23:15:24","modified_gmt":"2026-02-03T20:15:24","slug":"lozko-kontynentalne-gusto-180x200-tapicerowane-materac-topper-pojemnik","status":"publish","type":"product","link":"https:\/\/baldumarket.lt\/lt\/product\/lozko-kontynentalne-gusto-180x200-tapicerowane-materac-topper-pojemnik\/","title":{"rendered":"Gusto kontinentin\u0117 lova 180\u00d7200, apmu\u0161ta, \u010diu\u017einys, \u010diu\u017einuko u\u017etiesalas, konteineris"},"content":{"rendered":"<p>Patrauklaus dizaino \u201eGusto\u201c kontinentin\u0117 lova su 180 \u00d7 200 cm \u010diu\u017einiu si\u016blo daugiau nei vidutini\u0161kai erdv\u0119 poilsiui tiek nakt\u012f, tiek dien\u0105. Klasikin\u0119 baldo form\u0105 pary\u0161kina gra\u017ei, stilizuota galv\u016bgalio linija, kuri papildomai papuo\u0161ta sag\u0173 dygsniais. Balde yra du dideli patalyn\u0117s skyriai, kurie atsidaro spyruokliniais mechanizmais. Apmu\u0161toje lovoje taip pat yra septyni\u0173 zon\u0173 ki\u0161enini\u0173 spyruokli\u0173 \u010diu\u017einys ir putplas\u010dio \u010diu\u017einys, u\u017etikrinantis auk\u0161t\u0105 komforto lyg\u012f. Klientai gali rinktis i\u0161 plataus apmu\u0161al\u0173 audini\u0173 pasirinkimo \u201eProduct Creator\u201c svetain\u0117je.<\/p>","protected":false},"excerpt":{"rendered":"<p>Plotis: 197 cm<br \/>\nIlgis: 208 cm<br \/>\n\u016agis: 124 cm<br \/>\nMiegamoji erdv\u0117: 180 \u00d7 200 cm<br \/>\nMiegojimo auk\u0161tis: 59 cm<\/p>","protected":false},"featured_media":213111,"comment_status":"open","ping_status":"closed","template":"","meta":[],"product_brand":[],"product_cat":[505,1972,514,7271],"product_tag":[],"class_list":{"0":"post-212988","1":"product","2":"type-product","3":"status-publish","4":"has-post-thumbnail","6":"product_cat-bedroom-beds","7":"product_cat-beds-180x200","8":"product_cat-continental-beds","9":"product_cat-meble-gruszka","11":"first","12":"instock","13":"shipping-taxable","14":"purchasable","15":"product-type-variable","16":"wvs-archive-product-wrapper"},"_links":{"self":[{"href":"https:\/\/baldumarket.lt\/lt\/wp-json\/wp\/v2\/product\/212988","targetHints":{"allow":["GET"]}}],"collection":[{"href":"https:\/\/baldumarket.lt\/lt\/wp-json\/wp\/v2\/product"}],"about":[{"href":"https:\/\/baldumarket.lt\/lt\/wp-json\/wp\/v2\/types\/product"}],"replies":[{"embeddable":true,"href":"https:\/\/baldumarket.lt\/lt\/wp-json\/wp\/v2\/comments?post=212988"}],"wp:featuredmedia":[{"embeddable":true,"href":"https:\/\/baldumarket.lt\/lt\/wp-json\/wp\/v2\/media\/213111"}],"wp:attachment":[{"href":"https:\/\/baldumarket.lt\/lt\/wp-json\/wp\/v2\/media?parent=212988"}],"wp:term":[{"taxonomy":"product_brand","embeddable":true,"href":"https:\/\/baldumarket.lt\/lt\/wp-json\/wp\/v2\/product_brand?post=212988"},{"taxonomy":"product_cat","embeddable":true,"href":"https:\/\/baldumarket.lt\/lt\/wp-json\/wp\/v2\/product_cat?post=212988"},{"taxonomy":"product_tag","embeddable":true,"href":"https:\/\/baldumarket.lt\/lt\/wp-json\/wp\/v2\/product_tag?post=212988"}],"curies":[{"name":"wp","href":"https:\/\/api.w.org\/{rel}","templated":true}]}}