{"id":212986,"date":"2025-12-26T18:55:50","date_gmt":"2025-12-26T15:55:50","guid":{"rendered":"https:\/\/baldumarket.lt\/?post_type=product&#038;p=212986"},"modified":"2026-02-03T23:15:24","modified_gmt":"2026-02-03T20:15:24","slug":"lozko-kontynentalne-gusto-200x200-tapicerowane-materac-topper-pojemnik","status":"publish","type":"product","link":"https:\/\/baldumarket.lt\/lt\/product\/lozko-kontynentalne-gusto-200x200-tapicerowane-materac-topper-pojemnik\/","title":{"rendered":"Gusto kontinentin\u0117 lova 200\u00d7200, apmu\u0161ta, \u010diu\u017einys, \u010diu\u017einuko u\u017etiesalas, konteineris"},"content":{"rendered":"<p>Klasikin\u0117 \u201eGusto\u201c kontinentin\u0117 lova, kurios miegamojo plotas yra 200 \u00d7 200 cm, yra i\u0161ties erdvi vieta poilsiui tiek nakt\u012f, tiek dien\u0105. Stilizuotas galv\u016bgalis papuo\u0161tas didel\u0117mis apmu\u0161al\u0173 sagomis, pabr\u0117\u017eian\u010diomis baldo charakter\u012f. \u0160i apmu\u0161ta lova turi du erdvius patalyn\u0117s skyrius, kuriuose taip pat galima susid\u0117ti daiktus, anks\u010diau laikytus spintose ir komodose. Prieig\u0105 prie skyri\u0173 palengvina automatiniai spyruokliniai mechanizmai, padedantys juos atidaryti. Septyni\u0173 zon\u0173 ki\u0161enini\u0173 spyruokli\u0173 \u010diu\u017einys ir 5 cm storio putplas\u010dio \u010diu\u017einys u\u017etikrina tinkam\u0105 miego komfort\u0105. Komplekt\u0105 galima \u012fsigyti su \u012fvairiais apmu\u0161al\u0173 audiniais, o pavyzd\u017ei\u0173 galite rasti \u201eProduct Creator\u201c svetain\u0117je.<\/p>","protected":false},"excerpt":{"rendered":"<p>Plotis: 217 cm<br \/>\nIlgis: 208 cm<br \/>\n\u016agis: 124 cm<br \/>\nMiegamasis plotas: 200 \u00d7 200 cm<br \/>\nMiegojimo auk\u0161tis: 59 cm<\/p>","protected":false},"featured_media":213105,"comment_status":"open","ping_status":"closed","template":"","meta":[],"product_brand":[],"product_cat":[505,9143,514,7271],"product_tag":[],"class_list":{"0":"post-212986","1":"product","2":"type-product","3":"status-publish","4":"has-post-thumbnail","6":"product_cat-bedroom-beds","7":"product_cat-beds-200x200","8":"product_cat-continental-beds","9":"product_cat-meble-gruszka","11":"first","12":"instock","13":"shipping-taxable","14":"purchasable","15":"product-type-variable","16":"wvs-archive-product-wrapper"},"_links":{"self":[{"href":"https:\/\/baldumarket.lt\/lt\/wp-json\/wp\/v2\/product\/212986","targetHints":{"allow":["GET"]}}],"collection":[{"href":"https:\/\/baldumarket.lt\/lt\/wp-json\/wp\/v2\/product"}],"about":[{"href":"https:\/\/baldumarket.lt\/lt\/wp-json\/wp\/v2\/types\/product"}],"replies":[{"embeddable":true,"href":"https:\/\/baldumarket.lt\/lt\/wp-json\/wp\/v2\/comments?post=212986"}],"wp:featuredmedia":[{"embeddable":true,"href":"https:\/\/baldumarket.lt\/lt\/wp-json\/wp\/v2\/media\/213105"}],"wp:attachment":[{"href":"https:\/\/baldumarket.lt\/lt\/wp-json\/wp\/v2\/media?parent=212986"}],"wp:term":[{"taxonomy":"product_brand","embeddable":true,"href":"https:\/\/baldumarket.lt\/lt\/wp-json\/wp\/v2\/product_brand?post=212986"},{"taxonomy":"product_cat","embeddable":true,"href":"https:\/\/baldumarket.lt\/lt\/wp-json\/wp\/v2\/product_cat?post=212986"},{"taxonomy":"product_tag","embeddable":true,"href":"https:\/\/baldumarket.lt\/lt\/wp-json\/wp\/v2\/product_tag?post=212986"}],"curies":[{"name":"wp","href":"https:\/\/api.w.org\/{rel}","templated":true}]}}