{"id":212950,"date":"2025-12-26T18:54:35","date_gmt":"2025-12-26T15:54:35","guid":{"rendered":"https:\/\/baldumarket.lt\/?post_type=product&#038;p=212950"},"modified":"2026-02-03T23:15:25","modified_gmt":"2026-02-03T20:15:25","slug":"lozko-kontynentalne-imbir-180x200-tapicerowane-materac-topper-pojemnik","status":"publish","type":"product","link":"https:\/\/baldumarket.lt\/lt\/product\/lozko-kontynentalne-imbir-180x200-tapicerowane-materac-topper-pojemnik\/","title":{"rendered":"Imbirin\u0117 kontinentin\u0117 lova 180\u00d7200, apmu\u0161ta, \u010diu\u017einys, \u010diu\u017einuko u\u017etiesalas, konteineris"},"content":{"rendered":"<p>Jei ie\u0161kote erdvios, patogios mink\u0161tos lovos savo miegamajam, lenk\u0173 gamintojo \u201eGruszka Meble\u201c 180\u00d7200 cm dyd\u017eio \u201eImbir\u201c modelis yra puikus pasirinkimas. Jis i\u0161siskiria modernaus dizaino, prakti\u0161k\u0173 sprendim\u0173 ir auk\u0161tos kokyb\u0117s gamybos deriniu.<\/p>","protected":false},"excerpt":{"rendered":"<p>Plotis: 184 cm<br \/>\nIlgis: 208 cm<br \/>\nAuk\u0161tis: 103 cm<br \/>\nMiegamoji erdv\u0117: 180 \u00d7 200 cm<br \/>\nMiegojimo auk\u0161tis: 52 cm<\/p>","protected":false},"featured_media":213069,"comment_status":"open","ping_status":"closed","template":"","meta":[],"product_brand":[],"product_cat":[505,1972,514,7271],"product_tag":[],"class_list":{"0":"post-212950","1":"product","2":"type-product","3":"status-publish","4":"has-post-thumbnail","6":"product_cat-bedroom-beds","7":"product_cat-beds-180x200","8":"product_cat-continental-beds","9":"product_cat-meble-gruszka","11":"first","12":"instock","13":"shipping-taxable","14":"purchasable","15":"product-type-variable","16":"wvs-archive-product-wrapper"},"_links":{"self":[{"href":"https:\/\/baldumarket.lt\/lt\/wp-json\/wp\/v2\/product\/212950","targetHints":{"allow":["GET"]}}],"collection":[{"href":"https:\/\/baldumarket.lt\/lt\/wp-json\/wp\/v2\/product"}],"about":[{"href":"https:\/\/baldumarket.lt\/lt\/wp-json\/wp\/v2\/types\/product"}],"replies":[{"embeddable":true,"href":"https:\/\/baldumarket.lt\/lt\/wp-json\/wp\/v2\/comments?post=212950"}],"wp:featuredmedia":[{"embeddable":true,"href":"https:\/\/baldumarket.lt\/lt\/wp-json\/wp\/v2\/media\/213069"}],"wp:attachment":[{"href":"https:\/\/baldumarket.lt\/lt\/wp-json\/wp\/v2\/media?parent=212950"}],"wp:term":[{"taxonomy":"product_brand","embeddable":true,"href":"https:\/\/baldumarket.lt\/lt\/wp-json\/wp\/v2\/product_brand?post=212950"},{"taxonomy":"product_cat","embeddable":true,"href":"https:\/\/baldumarket.lt\/lt\/wp-json\/wp\/v2\/product_cat?post=212950"},{"taxonomy":"product_tag","embeddable":true,"href":"https:\/\/baldumarket.lt\/lt\/wp-json\/wp\/v2\/product_tag?post=212950"}],"curies":[{"name":"wp","href":"https:\/\/api.w.org\/{rel}","templated":true}]}}