{"id":212925,"date":"2025-12-26T18:53:26","date_gmt":"2025-12-26T15:53:26","guid":{"rendered":"https:\/\/baldumarket.lt\/?post_type=product&#038;p=212925"},"modified":"2026-02-03T23:15:25","modified_gmt":"2026-02-03T20:15:25","slug":"lozko-kontynentalne-joker-120x200-tapicerowane-materac-topper-pojemnik","status":"publish","type":"product","link":"https:\/\/baldumarket.lt\/lt\/product\/lozko-kontynentalne-joker-120x200-tapicerowane-materac-topper-pojemnik\/","title":{"rendered":"Joker kontinentin\u0117 lova 120\u00d7200, mink\u0161ta, \u010diu\u017einys, \u010diu\u017einuko u\u017etiesalas, konteineris"},"content":{"rendered":"<p>Garsaus \u201eGruszka Meble\u201c prek\u0117s \u017eenklo kontinentin\u0117 lova \u201eJoker\u201c 120 \u00d7 200 cm apimtyje sujungia klas\u0119, modern\u0173 dizain\u0105 ir prakti\u0161k\u0105 komfort\u0105 kompakti\u0161kame formate. Sukurta tiems, kurie i\u0161 savo bald\u0173 tikisi daugiau nei vien miego, \u201eJoker\u201c yra eleganti\u0161kas miegamojo akcentas, patraukiantis d\u0117mes\u012f i\u0161 pirmo \u017evilgsnio. Nepaisant kompakti\u0161ko dyd\u017eio, \u201eJoker\u201c lova si\u016blo pilno dyd\u017eio miegojimo komfort\u0105 ir daugyb\u0119 i\u0161d\u0117stymo galimybi\u0173. Ji puikiai tinka erdv\u0117ms, kuriose svarbus kiekvienas erdv\u0117s centimetras \u2013 studijos tipo bute, jaunimo kambaryje, bute ar ma\u017eame miegamajame.<\/p>","protected":false},"excerpt":{"rendered":"<p>Plotis: 154 cm<br \/>\nIlgis: 212 cm<br \/>\nAuk\u0161tis: 120 cm<br \/>\nMiegamasis plotas: 120 \u00d7 200 cm<br \/>\nMiegamosios dalies auk\u0161tis: 59 cm<\/p>","protected":false},"featured_media":213051,"comment_status":"open","ping_status":"closed","template":"","meta":[],"product_brand":[],"product_cat":[505,1969,514,7271],"product_tag":[],"class_list":{"0":"post-212925","1":"product","2":"type-product","3":"status-publish","4":"has-post-thumbnail","6":"product_cat-bedroom-beds","7":"product_cat-beds-120x200","8":"product_cat-continental-beds","9":"product_cat-meble-gruszka","11":"first","12":"instock","13":"shipping-taxable","14":"purchasable","15":"product-type-variable","16":"wvs-archive-product-wrapper"},"_links":{"self":[{"href":"https:\/\/baldumarket.lt\/lt\/wp-json\/wp\/v2\/product\/212925","targetHints":{"allow":["GET"]}}],"collection":[{"href":"https:\/\/baldumarket.lt\/lt\/wp-json\/wp\/v2\/product"}],"about":[{"href":"https:\/\/baldumarket.lt\/lt\/wp-json\/wp\/v2\/types\/product"}],"replies":[{"embeddable":true,"href":"https:\/\/baldumarket.lt\/lt\/wp-json\/wp\/v2\/comments?post=212925"}],"wp:featuredmedia":[{"embeddable":true,"href":"https:\/\/baldumarket.lt\/lt\/wp-json\/wp\/v2\/media\/213051"}],"wp:attachment":[{"href":"https:\/\/baldumarket.lt\/lt\/wp-json\/wp\/v2\/media?parent=212925"}],"wp:term":[{"taxonomy":"product_brand","embeddable":true,"href":"https:\/\/baldumarket.lt\/lt\/wp-json\/wp\/v2\/product_brand?post=212925"},{"taxonomy":"product_cat","embeddable":true,"href":"https:\/\/baldumarket.lt\/lt\/wp-json\/wp\/v2\/product_cat?post=212925"},{"taxonomy":"product_tag","embeddable":true,"href":"https:\/\/baldumarket.lt\/lt\/wp-json\/wp\/v2\/product_tag?post=212925"}],"curies":[{"name":"wp","href":"https:\/\/api.w.org\/{rel}","templated":true}]}}