{"id":212898,"date":"2025-12-26T18:52:14","date_gmt":"2025-12-26T15:52:14","guid":{"rendered":"https:\/\/baldumarket.lt\/?post_type=product&#038;p=212898"},"modified":"2026-02-03T23:15:25","modified_gmt":"2026-02-03T20:15:25","slug":"lozko-kontynentalne-joker-180x200-tapicerowane-materac-topper-pojemnik","status":"publish","type":"product","link":"https:\/\/baldumarket.lt\/lt\/product\/lozko-kontynentalne-joker-180x200-tapicerowane-materac-topper-pojemnik\/","title":{"rendered":"Joker kontinentin\u0117 lova 180\u00d7200, mink\u0161ta, \u010diu\u017einys, \u010diu\u017einuko u\u017etiesalas, konteineris"},"content":{"rendered":"<p>\u201eGruszka Meble\u201c kontinentin\u0117 lova \u201eJoker\u201c 180\u00d7200 cm \u2013 puikus pasirinkimas tiems, kurie vertina erdv\u0119, komfort\u0105 ir eleganti\u0161k\u0105 dizain\u0105. \u0160is modelis idealiai tinka kaip patogi lova poroms, kurioms reikia didel\u0117s erdv\u0117s poilsiui ir stilingo, reprezentatyvaus miegamojo baldo. 180\u00d7200 cm matmen\u0173 \u201eJoker\u201c lova u\u017etikrina maksimal\u0173 miego komfort\u0105, tuo pa\u010diu i\u0161likdama subalansuot\u0173 proporcij\u0173 baldu, kuris dera prie modernaus interjero \u2013 tiek erdvaus, tiek tokio, kuriame stilius ir funkcionalumas turi der\u0117ti.<\/p>","protected":false},"excerpt":{"rendered":"<p>Plotis: 214 cm<br \/>\nIlgis: 212 cm<br \/>\nAuk\u0161tis: 120 cm<br \/>\nMiegamoji erdv\u0117: 180 \u00d7 200 cm<br \/>\nMiegojimo auk\u0161tis: 59 cm<\/p>","protected":false},"featured_media":213024,"comment_status":"open","ping_status":"closed","template":"","meta":[],"product_brand":[],"product_cat":[505,1972,514,7271],"product_tag":[],"class_list":{"0":"post-212898","1":"product","2":"type-product","3":"status-publish","4":"has-post-thumbnail","6":"product_cat-bedroom-beds","7":"product_cat-beds-180x200","8":"product_cat-continental-beds","9":"product_cat-meble-gruszka","11":"first","12":"instock","13":"shipping-taxable","14":"purchasable","15":"product-type-variable","16":"wvs-archive-product-wrapper"},"_links":{"self":[{"href":"https:\/\/baldumarket.lt\/lt\/wp-json\/wp\/v2\/product\/212898","targetHints":{"allow":["GET"]}}],"collection":[{"href":"https:\/\/baldumarket.lt\/lt\/wp-json\/wp\/v2\/product"}],"about":[{"href":"https:\/\/baldumarket.lt\/lt\/wp-json\/wp\/v2\/types\/product"}],"replies":[{"embeddable":true,"href":"https:\/\/baldumarket.lt\/lt\/wp-json\/wp\/v2\/comments?post=212898"}],"wp:featuredmedia":[{"embeddable":true,"href":"https:\/\/baldumarket.lt\/lt\/wp-json\/wp\/v2\/media\/213024"}],"wp:attachment":[{"href":"https:\/\/baldumarket.lt\/lt\/wp-json\/wp\/v2\/media?parent=212898"}],"wp:term":[{"taxonomy":"product_brand","embeddable":true,"href":"https:\/\/baldumarket.lt\/lt\/wp-json\/wp\/v2\/product_brand?post=212898"},{"taxonomy":"product_cat","embeddable":true,"href":"https:\/\/baldumarket.lt\/lt\/wp-json\/wp\/v2\/product_cat?post=212898"},{"taxonomy":"product_tag","embeddable":true,"href":"https:\/\/baldumarket.lt\/lt\/wp-json\/wp\/v2\/product_tag?post=212898"}],"curies":[{"name":"wp","href":"https:\/\/api.w.org\/{rel}","templated":true}]}}