{"id":212878,"date":"2025-12-26T18:51:28","date_gmt":"2025-12-26T15:51:28","guid":{"rendered":"https:\/\/baldumarket.lt\/?post_type=product&#038;p=212878"},"modified":"2026-02-03T23:15:26","modified_gmt":"2026-02-03T20:15:26","slug":"lozko-kontynentalne-kardamon-140x200-tapicerowane-materac-topper-pojemnik","status":"publish","type":"product","link":"https:\/\/baldumarket.lt\/lt\/product\/lozko-kontynentalne-kardamon-140x200-tapicerowane-materac-topper-pojemnik\/","title":{"rendered":"Kardamon kontinentin\u0117 lova 140\u00d7200, apmu\u0161ta, \u010diu\u017einys, \u010diu\u017einuko u\u017etiesalas, konteineris"},"content":{"rendered":"<p>\u201eKardamon\u201c 140 \u00d7 200 cm mink\u0161ta lova \u2013 puikus sprendimas ie\u0161kantiems patogi\u0173 ir prakti\u0161k\u0173 miegamojo bald\u0173. \u0160is modelis derina modern\u0173 dizain\u0105 su funkcionalumu, o du patalyn\u0117s skyriai su \u0161oniniu atidarymu suteikia papildomos vietos daiktams susid\u0117ti. D\u0117l kompakti\u0161ko 140 \u00d7 200 cm dyd\u017eio \u201eKardamon\u201c lova idealiai tinka ma\u017eesniems ir vidutinio dyd\u017eio miegamiesiems, u\u017etikrinant patog\u0173 mieg\u0105 ir sumaniai i\u0161naudojant erdv\u0119.<\/p>","protected":false},"excerpt":{"rendered":"<p>Plotis: 144 cm<br \/>\nIlgis: 208 cm<br \/>\nAuk\u0161tis: 103 cm<br \/>\nMiegamasis plotas: 140 \u00d7 200 cm<br \/>\nMiegojimo auk\u0161tis: 52 cm<\/p>","protected":false},"featured_media":212996,"comment_status":"open","ping_status":"closed","template":"","meta":[],"product_brand":[],"product_cat":[505,1970,514,7271],"product_tag":[],"class_list":{"0":"post-212878","1":"product","2":"type-product","3":"status-publish","4":"has-post-thumbnail","6":"product_cat-bedroom-beds","7":"product_cat-beds-140x200","8":"product_cat-continental-beds","9":"product_cat-meble-gruszka","11":"first","12":"instock","13":"shipping-taxable","14":"purchasable","15":"product-type-variable","16":"wvs-archive-product-wrapper"},"_links":{"self":[{"href":"https:\/\/baldumarket.lt\/lt\/wp-json\/wp\/v2\/product\/212878","targetHints":{"allow":["GET"]}}],"collection":[{"href":"https:\/\/baldumarket.lt\/lt\/wp-json\/wp\/v2\/product"}],"about":[{"href":"https:\/\/baldumarket.lt\/lt\/wp-json\/wp\/v2\/types\/product"}],"replies":[{"embeddable":true,"href":"https:\/\/baldumarket.lt\/lt\/wp-json\/wp\/v2\/comments?post=212878"}],"wp:featuredmedia":[{"embeddable":true,"href":"https:\/\/baldumarket.lt\/lt\/wp-json\/wp\/v2\/media\/212996"}],"wp:attachment":[{"href":"https:\/\/baldumarket.lt\/lt\/wp-json\/wp\/v2\/media?parent=212878"}],"wp:term":[{"taxonomy":"product_brand","embeddable":true,"href":"https:\/\/baldumarket.lt\/lt\/wp-json\/wp\/v2\/product_brand?post=212878"},{"taxonomy":"product_cat","embeddable":true,"href":"https:\/\/baldumarket.lt\/lt\/wp-json\/wp\/v2\/product_cat?post=212878"},{"taxonomy":"product_tag","embeddable":true,"href":"https:\/\/baldumarket.lt\/lt\/wp-json\/wp\/v2\/product_tag?post=212878"}],"curies":[{"name":"wp","href":"https:\/\/api.w.org\/{rel}","templated":true}]}}