{"id":212783,"date":"2025-12-26T18:47:42","date_gmt":"2025-12-26T15:47:42","guid":{"rendered":"https:\/\/baldumarket.lt\/?post_type=product&#038;p=212783"},"modified":"2026-02-03T23:15:28","modified_gmt":"2026-02-03T20:15:28","slug":"lozko-kontynentalne-livia-160x200-tapicerowane-materac-topper-pojemnik","status":"publish","type":"product","link":"https:\/\/baldumarket.lt\/lt\/product\/lozko-kontynentalne-livia-160x200-tapicerowane-materac-topper-pojemnik\/","title":{"rendered":"Livia kontinentin\u0117 lova 160\u00d7200, apmu\u0161ta, \u010diu\u017einys, \u010diu\u017einuko u\u017etiesalas, konteineris"},"content":{"rendered":"<p>Eleganti\u0161ka kontinentin\u0117 \u201eLivia Gruszka Meble\u201c lova pasi\u017eymi auk\u0161tu, gausiai dygsniuotu galv\u016bgaliu, kuris i\u0161ties traukia ak\u012f. Pagaminta i\u0161 auk\u0161tos kokyb\u0117s med\u017eiag\u0173, ji garantuoja ilgamet\u012f naudojim\u0105 be r\u016bpes\u010di\u0173. \u0160i lova puikiai papildys prabangius, klasikinius ir modernesnius miegamuosius ir taps j\u0173 kar\u016bna! Lovos apa\u010dioje yra patalyn\u0117s laikymo skyriai, kurie atsidaro spyruokliniais mechanizmais. Vir\u0161 \u0161i\u0173 skyri\u0173 yra ki\u0161enini\u0173 spyruoklini\u0173 \u010diu\u017eini\u0173 u\u017etiesalas. Vis\u0105 lov\u0105 dengia put\u0173 poliuretano \u010diu\u017einio u\u017etiesalas. \u201eLivia\u201c lova yra pagaminta pagal u\u017esakym\u0105, naudojant plat\u0173 audini\u0173 pavyzd\u017ei\u0173 rinkin\u012f, kur\u012f galima rasti \u201eProduct Creator\u201c svetain\u0117je.<\/p>","protected":false},"excerpt":{"rendered":"<p>Plotis: 198 cm<br \/>\nIlgis: 210 cm<br \/>\n\u016agis: 149 cm<br \/>\nMiegamoji erdv\u0117: 160 \u00d7 200 cm<br \/>\nMiegamosios dalies auk\u0161tis: 59 cm<\/p>","protected":false},"featured_media":212899,"comment_status":"open","ping_status":"closed","template":"","meta":[],"product_brand":[],"product_cat":[505,1971,514,7271],"product_tag":[],"class_list":{"0":"post-212783","1":"product","2":"type-product","3":"status-publish","4":"has-post-thumbnail","6":"product_cat-bedroom-beds","7":"product_cat-beds-160x200","8":"product_cat-continental-beds","9":"product_cat-meble-gruszka","11":"first","12":"instock","13":"shipping-taxable","14":"purchasable","15":"product-type-variable","16":"wvs-archive-product-wrapper"},"_links":{"self":[{"href":"https:\/\/baldumarket.lt\/lt\/wp-json\/wp\/v2\/product\/212783","targetHints":{"allow":["GET"]}}],"collection":[{"href":"https:\/\/baldumarket.lt\/lt\/wp-json\/wp\/v2\/product"}],"about":[{"href":"https:\/\/baldumarket.lt\/lt\/wp-json\/wp\/v2\/types\/product"}],"replies":[{"embeddable":true,"href":"https:\/\/baldumarket.lt\/lt\/wp-json\/wp\/v2\/comments?post=212783"}],"wp:featuredmedia":[{"embeddable":true,"href":"https:\/\/baldumarket.lt\/lt\/wp-json\/wp\/v2\/media\/212899"}],"wp:attachment":[{"href":"https:\/\/baldumarket.lt\/lt\/wp-json\/wp\/v2\/media?parent=212783"}],"wp:term":[{"taxonomy":"product_brand","embeddable":true,"href":"https:\/\/baldumarket.lt\/lt\/wp-json\/wp\/v2\/product_brand?post=212783"},{"taxonomy":"product_cat","embeddable":true,"href":"https:\/\/baldumarket.lt\/lt\/wp-json\/wp\/v2\/product_cat?post=212783"},{"taxonomy":"product_tag","embeddable":true,"href":"https:\/\/baldumarket.lt\/lt\/wp-json\/wp\/v2\/product_tag?post=212783"}],"curies":[{"name":"wp","href":"https:\/\/api.w.org\/{rel}","templated":true}]}}