{"id":212767,"date":"2025-12-26T18:47:05","date_gmt":"2025-12-26T15:47:05","guid":{"rendered":"https:\/\/baldumarket.lt\/?post_type=product&#038;p=212767"},"modified":"2026-02-03T23:15:28","modified_gmt":"2026-02-03T20:15:28","slug":"lozko-kontynentalne-livia-180x200-tapicerowane-materac-topper-pojemnik","status":"publish","type":"product","link":"https:\/\/baldumarket.lt\/lt\/product\/lozko-kontynentalne-livia-180x200-tapicerowane-materac-topper-pojemnik\/","title":{"rendered":"Livia kontinentin\u0117 lova 180\u00d7200, apmu\u0161ta, \u010diu\u017einys, \u010diu\u017einuko u\u017etiesalas, konteineris"},"content":{"rendered":"<p>\u201eLivia\u201c 180 \u00d7 200 cm kontinentin\u0117 lova derina prabang\u0105, komfort\u0105 ir modern\u0173 elegancij\u0105, puikiai tinkanti erdviam miegamajam. \u201eGruszka Meble\u201c \u201eLivia\u201c modelis i\u0161siskiria tiksliu meistri\u0161kumu, tvirta konstrukcija ir unikaliu dizainu, kuris bet kokiam interjerui suteiks unikalaus charakterio ir klas\u0117s. 180 \u00d7 200 cm dyd\u017eio \u201eLivia\u201c kontinentin\u0117 lova suteikia pilno dyd\u017eio miegojimo plot\u0105, idealiai tinkant\u012f tiems, kurie vertina komfort\u0105 ir erdv\u0119. Tai puikus pasirinkimas poroms, norin\u010dioms miegamajame derinti estetik\u0105 ir funkcionalum\u0105.<\/p>","protected":false},"excerpt":{"rendered":"<p>Plotis: 218 cm<br \/>\nIlgis: 210 cm<br \/>\n\u016agis: 149 cm<br \/>\nMiegamoji erdv\u0117: 180 \u00d7 200 cm<br \/>\nMiegojimo auk\u0161tis: 59 cm<\/p>","protected":false},"featured_media":212888,"comment_status":"open","ping_status":"closed","template":"","meta":[],"product_brand":[],"product_cat":[505,1972,514,7271],"product_tag":[],"class_list":{"0":"post-212767","1":"product","2":"type-product","3":"status-publish","4":"has-post-thumbnail","6":"product_cat-bedroom-beds","7":"product_cat-beds-180x200","8":"product_cat-continental-beds","9":"product_cat-meble-gruszka","11":"first","12":"instock","13":"shipping-taxable","14":"purchasable","15":"product-type-variable","16":"wvs-archive-product-wrapper"},"_links":{"self":[{"href":"https:\/\/baldumarket.lt\/lt\/wp-json\/wp\/v2\/product\/212767","targetHints":{"allow":["GET"]}}],"collection":[{"href":"https:\/\/baldumarket.lt\/lt\/wp-json\/wp\/v2\/product"}],"about":[{"href":"https:\/\/baldumarket.lt\/lt\/wp-json\/wp\/v2\/types\/product"}],"replies":[{"embeddable":true,"href":"https:\/\/baldumarket.lt\/lt\/wp-json\/wp\/v2\/comments?post=212767"}],"wp:featuredmedia":[{"embeddable":true,"href":"https:\/\/baldumarket.lt\/lt\/wp-json\/wp\/v2\/media\/212888"}],"wp:attachment":[{"href":"https:\/\/baldumarket.lt\/lt\/wp-json\/wp\/v2\/media?parent=212767"}],"wp:term":[{"taxonomy":"product_brand","embeddable":true,"href":"https:\/\/baldumarket.lt\/lt\/wp-json\/wp\/v2\/product_brand?post=212767"},{"taxonomy":"product_cat","embeddable":true,"href":"https:\/\/baldumarket.lt\/lt\/wp-json\/wp\/v2\/product_cat?post=212767"},{"taxonomy":"product_tag","embeddable":true,"href":"https:\/\/baldumarket.lt\/lt\/wp-json\/wp\/v2\/product_tag?post=212767"}],"curies":[{"name":"wp","href":"https:\/\/api.w.org\/{rel}","templated":true}]}}