{"id":212744,"date":"2025-12-26T18:46:07","date_gmt":"2025-12-26T15:46:07","guid":{"rendered":"https:\/\/baldumarket.lt\/?post_type=product&#038;p=212744"},"modified":"2026-02-03T23:15:28","modified_gmt":"2026-02-03T20:15:28","slug":"lozko-kontynentalne-livorno-160x200-tapicerowane-materac-topper-pojemnik","status":"publish","type":"product","link":"https:\/\/baldumarket.lt\/lt\/product\/lozko-kontynentalne-livorno-160x200-tapicerowane-materac-topper-pojemnik\/","title":{"rendered":"Livorno kontinentin\u0117 lova 160\u00d7200, apmu\u0161ta, \u010diu\u017einys, \u010diu\u017einuko u\u017etiesalas, konteineris"},"content":{"rendered":"<p>Gra\u017eiai apdirbtas \u201eLivorno\u201c lovos galv\u016bgalis \u017eavi savo detal\u0117mis ir su\u017eavi kiekvien\u0105, j\u012f pamatius\u012f. \u0160is baldas patraukia d\u0117mes\u012f dygsniuotomis sagomis, si\u016bl\u0117mis ir i\u0161lenktu galv\u016bgaliu. Storas, mink\u0161tas galv\u016bgalis yra ne tik dizaino elementas, bet ir suteikia prakti\u0161k\u0105 atram\u0105 nugarai skaitant knyg\u0105 vakare ar \u017ei\u016brint m\u0117gstam\u0105 serial\u0105. Lovoje yra du erdv\u016bs patalyn\u0117s skyriai, i\u0161d\u0117styti lygiagre\u010diai pagrindiniam sluoksniui, kuri\u0173 atidarym\u0105 palaiko automatiniai spyruokliniai mechanizmai. Pagrindinis ki\u0161enini\u0173 spyruokli\u0173 \u010diu\u017einys yra simetri\u0161kai padalintas \u012f dvi dalis ir aptrauktas ma\u017edaug 5 cm storio putplas\u010dio vir\u0161utiniu sluoksniu. Komplekt\u0105 galima u\u017esisakyti naudojant plat\u0173 audini\u0173 pavyzd\u012f, kur\u012f galite rasti m\u016bs\u0173 parduotuv\u0117je, \u201eProduct Creator\u201c skiltyje.<\/p>","protected":false},"excerpt":{"rendered":"<p>Plotis: 160 cm<br \/>\nIlgis: 213 cm<br \/>\nAuk\u0161tis: 120 cm<br \/>\nMiegamoji erdv\u0117: 160 \u00d7 200 cm<br \/>\nMiegamosios dalies auk\u0161tis: 64 cm<\/p>","protected":false},"featured_media":212865,"comment_status":"open","ping_status":"closed","template":"","meta":[],"product_brand":[],"product_cat":[505,1971,514,7271],"product_tag":[],"class_list":{"0":"post-212744","1":"product","2":"type-product","3":"status-publish","4":"has-post-thumbnail","6":"product_cat-bedroom-beds","7":"product_cat-beds-160x200","8":"product_cat-continental-beds","9":"product_cat-meble-gruszka","11":"first","12":"instock","13":"shipping-taxable","14":"purchasable","15":"product-type-variable","16":"wvs-archive-product-wrapper"},"_links":{"self":[{"href":"https:\/\/baldumarket.lt\/lt\/wp-json\/wp\/v2\/product\/212744","targetHints":{"allow":["GET"]}}],"collection":[{"href":"https:\/\/baldumarket.lt\/lt\/wp-json\/wp\/v2\/product"}],"about":[{"href":"https:\/\/baldumarket.lt\/lt\/wp-json\/wp\/v2\/types\/product"}],"replies":[{"embeddable":true,"href":"https:\/\/baldumarket.lt\/lt\/wp-json\/wp\/v2\/comments?post=212744"}],"wp:featuredmedia":[{"embeddable":true,"href":"https:\/\/baldumarket.lt\/lt\/wp-json\/wp\/v2\/media\/212865"}],"wp:attachment":[{"href":"https:\/\/baldumarket.lt\/lt\/wp-json\/wp\/v2\/media?parent=212744"}],"wp:term":[{"taxonomy":"product_brand","embeddable":true,"href":"https:\/\/baldumarket.lt\/lt\/wp-json\/wp\/v2\/product_brand?post=212744"},{"taxonomy":"product_cat","embeddable":true,"href":"https:\/\/baldumarket.lt\/lt\/wp-json\/wp\/v2\/product_cat?post=212744"},{"taxonomy":"product_tag","embeddable":true,"href":"https:\/\/baldumarket.lt\/lt\/wp-json\/wp\/v2\/product_tag?post=212744"}],"curies":[{"name":"wp","href":"https:\/\/api.w.org\/{rel}","templated":true}]}}