{"id":212714,"date":"2025-12-26T18:44:44","date_gmt":"2025-12-26T15:44:44","guid":{"rendered":"https:\/\/baldumarket.lt\/?post_type=product&#038;p=212714"},"modified":"2026-02-03T23:15:29","modified_gmt":"2026-02-03T20:15:29","slug":"lozko-kontynentalne-lorice-140x200-tapicerowane-materac-topper-pojemnik","status":"publish","type":"product","link":"https:\/\/baldumarket.lt\/lt\/product\/lozko-kontynentalne-lorice-140x200-tapicerowane-materac-topper-pojemnik\/","title":{"rendered":"Lorice kontinentin\u0117 lova 140\u00d7200, apmu\u0161ta, \u010diu\u017einys, \u010diu\u017einuko u\u017etiesalas, konteineris"},"content":{"rendered":"<p>\u201eGruszka Meble\u201c \u201eLorice\u201c 140\u00d7200 cm kontinentin\u0117 lova pasi\u017eymi moderniu dizainu, auk\u0161tos kokyb\u0117s med\u017eiagomis ir funkcionalumu, puikiai tinkan\u010dia vidutinio dyd\u017eio miegamajam. 140 cm plo\u010dio lova u\u017etikrina patog\u0173 mieg\u0105 dviem asmenims, o eleganti\u0161ki apmu\u0161alai ir kruop\u0161ti apdaila suteikia interjerui klas\u0117s ir stiliaus. Lova turi mink\u0161t\u0105, apmu\u0161t\u0105 galv\u016bgal\u012f su geometrin\u0117mis si\u016bl\u0117mis, kurios suteikia estetin\u012f ir patog\u0173 akcent\u0105. \u0160is atlo\u0161as suteikia komforto vakare atsipalaiduoti, skaityti ar \u017ei\u016br\u0117ti televizori\u0173 ir kartu sustiprina eleganti\u0161k\u0105 viso interjero charakter\u012f.<\/p>","protected":false},"excerpt":{"rendered":"<p>Plotis: 140 cm<br \/>\nIlgis: 213 cm<br \/>\nAuk\u0161tis: 120 cm<br \/>\nMiegamasis plotas: 140 \u00d7 200 cm<br \/>\nMiegamosios dalies auk\u0161tis: 64 cm<\/p>","protected":false},"featured_media":212831,"comment_status":"open","ping_status":"closed","template":"","meta":[],"product_brand":[],"product_cat":[505,1970,514,7271],"product_tag":[],"class_list":{"0":"post-212714","1":"product","2":"type-product","3":"status-publish","4":"has-post-thumbnail","6":"product_cat-bedroom-beds","7":"product_cat-beds-140x200","8":"product_cat-continental-beds","9":"product_cat-meble-gruszka","11":"first","12":"instock","13":"shipping-taxable","14":"purchasable","15":"product-type-variable","16":"wvs-archive-product-wrapper"},"_links":{"self":[{"href":"https:\/\/baldumarket.lt\/lt\/wp-json\/wp\/v2\/product\/212714","targetHints":{"allow":["GET"]}}],"collection":[{"href":"https:\/\/baldumarket.lt\/lt\/wp-json\/wp\/v2\/product"}],"about":[{"href":"https:\/\/baldumarket.lt\/lt\/wp-json\/wp\/v2\/types\/product"}],"replies":[{"embeddable":true,"href":"https:\/\/baldumarket.lt\/lt\/wp-json\/wp\/v2\/comments?post=212714"}],"wp:featuredmedia":[{"embeddable":true,"href":"https:\/\/baldumarket.lt\/lt\/wp-json\/wp\/v2\/media\/212831"}],"wp:attachment":[{"href":"https:\/\/baldumarket.lt\/lt\/wp-json\/wp\/v2\/media?parent=212714"}],"wp:term":[{"taxonomy":"product_brand","embeddable":true,"href":"https:\/\/baldumarket.lt\/lt\/wp-json\/wp\/v2\/product_brand?post=212714"},{"taxonomy":"product_cat","embeddable":true,"href":"https:\/\/baldumarket.lt\/lt\/wp-json\/wp\/v2\/product_cat?post=212714"},{"taxonomy":"product_tag","embeddable":true,"href":"https:\/\/baldumarket.lt\/lt\/wp-json\/wp\/v2\/product_tag?post=212714"}],"curies":[{"name":"wp","href":"https:\/\/api.w.org\/{rel}","templated":true}]}}