{"id":212678,"date":"2025-12-26T18:43:25","date_gmt":"2025-12-26T15:43:25","guid":{"rendered":"https:\/\/baldumarket.lt\/?post_type=product&#038;p=212678"},"modified":"2026-02-03T23:15:29","modified_gmt":"2026-02-03T20:15:29","slug":"lozko-kontynentalne-malibu-120x200-tapicerowane-materac-topper-pojemnik","status":"publish","type":"product","link":"https:\/\/baldumarket.lt\/lt\/product\/lozko-kontynentalne-malibu-120x200-tapicerowane-materac-topper-pojemnik\/","title":{"rendered":"Malibu kontinentin\u0117 lova 120\u00d7200, apmu\u0161ta, \u010diu\u017einys, \u010diu\u017einuko u\u017etiesalas, konteineris"},"content":{"rendered":"<p>Ie\u0161kote stilingo, funkcionalaus ir patogaus sprendimo savo miegamajam? Garsaus gamintojo \u201eGruszka Meble\u201c kontinentin\u0117 lova \u201eMalibu\u201c 120\u00d7200 cm \u2013 puikus pasirinkimas tiems, kurie vertina modern\u0173 dizain\u0105, auk\u0161t\u0105 miego komfort\u0105 ir prakti\u0161kus sprendimus ma\u017eoms erdv\u0117ms. \u0160is modelis puikiai tinka studijos tipo apartamentams, jaunimo kambariams ir ma\u017eesniems miegamiesiems, kur svarbiausia optimalus erdv\u0117s i\u0161naudojimas.<\/p>","protected":false},"excerpt":{"rendered":"<p>Plotis: 122 cm<br \/>\nIlgis: 226 cm<br \/>\nAuk\u0161tis: 120 cm<br \/>\nMiegamasis plotas: 120 \u00d7 200 cm<br \/>\nMiegamosios dalies auk\u0161tis: 59 cm<\/p>","protected":false},"featured_media":212796,"comment_status":"open","ping_status":"closed","template":"","meta":[],"product_brand":[],"product_cat":[505,1969,514,7271],"product_tag":[],"class_list":{"0":"post-212678","1":"product","2":"type-product","3":"status-publish","4":"has-post-thumbnail","6":"product_cat-bedroom-beds","7":"product_cat-beds-120x200","8":"product_cat-continental-beds","9":"product_cat-meble-gruszka","11":"first","12":"instock","13":"shipping-taxable","14":"purchasable","15":"product-type-variable","16":"wvs-archive-product-wrapper"},"_links":{"self":[{"href":"https:\/\/baldumarket.lt\/lt\/wp-json\/wp\/v2\/product\/212678","targetHints":{"allow":["GET"]}}],"collection":[{"href":"https:\/\/baldumarket.lt\/lt\/wp-json\/wp\/v2\/product"}],"about":[{"href":"https:\/\/baldumarket.lt\/lt\/wp-json\/wp\/v2\/types\/product"}],"replies":[{"embeddable":true,"href":"https:\/\/baldumarket.lt\/lt\/wp-json\/wp\/v2\/comments?post=212678"}],"wp:featuredmedia":[{"embeddable":true,"href":"https:\/\/baldumarket.lt\/lt\/wp-json\/wp\/v2\/media\/212796"}],"wp:attachment":[{"href":"https:\/\/baldumarket.lt\/lt\/wp-json\/wp\/v2\/media?parent=212678"}],"wp:term":[{"taxonomy":"product_brand","embeddable":true,"href":"https:\/\/baldumarket.lt\/lt\/wp-json\/wp\/v2\/product_brand?post=212678"},{"taxonomy":"product_cat","embeddable":true,"href":"https:\/\/baldumarket.lt\/lt\/wp-json\/wp\/v2\/product_cat?post=212678"},{"taxonomy":"product_tag","embeddable":true,"href":"https:\/\/baldumarket.lt\/lt\/wp-json\/wp\/v2\/product_tag?post=212678"}],"curies":[{"name":"wp","href":"https:\/\/api.w.org\/{rel}","templated":true}]}}