{"id":212662,"date":"2025-12-26T18:42:51","date_gmt":"2025-12-26T15:42:51","guid":{"rendered":"https:\/\/baldumarket.lt\/?post_type=product&#038;p=212662"},"modified":"2026-02-03T23:15:30","modified_gmt":"2026-02-03T20:15:30","slug":"lozko-kontynentalne-malibu-160x200-tapicerowane-materac-topper-pojemnik","status":"publish","type":"product","link":"https:\/\/baldumarket.lt\/lt\/product\/lozko-kontynentalne-malibu-160x200-tapicerowane-materac-topper-pojemnik\/","title":{"rendered":"Malibu kontinentin\u0117 lova 160&#215;200, apmu\u0161ta, \u010diu\u017einys, \u010diu\u017einuko u\u017etiesalas, konteineris"},"content":{"rendered":"<p>Garsaus \u201eGruszka Meble\u201c prek\u0117s \u017eenklo \u201eMalibu\u201c 160 \u00d7 200 cm kontinentin\u0117 lova yra puikus pasirinkimas ie\u0161kantiems harmoningo estetikos, komforto ir prakti\u0161kumo derinio. Erdvus 160 \u00d7 200 cm dydis u\u017etikrina patog\u0173 mieg\u0105 dviem \u017emon\u0117ms, tod\u0117l \u0161is modelis idealiai tinka dvivie\u010diams miegamiesiems, butams ar moderniems minimalistinio ar prabangaus stiliaus interjerams.<\/p>","protected":false},"excerpt":{"rendered":"<p>Plotis: 162 cm<br \/>\nIlgis: 226 cm<br \/>\nAuk\u0161tis: 120 cm<br \/>\nMiegamoji erdv\u0117: 160 \u00d7 200 cm<br \/>\nMiegojimo auk\u0161tis: 59 cm<\/p>","protected":false},"featured_media":212776,"comment_status":"open","ping_status":"closed","template":"","meta":[],"product_brand":[],"product_cat":[505,1971,514,7271],"product_tag":[],"class_list":{"0":"post-212662","1":"product","2":"type-product","3":"status-publish","4":"has-post-thumbnail","6":"product_cat-bedroom-beds","7":"product_cat-beds-160x200","8":"product_cat-continental-beds","9":"product_cat-meble-gruszka","11":"first","12":"instock","13":"shipping-taxable","14":"purchasable","15":"product-type-variable","16":"wvs-archive-product-wrapper"},"_links":{"self":[{"href":"https:\/\/baldumarket.lt\/lt\/wp-json\/wp\/v2\/product\/212662","targetHints":{"allow":["GET"]}}],"collection":[{"href":"https:\/\/baldumarket.lt\/lt\/wp-json\/wp\/v2\/product"}],"about":[{"href":"https:\/\/baldumarket.lt\/lt\/wp-json\/wp\/v2\/types\/product"}],"replies":[{"embeddable":true,"href":"https:\/\/baldumarket.lt\/lt\/wp-json\/wp\/v2\/comments?post=212662"}],"wp:featuredmedia":[{"embeddable":true,"href":"https:\/\/baldumarket.lt\/lt\/wp-json\/wp\/v2\/media\/212776"}],"wp:attachment":[{"href":"https:\/\/baldumarket.lt\/lt\/wp-json\/wp\/v2\/media?parent=212662"}],"wp:term":[{"taxonomy":"product_brand","embeddable":true,"href":"https:\/\/baldumarket.lt\/lt\/wp-json\/wp\/v2\/product_brand?post=212662"},{"taxonomy":"product_cat","embeddable":true,"href":"https:\/\/baldumarket.lt\/lt\/wp-json\/wp\/v2\/product_cat?post=212662"},{"taxonomy":"product_tag","embeddable":true,"href":"https:\/\/baldumarket.lt\/lt\/wp-json\/wp\/v2\/product_tag?post=212662"}],"curies":[{"name":"wp","href":"https:\/\/api.w.org\/{rel}","templated":true}]}}