{"id":212660,"date":"2025-12-26T18:42:48","date_gmt":"2025-12-26T15:42:48","guid":{"rendered":"https:\/\/baldumarket.lt\/?post_type=product&#038;p=212660"},"modified":"2026-02-03T23:15:30","modified_gmt":"2026-02-03T20:15:30","slug":"lozko-kontynentalne-malibu-180x200-tapicerowane-materac-topper-pojemnik","status":"publish","type":"product","link":"https:\/\/baldumarket.lt\/lt\/product\/lozko-kontynentalne-malibu-180x200-tapicerowane-materac-topper-pojemnik\/","title":{"rendered":"Malibu kontinentin\u0117 lova 180\u00d7200, apmu\u0161ta, \u010diu\u017einys, \u010diu\u017einuko u\u017etiesalas, konteineris"},"content":{"rendered":"<p>Ie\u0161kote tobulo komforto, modernios estetikos ir prakti\u0161k\u0173 sprendim\u0173 derinio? \u201eMalibu\u201c 180\u00d7200 cm kontinentin\u0117 lova skirta i\u0161rankiems vartotojams, vertinantiems kokybi\u0161k\u0105 mieg\u0105 ir eleganti\u0161k\u0105 miegamojo bald\u0173 i\u0161vaizd\u0105. \u201eMalibu\u201c modelis \u017eavi moderniomis linijomis, mink\u0161tais apmu\u0161alais ir tiksliai apdirbtu, geometri\u0161kai dygsniuotu galv\u016bgaliu, kuris traukia d\u0117mes\u012f ir suteikia interjerui charakterio.<\/p>","protected":false},"excerpt":{"rendered":"<p>Plotis: 182 cm<br \/>\nIlgis: 226 cm<br \/>\nAuk\u0161tis: 120 cm<br \/>\nMiegamoji erdv\u0117: 180 \u00d7 200 cm<br \/>\nMiegojimo auk\u0161tis: 59 cm<\/p>","protected":false},"featured_media":212769,"comment_status":"open","ping_status":"closed","template":"","meta":[],"product_brand":[],"product_cat":[505,1972,514,7271],"product_tag":[],"class_list":{"0":"post-212660","1":"product","2":"type-product","3":"status-publish","4":"has-post-thumbnail","6":"product_cat-bedroom-beds","7":"product_cat-beds-180x200","8":"product_cat-continental-beds","9":"product_cat-meble-gruszka","11":"first","12":"instock","13":"shipping-taxable","14":"purchasable","15":"product-type-variable","16":"wvs-archive-product-wrapper"},"_links":{"self":[{"href":"https:\/\/baldumarket.lt\/lt\/wp-json\/wp\/v2\/product\/212660","targetHints":{"allow":["GET"]}}],"collection":[{"href":"https:\/\/baldumarket.lt\/lt\/wp-json\/wp\/v2\/product"}],"about":[{"href":"https:\/\/baldumarket.lt\/lt\/wp-json\/wp\/v2\/types\/product"}],"replies":[{"embeddable":true,"href":"https:\/\/baldumarket.lt\/lt\/wp-json\/wp\/v2\/comments?post=212660"}],"wp:featuredmedia":[{"embeddable":true,"href":"https:\/\/baldumarket.lt\/lt\/wp-json\/wp\/v2\/media\/212769"}],"wp:attachment":[{"href":"https:\/\/baldumarket.lt\/lt\/wp-json\/wp\/v2\/media?parent=212660"}],"wp:term":[{"taxonomy":"product_brand","embeddable":true,"href":"https:\/\/baldumarket.lt\/lt\/wp-json\/wp\/v2\/product_brand?post=212660"},{"taxonomy":"product_cat","embeddable":true,"href":"https:\/\/baldumarket.lt\/lt\/wp-json\/wp\/v2\/product_cat?post=212660"},{"taxonomy":"product_tag","embeddable":true,"href":"https:\/\/baldumarket.lt\/lt\/wp-json\/wp\/v2\/product_tag?post=212660"}],"curies":[{"name":"wp","href":"https:\/\/api.w.org\/{rel}","templated":true}]}}