{"id":212646,"date":"2025-12-26T18:42:17","date_gmt":"2025-12-26T15:42:17","guid":{"rendered":"https:\/\/baldumarket.lt\/?post_type=product&#038;p=212646"},"modified":"2026-02-03T23:15:30","modified_gmt":"2026-02-03T20:15:30","slug":"lozko-kontynentalne-malibu-200x200-tapicerowane-materac-topper-pojemnik","status":"publish","type":"product","link":"https:\/\/baldumarket.lt\/lt\/product\/lozko-kontynentalne-malibu-200x200-tapicerowane-materac-topper-pojemnik\/","title":{"rendered":"Malibu kontinentin\u0117 lova 200\u00d7200, apmu\u0161ta, \u010diu\u017einys, \u010diu\u017einuko u\u017etiesalas, konteineris"},"content":{"rendered":"<p>Ie\u0161kote eleganti\u0161kos 200\u00d7200 cm kontinentin\u0117s lovos, kuri u\u017etikrins maksimal\u0173 miego komfort\u0105 ir taps i\u0161skirtine j\u016bs\u0173 miegamojo puo\u0161mena? Garsaus gamintojo \u201eGruszka Meble\u201c modelis \u201eMalibu\u201c apjungia modern\u0173 dizain\u0105, auk\u0161t\u0105 meistri\u0161kumo kokyb\u0119 ir prakti\u0161kus sprendimus, idealiai tinkan\u010dius erdviems interjerams. \u0160i erdvi 200\u00d7200 cm kontinentin\u0117 lova buvo sukurta atsi\u017evelgiant \u012f parametrus, kurie garantuoja komfort\u0105 net ir reikliausiems vartotojams. Ji puikiai tiks dideliems dvivie\u010diams miegamiesiems, prabangiems apartamentams ar pagrindiniams miegamiesiems.<\/p>","protected":false},"excerpt":{"rendered":"<p>Plotis: 202 cm<br \/>\nIlgis: 226 cm<br \/>\nAuk\u0161tis: 120 cm<br \/>\nMiegamasis plotas: 200 \u00d7 200 cm<br \/>\nMiegojimo auk\u0161tis: 59 cm<\/p>","protected":false},"featured_media":212759,"comment_status":"open","ping_status":"closed","template":"","meta":[],"product_brand":[],"product_cat":[505,9143,514,7271],"product_tag":[],"class_list":{"0":"post-212646","1":"product","2":"type-product","3":"status-publish","4":"has-post-thumbnail","6":"product_cat-bedroom-beds","7":"product_cat-beds-200x200","8":"product_cat-continental-beds","9":"product_cat-meble-gruszka","11":"first","12":"instock","13":"shipping-taxable","14":"purchasable","15":"product-type-variable","16":"wvs-archive-product-wrapper"},"_links":{"self":[{"href":"https:\/\/baldumarket.lt\/lt\/wp-json\/wp\/v2\/product\/212646","targetHints":{"allow":["GET"]}}],"collection":[{"href":"https:\/\/baldumarket.lt\/lt\/wp-json\/wp\/v2\/product"}],"about":[{"href":"https:\/\/baldumarket.lt\/lt\/wp-json\/wp\/v2\/types\/product"}],"replies":[{"embeddable":true,"href":"https:\/\/baldumarket.lt\/lt\/wp-json\/wp\/v2\/comments?post=212646"}],"wp:featuredmedia":[{"embeddable":true,"href":"https:\/\/baldumarket.lt\/lt\/wp-json\/wp\/v2\/media\/212759"}],"wp:attachment":[{"href":"https:\/\/baldumarket.lt\/lt\/wp-json\/wp\/v2\/media?parent=212646"}],"wp:term":[{"taxonomy":"product_brand","embeddable":true,"href":"https:\/\/baldumarket.lt\/lt\/wp-json\/wp\/v2\/product_brand?post=212646"},{"taxonomy":"product_cat","embeddable":true,"href":"https:\/\/baldumarket.lt\/lt\/wp-json\/wp\/v2\/product_cat?post=212646"},{"taxonomy":"product_tag","embeddable":true,"href":"https:\/\/baldumarket.lt\/lt\/wp-json\/wp\/v2\/product_tag?post=212646"}],"curies":[{"name":"wp","href":"https:\/\/api.w.org\/{rel}","templated":true}]}}