{"id":212629,"date":"2025-12-26T18:41:43","date_gmt":"2025-12-26T15:41:43","guid":{"rendered":"https:\/\/baldumarket.lt\/?post_type=product&#038;p=212629"},"modified":"2026-02-03T23:15:30","modified_gmt":"2026-02-03T20:15:30","slug":"lozko-kontynentalne-malmo-140x200-tapicerowane-materac-topper-pojemnik","status":"publish","type":"product","link":"https:\/\/baldumarket.lt\/lt\/product\/lozko-kontynentalne-malmo-140x200-tapicerowane-materac-topper-pojemnik\/","title":{"rendered":"\u201eMalmo\u201c kontinentin\u0117 lova 140\u00d7200, apmu\u0161ta, \u010diu\u017einys, \u010diu\u017einuko u\u017etiesalas, konteineris"},"content":{"rendered":"<p>\u201eGruszka Meble\u201c \u201eMalmo\u201c 140 \u00d7 200 cm kontinentin\u0117 lova \u2013 puikus sprendimas ie\u0161kantiems modernaus dizaino, komforto ir prakti\u0161kumo derinio erdviame miegamajame. \u0160is modelis derina stiling\u0105 dizain\u0105 su funkcionalumu, kuris patenkins net ir reikliausius vartotojus. I\u0161skirtinis, dygsniuotas galv\u016bgalis suteikia \u201eMalmo\u201c lovai unikal\u0173 charakter\u012f, tod\u0117l ji tampa bet kurio miegamojo traukos centru. \u0160is baldas ne tik suteikia komforto, bet ir pagerina interjero estetik\u0105, papildydamas \u012fvairius interjerus \u2013 nuo klasikinio iki modernaus.<\/p>","protected":false},"excerpt":{"rendered":"<p>Plotis: 142 cm<br \/>\nIlgis: 208 cm<br \/>\nAuk\u0161tis: 103 cm<br \/>\nMiegamasis plotas: 140 \u00d7 200 cm<br \/>\nMiegamosios dalies auk\u0161tis: 64 cm<\/p>","protected":false},"featured_media":212745,"comment_status":"open","ping_status":"closed","template":"","meta":[],"product_brand":[],"product_cat":[505,1970,514,7271],"product_tag":[],"class_list":{"0":"post-212629","1":"product","2":"type-product","3":"status-publish","4":"has-post-thumbnail","6":"product_cat-bedroom-beds","7":"product_cat-beds-140x200","8":"product_cat-continental-beds","9":"product_cat-meble-gruszka","11":"first","12":"instock","13":"shipping-taxable","14":"purchasable","15":"product-type-variable","16":"wvs-archive-product-wrapper"},"_links":{"self":[{"href":"https:\/\/baldumarket.lt\/lt\/wp-json\/wp\/v2\/product\/212629","targetHints":{"allow":["GET"]}}],"collection":[{"href":"https:\/\/baldumarket.lt\/lt\/wp-json\/wp\/v2\/product"}],"about":[{"href":"https:\/\/baldumarket.lt\/lt\/wp-json\/wp\/v2\/types\/product"}],"replies":[{"embeddable":true,"href":"https:\/\/baldumarket.lt\/lt\/wp-json\/wp\/v2\/comments?post=212629"}],"wp:featuredmedia":[{"embeddable":true,"href":"https:\/\/baldumarket.lt\/lt\/wp-json\/wp\/v2\/media\/212745"}],"wp:attachment":[{"href":"https:\/\/baldumarket.lt\/lt\/wp-json\/wp\/v2\/media?parent=212629"}],"wp:term":[{"taxonomy":"product_brand","embeddable":true,"href":"https:\/\/baldumarket.lt\/lt\/wp-json\/wp\/v2\/product_brand?post=212629"},{"taxonomy":"product_cat","embeddable":true,"href":"https:\/\/baldumarket.lt\/lt\/wp-json\/wp\/v2\/product_cat?post=212629"},{"taxonomy":"product_tag","embeddable":true,"href":"https:\/\/baldumarket.lt\/lt\/wp-json\/wp\/v2\/product_tag?post=212629"}],"curies":[{"name":"wp","href":"https:\/\/api.w.org\/{rel}","templated":true}]}}