{"id":212600,"date":"2025-12-26T18:40:32","date_gmt":"2025-12-26T15:40:32","guid":{"rendered":"https:\/\/baldumarket.lt\/?post_type=product&#038;p=212600"},"modified":"2026-02-03T23:15:31","modified_gmt":"2026-02-03T20:15:31","slug":"lozko-kontynentalne-marlene-120x200-tapicerowane-materac-topper-pojemnik","status":"publish","type":"product","link":"https:\/\/baldumarket.lt\/lt\/product\/lozko-kontynentalne-marlene-120x200-tapicerowane-materac-topper-pojemnik\/","title":{"rendered":"Marlene kontinentin\u0117 lova 120\u00d7200, apmu\u0161ta, \u010diu\u017einys, \u010diu\u017einuko u\u017etiesalas, konteineris"},"content":{"rendered":"<p>\u201eGruszka Meble\u201c \u201eMarlene\u201c 120 \u00d7 200 cm kontinentin\u0117 lova derina modern\u0173 dizain\u0105, komfort\u0105 ir prakti\u0161kum\u0105. Puikiai tinka ie\u0161kantiems eleganti\u0161k\u0173 bald\u0173 ma\u017eesniems miegamiesiems, neaukojant auk\u0161tos kokyb\u0117s ir funkcionalumo. I\u0161skirtinis \u201eMarlene\u201c lovos bruo\u017eas \u2013 dygsniuotas galv\u016bgalis, suteikiantis baldui prabangi\u0105 i\u0161vaizd\u0105. D\u0117l subtilaus, subtilaus dygsniavimo ir vertikali\u0173 apvad\u0173 lova atrodo i\u0161skirtinai eleganti\u0161kai ir dera prie \u012fvairi\u0173 interjero stili\u0173.<\/p>","protected":false},"excerpt":{"rendered":"<p>Plotis: 120 cm<br \/>\nIlgis: 213 cm<br \/>\nAuk\u0161tis: 120 cm<br \/>\nMiegamasis plotas: 120 \u00d7 200 cm<br \/>\nMiegamosios dalies auk\u0161tis: 64 cm<\/p>","protected":false},"featured_media":212715,"comment_status":"open","ping_status":"closed","template":"","meta":[],"product_brand":[],"product_cat":[505,1969,514,7271],"product_tag":[],"class_list":{"0":"post-212600","1":"product","2":"type-product","3":"status-publish","4":"has-post-thumbnail","6":"product_cat-bedroom-beds","7":"product_cat-beds-120x200","8":"product_cat-continental-beds","9":"product_cat-meble-gruszka","11":"first","12":"instock","13":"shipping-taxable","14":"purchasable","15":"product-type-variable","16":"wvs-archive-product-wrapper"},"_links":{"self":[{"href":"https:\/\/baldumarket.lt\/lt\/wp-json\/wp\/v2\/product\/212600","targetHints":{"allow":["GET"]}}],"collection":[{"href":"https:\/\/baldumarket.lt\/lt\/wp-json\/wp\/v2\/product"}],"about":[{"href":"https:\/\/baldumarket.lt\/lt\/wp-json\/wp\/v2\/types\/product"}],"replies":[{"embeddable":true,"href":"https:\/\/baldumarket.lt\/lt\/wp-json\/wp\/v2\/comments?post=212600"}],"wp:featuredmedia":[{"embeddable":true,"href":"https:\/\/baldumarket.lt\/lt\/wp-json\/wp\/v2\/media\/212715"}],"wp:attachment":[{"href":"https:\/\/baldumarket.lt\/lt\/wp-json\/wp\/v2\/media?parent=212600"}],"wp:term":[{"taxonomy":"product_brand","embeddable":true,"href":"https:\/\/baldumarket.lt\/lt\/wp-json\/wp\/v2\/product_brand?post=212600"},{"taxonomy":"product_cat","embeddable":true,"href":"https:\/\/baldumarket.lt\/lt\/wp-json\/wp\/v2\/product_cat?post=212600"},{"taxonomy":"product_tag","embeddable":true,"href":"https:\/\/baldumarket.lt\/lt\/wp-json\/wp\/v2\/product_tag?post=212600"}],"curies":[{"name":"wp","href":"https:\/\/api.w.org\/{rel}","templated":true}]}}