{"id":212575,"date":"2025-12-26T18:39:25","date_gmt":"2025-12-26T15:39:25","guid":{"rendered":"https:\/\/baldumarket.lt\/?post_type=product&#038;p=212575"},"modified":"2026-02-03T23:15:32","modified_gmt":"2026-02-03T20:15:32","slug":"lozko-kontynentalne-marlene-160x200-tapicerowane-materac-topper-pojemnik","status":"publish","type":"product","link":"https:\/\/baldumarket.lt\/lt\/product\/lozko-kontynentalne-marlene-160x200-tapicerowane-materac-topper-pojemnik\/","title":{"rendered":"Marlene kontinentin\u0117 lova 160\u00d7200, apmu\u0161ta, \u010diu\u017einys, \u010diu\u017einuko u\u017etiesalas, konteineris"},"content":{"rendered":"<p>\u201eMarlene\u201c apmu\u0161ta kontinentin\u0117 lova pasi\u017eymi dideliu, patraukliu galv\u016bgaliu su vertikaliais dygsniuotais apvadais. Storas, apmu\u0161tas galv\u016bgalis yra ne tik ry\u0161kus dekoratyvinis elementas, bet ir gali b\u016bti naudojamas kaip nugaros atrama vakare skaitant ar \u017ei\u016brint m\u0117gstamus serialus. Lovoje yra du erdv\u016bs patalyn\u0117s skyriai, kuriuose taip pat galima laikyti daiktus, anks\u010diau laikytus spintos ar komodos apa\u010dioje. Lovoje yra ki\u0161enini\u0173 spyruokli\u0173 \u010diu\u017einys, kuris pakeliamas spyruokliniais mechanizmais, atidarius patalyn\u0117s skyrius. Visas baldas aptrauktas put\u0173 ant\u010diu\u017einiu, kad b\u016bt\u0173 \u0161iluma ir miegojimo komfortas. \u0160is baldas pagamintas pagal u\u017esakym\u0105 naudojant audinio pavyzd\u012f, kur\u012f galite \u012fsigyti m\u016bs\u0173 parduotuv\u0117je.<\/p>","protected":false},"excerpt":{"rendered":"<p>Plotis: 160 cm<br \/>\nIlgis: 213 cm<br \/>\nAuk\u0161tis: 120 cm<br \/>\nMiegamoji erdv\u0117: 160 \u00d7 200 cm<br \/>\nMiegamosios dalies auk\u0161tis: 64 cm<\/p>","protected":false},"featured_media":212697,"comment_status":"open","ping_status":"closed","template":"","meta":[],"product_brand":[],"product_cat":[505,1971,514,7271],"product_tag":[],"class_list":{"0":"post-212575","1":"product","2":"type-product","3":"status-publish","4":"has-post-thumbnail","6":"product_cat-bedroom-beds","7":"product_cat-beds-160x200","8":"product_cat-continental-beds","9":"product_cat-meble-gruszka","11":"first","12":"instock","13":"shipping-taxable","14":"purchasable","15":"product-type-variable","16":"wvs-archive-product-wrapper"},"_links":{"self":[{"href":"https:\/\/baldumarket.lt\/lt\/wp-json\/wp\/v2\/product\/212575","targetHints":{"allow":["GET"]}}],"collection":[{"href":"https:\/\/baldumarket.lt\/lt\/wp-json\/wp\/v2\/product"}],"about":[{"href":"https:\/\/baldumarket.lt\/lt\/wp-json\/wp\/v2\/types\/product"}],"replies":[{"embeddable":true,"href":"https:\/\/baldumarket.lt\/lt\/wp-json\/wp\/v2\/comments?post=212575"}],"wp:featuredmedia":[{"embeddable":true,"href":"https:\/\/baldumarket.lt\/lt\/wp-json\/wp\/v2\/media\/212697"}],"wp:attachment":[{"href":"https:\/\/baldumarket.lt\/lt\/wp-json\/wp\/v2\/media?parent=212575"}],"wp:term":[{"taxonomy":"product_brand","embeddable":true,"href":"https:\/\/baldumarket.lt\/lt\/wp-json\/wp\/v2\/product_brand?post=212575"},{"taxonomy":"product_cat","embeddable":true,"href":"https:\/\/baldumarket.lt\/lt\/wp-json\/wp\/v2\/product_cat?post=212575"},{"taxonomy":"product_tag","embeddable":true,"href":"https:\/\/baldumarket.lt\/lt\/wp-json\/wp\/v2\/product_tag?post=212575"}],"curies":[{"name":"wp","href":"https:\/\/api.w.org\/{rel}","templated":true}]}}