{"id":212537,"date":"2025-12-26T18:37:47","date_gmt":"2025-12-26T15:37:47","guid":{"rendered":"https:\/\/baldumarket.lt\/?post_type=product&#038;p=212537"},"modified":"2026-02-03T23:15:32","modified_gmt":"2026-02-03T20:15:32","slug":"lozko-kontynentalne-mars-160x200-tapicerowane-materac-topper-pojemnik","status":"publish","type":"product","link":"https:\/\/baldumarket.lt\/lt\/product\/lozko-kontynentalne-mars-160x200-tapicerowane-materac-topper-pojemnik\/","title":{"rendered":"Mars kontinentin\u0117 lova 160\u00d7200, apmu\u0161ta, \u010diu\u017einys, \u010diu\u017einuko u\u017etiesalas, konteineris"},"content":{"rendered":"<p>Mink\u0161ta \u201eMars\u201c kontinentin\u0117 lova pasi\u017eymi i\u0161skirtinio kont\u016bro galv\u016bgaliu su nikeliuotu dekoratyviniu elementu. \u0160is dizainerio sukurtas galv\u016bgalis gali b\u016bti pagamintas i\u0161 dviej\u0173 audini\u0173 spalv\u0173 derinio, taip sukuriant visi\u0161kai unikali\u0105 i\u0161vaizd\u0105. Lova apa\u010dioje turi du patalyn\u0117s skyrius, kurie suteikia daug funkcionalumo. \u0160onin\u012f atidarym\u0105 palengvina automatiniai spyruokliniai mechanizmai, kurie pakelia padalint\u0105 ki\u0161enini\u0173 spyruokli\u0173 \u010diu\u017ein\u012f. Lovos vir\u0161uje yra ma\u017edaug 4 cm storio putplas\u010dio vir\u0161utinis sluoksnis. Lova pagaminta pagal u\u017esakym\u0105 pagal audinio pavyzd\u012f, kur\u012f galite \u012fsigyti m\u016bs\u0173 parduotuv\u0117je.<\/p>","protected":false},"excerpt":{"rendered":"<p>Plotis: 160 cm<br \/>\nIlgis: 229 cm<br \/>\n\u016agis: 136 cm<br \/>\nMiegamoji erdv\u0117: 160 \u00d7 200 cm<br \/>\nMiegojimo auk\u0161tis: 67 cm<\/p>","protected":false},"featured_media":212653,"comment_status":"open","ping_status":"closed","template":"","meta":[],"product_brand":[],"product_cat":[505,1971,514,7271],"product_tag":[],"class_list":{"0":"post-212537","1":"product","2":"type-product","3":"status-publish","4":"has-post-thumbnail","6":"product_cat-bedroom-beds","7":"product_cat-beds-160x200","8":"product_cat-continental-beds","9":"product_cat-meble-gruszka","11":"first","12":"instock","13":"shipping-taxable","14":"purchasable","15":"product-type-variable","16":"wvs-archive-product-wrapper"},"_links":{"self":[{"href":"https:\/\/baldumarket.lt\/lt\/wp-json\/wp\/v2\/product\/212537","targetHints":{"allow":["GET"]}}],"collection":[{"href":"https:\/\/baldumarket.lt\/lt\/wp-json\/wp\/v2\/product"}],"about":[{"href":"https:\/\/baldumarket.lt\/lt\/wp-json\/wp\/v2\/types\/product"}],"replies":[{"embeddable":true,"href":"https:\/\/baldumarket.lt\/lt\/wp-json\/wp\/v2\/comments?post=212537"}],"wp:featuredmedia":[{"embeddable":true,"href":"https:\/\/baldumarket.lt\/lt\/wp-json\/wp\/v2\/media\/212653"}],"wp:attachment":[{"href":"https:\/\/baldumarket.lt\/lt\/wp-json\/wp\/v2\/media?parent=212537"}],"wp:term":[{"taxonomy":"product_brand","embeddable":true,"href":"https:\/\/baldumarket.lt\/lt\/wp-json\/wp\/v2\/product_brand?post=212537"},{"taxonomy":"product_cat","embeddable":true,"href":"https:\/\/baldumarket.lt\/lt\/wp-json\/wp\/v2\/product_cat?post=212537"},{"taxonomy":"product_tag","embeddable":true,"href":"https:\/\/baldumarket.lt\/lt\/wp-json\/wp\/v2\/product_tag?post=212537"}],"curies":[{"name":"wp","href":"https:\/\/api.w.org\/{rel}","templated":true}]}}