{"id":212494,"date":"2025-12-26T18:35:47","date_gmt":"2025-12-26T15:35:47","guid":{"rendered":"https:\/\/baldumarket.lt\/?post_type=product&#038;p=212494"},"modified":"2026-02-03T23:15:33","modified_gmt":"2026-02-03T20:15:33","slug":"lozko-kontynentalne-massimo-140x200-tapicerowane-materac-topper-pojemnik","status":"publish","type":"product","link":"https:\/\/baldumarket.lt\/lt\/product\/lozko-kontynentalne-massimo-140x200-tapicerowane-materac-topper-pojemnik\/","title":{"rendered":"Massimo kontinentin\u0117 lova 140\u00d7200, apmu\u0161ta, \u010diu\u017einys, \u010diu\u017einuko u\u017etiesalas, konteineris"},"content":{"rendered":"<p>Ie\u0161kote baldo, kuris derint\u0173 elegancij\u0105 ir komfort\u0105? Mink\u0161ta \u201eMassimo\u201c 140 \u00d7 200 cm lova sujungia prabang\u0173 \u017eaves\u012f su funkcionalumu, kurio tikit\u0117s i\u0161 \u0161iuolaikini\u0173 miegamojo bald\u0173. Sukurta atsi\u017evelgiant \u012f detales ir patogum\u0105 naudoti, ji taps unikaliu akcentu bet kuriame interjere \u2013 nuo klasikinio iki modernaus.<\/p>","protected":false},"excerpt":{"rendered":"<p>Plotis: 180 cm<br \/>\nIlgis: 215 cm<br \/>\n\u016agis: 136 cm<br \/>\nMiegamasis plotas: 140 \u00d7 200 cm<br \/>\nMiegojimo auk\u0161tis: 61 cm<\/p>","protected":false},"featured_media":212620,"comment_status":"open","ping_status":"closed","template":"","meta":[],"product_brand":[],"product_cat":[505,1970,514,7271],"product_tag":[],"class_list":{"0":"post-212494","1":"product","2":"type-product","3":"status-publish","4":"has-post-thumbnail","6":"product_cat-bedroom-beds","7":"product_cat-beds-140x200","8":"product_cat-continental-beds","9":"product_cat-meble-gruszka","11":"first","12":"instock","13":"shipping-taxable","14":"purchasable","15":"product-type-variable","16":"wvs-archive-product-wrapper"},"_links":{"self":[{"href":"https:\/\/baldumarket.lt\/lt\/wp-json\/wp\/v2\/product\/212494","targetHints":{"allow":["GET"]}}],"collection":[{"href":"https:\/\/baldumarket.lt\/lt\/wp-json\/wp\/v2\/product"}],"about":[{"href":"https:\/\/baldumarket.lt\/lt\/wp-json\/wp\/v2\/types\/product"}],"replies":[{"embeddable":true,"href":"https:\/\/baldumarket.lt\/lt\/wp-json\/wp\/v2\/comments?post=212494"}],"wp:featuredmedia":[{"embeddable":true,"href":"https:\/\/baldumarket.lt\/lt\/wp-json\/wp\/v2\/media\/212620"}],"wp:attachment":[{"href":"https:\/\/baldumarket.lt\/lt\/wp-json\/wp\/v2\/media?parent=212494"}],"wp:term":[{"taxonomy":"product_brand","embeddable":true,"href":"https:\/\/baldumarket.lt\/lt\/wp-json\/wp\/v2\/product_brand?post=212494"},{"taxonomy":"product_cat","embeddable":true,"href":"https:\/\/baldumarket.lt\/lt\/wp-json\/wp\/v2\/product_cat?post=212494"},{"taxonomy":"product_tag","embeddable":true,"href":"https:\/\/baldumarket.lt\/lt\/wp-json\/wp\/v2\/product_tag?post=212494"}],"curies":[{"name":"wp","href":"https:\/\/api.w.org\/{rel}","templated":true}]}}