{"id":212492,"date":"2025-12-26T18:35:45","date_gmt":"2025-12-26T15:35:45","guid":{"rendered":"https:\/\/baldumarket.lt\/?post_type=product&#038;p=212492"},"modified":"2026-02-03T23:15:33","modified_gmt":"2026-02-03T20:15:33","slug":"lozko-kontynentalne-massimo-160x200-tapicerowane-materac-topper-pojemnik","status":"publish","type":"product","link":"https:\/\/baldumarket.lt\/lt\/product\/lozko-kontynentalne-massimo-160x200-tapicerowane-materac-topper-pojemnik\/","title":{"rendered":"Massimo kontinentin\u0117 lova 160\u00d7200, apmu\u0161ta, \u010diu\u017einys, \u010diu\u017einuko u\u017etiesalas, konteineris"},"content":{"rendered":"<p>Glam\u016bringo stiliaus apmu\u0161ta \u201cMassimo\u201d kontinentin\u0117 lova traukia d\u0117mes\u012f dygsniuotu galv\u016bgaliu ir dekoratyvin\u0117mis chromuotomis kojel\u0117mis. Ypa\u010d \u012fdomus lovos bruo\u017eas \u2013 galv\u016bgalio \u0161onai, \u201esparn\u0173 kolon\u0173\u201c formos, kurie i\u0161 abiej\u0173 pusi\u0173 supa galv\u016bgal\u012f. Pats galv\u016bgalis yra siuvin\u0117tas i\u0161skirtiniu geometriniu rombo ra\u0161tu, kur\u012f pary\u0161kina dygsniuotos dekoratyvin\u0117s sagos. Jis atitrauktas nuo lovos \u0161on\u0173. Mink\u0161tas, patogus, apmu\u0161tas galv\u016bgalis yra ne tik dizaino elementas; jis taip pat gali b\u016bti naudojamas kaip prakti\u0161kas atlo\u0161as skaitant knyg\u0105 ar \u017ei\u016brint vakaro film\u0105. Lovoje yra du gil\u016bs patalyn\u0117s skyriai, kuriuose taip pat galima laikyti papildom\u0105 antklod\u0119 ar u\u017etiesal\u0105. J\u0173 \u0161onin\u012f atidarym\u0105 palengvina automatiniai spyruokliniai mechanizmai, kurie pakelia \u012f dvi dalis padalint\u0105 ki\u0161enini\u0173 spyruokli\u0173 \u010diu\u017ein\u012f. Ant miegamojo pavir\u0161iaus u\u017ededamas 4 cm storio putplas\u010dio u\u017etiesalas. Baldai gaminami pagal individualius u\u017esakymus, naudojant m\u016bs\u0173 parduotuv\u0117je esant\u012f audinio pavyzd\u012f.<\/p>","protected":false},"excerpt":{"rendered":"<p>Plotis: 200 cm<br \/>\nIlgis: 215 cm<br \/>\n\u016agis: 136 cm<br \/>\nMiegamoji erdv\u0117: 160 \u00d7 200 cm<br \/>\nMiegojimo auk\u0161tis: 61 cm<\/p>","protected":false},"featured_media":212613,"comment_status":"open","ping_status":"closed","template":"","meta":[],"product_brand":[],"product_cat":[505,1971,514,7271],"product_tag":[],"class_list":{"0":"post-212492","1":"product","2":"type-product","3":"status-publish","4":"has-post-thumbnail","6":"product_cat-bedroom-beds","7":"product_cat-beds-160x200","8":"product_cat-continental-beds","9":"product_cat-meble-gruszka","11":"first","12":"instock","13":"shipping-taxable","14":"purchasable","15":"product-type-variable","16":"wvs-archive-product-wrapper"},"_links":{"self":[{"href":"https:\/\/baldumarket.lt\/lt\/wp-json\/wp\/v2\/product\/212492","targetHints":{"allow":["GET"]}}],"collection":[{"href":"https:\/\/baldumarket.lt\/lt\/wp-json\/wp\/v2\/product"}],"about":[{"href":"https:\/\/baldumarket.lt\/lt\/wp-json\/wp\/v2\/types\/product"}],"replies":[{"embeddable":true,"href":"https:\/\/baldumarket.lt\/lt\/wp-json\/wp\/v2\/comments?post=212492"}],"wp:featuredmedia":[{"embeddable":true,"href":"https:\/\/baldumarket.lt\/lt\/wp-json\/wp\/v2\/media\/212613"}],"wp:attachment":[{"href":"https:\/\/baldumarket.lt\/lt\/wp-json\/wp\/v2\/media?parent=212492"}],"wp:term":[{"taxonomy":"product_brand","embeddable":true,"href":"https:\/\/baldumarket.lt\/lt\/wp-json\/wp\/v2\/product_brand?post=212492"},{"taxonomy":"product_cat","embeddable":true,"href":"https:\/\/baldumarket.lt\/lt\/wp-json\/wp\/v2\/product_cat?post=212492"},{"taxonomy":"product_tag","embeddable":true,"href":"https:\/\/baldumarket.lt\/lt\/wp-json\/wp\/v2\/product_tag?post=212492"}],"curies":[{"name":"wp","href":"https:\/\/api.w.org\/{rel}","templated":true}]}}