{"id":212476,"date":"2025-12-26T18:35:05","date_gmt":"2025-12-26T15:35:05","guid":{"rendered":"https:\/\/baldumarket.lt\/?post_type=product&#038;p=212476"},"modified":"2026-02-03T23:15:33","modified_gmt":"2026-02-03T20:15:33","slug":"lozko-kontynentalne-massimo-180x200-tapicerowane-materac-topper-pojemnik","status":"publish","type":"product","link":"https:\/\/baldumarket.lt\/lt\/product\/lozko-kontynentalne-massimo-180x200-tapicerowane-materac-topper-pojemnik\/","title":{"rendered":"Massimo kontinentin\u0117 lova 180\u00d7200, apmu\u0161ta, \u010diu\u017einys, \u010diu\u017einuko u\u017etiesalas, konteineris"},"content":{"rendered":"<p>Ie\u0161kote bald\u0173, kurie b\u016bt\u0173 ir patog\u016bs, ir ne\u012ftik\u0117tinai eleganti\u0161ki? \u201eMassimo\u201c 180 \u00d7 200 cm mink\u0161ta lova \u2013 puikus pasirinkimas tiems, kurie vertina \u017eaves\u012f, patog\u0173 mieg\u0105 ir prakti\u0161kus miegamojo sprendimus. Didel\u0117 miegojimo zona, unikalios detal\u0117s ir funkcionalus dizainas daro \u0161\u012f model\u012f idealiai tinkant\u012f erdviems, stilingiems interjerams.<\/p>","protected":false},"excerpt":{"rendered":"<p>Plotis: 220 cm<br \/>\nIlgis: 215 cm<br \/>\n\u016agis: 136 cm<br \/>\nMiegamoji erdv\u0117: 180 \u00d7 200 cm<br \/>\nMiegojimo auk\u0161tis: 61 cm<\/p>","protected":false},"featured_media":212603,"comment_status":"open","ping_status":"closed","template":"","meta":[],"product_brand":[],"product_cat":[505,1972,514,7271],"product_tag":[],"class_list":{"0":"post-212476","1":"product","2":"type-product","3":"status-publish","4":"has-post-thumbnail","6":"product_cat-bedroom-beds","7":"product_cat-beds-180x200","8":"product_cat-continental-beds","9":"product_cat-meble-gruszka","11":"first","12":"instock","13":"shipping-taxable","14":"purchasable","15":"product-type-variable","16":"wvs-archive-product-wrapper"},"_links":{"self":[{"href":"https:\/\/baldumarket.lt\/lt\/wp-json\/wp\/v2\/product\/212476","targetHints":{"allow":["GET"]}}],"collection":[{"href":"https:\/\/baldumarket.lt\/lt\/wp-json\/wp\/v2\/product"}],"about":[{"href":"https:\/\/baldumarket.lt\/lt\/wp-json\/wp\/v2\/types\/product"}],"replies":[{"embeddable":true,"href":"https:\/\/baldumarket.lt\/lt\/wp-json\/wp\/v2\/comments?post=212476"}],"wp:featuredmedia":[{"embeddable":true,"href":"https:\/\/baldumarket.lt\/lt\/wp-json\/wp\/v2\/media\/212603"}],"wp:attachment":[{"href":"https:\/\/baldumarket.lt\/lt\/wp-json\/wp\/v2\/media?parent=212476"}],"wp:term":[{"taxonomy":"product_brand","embeddable":true,"href":"https:\/\/baldumarket.lt\/lt\/wp-json\/wp\/v2\/product_brand?post=212476"},{"taxonomy":"product_cat","embeddable":true,"href":"https:\/\/baldumarket.lt\/lt\/wp-json\/wp\/v2\/product_cat?post=212476"},{"taxonomy":"product_tag","embeddable":true,"href":"https:\/\/baldumarket.lt\/lt\/wp-json\/wp\/v2\/product_tag?post=212476"}],"curies":[{"name":"wp","href":"https:\/\/api.w.org\/{rel}","templated":true}]}}