{"id":212474,"date":"2025-12-26T18:35:01","date_gmt":"2025-12-26T15:35:01","guid":{"rendered":"https:\/\/baldumarket.lt\/?post_type=product&#038;p=212474"},"modified":"2026-02-03T23:15:33","modified_gmt":"2026-02-03T20:15:33","slug":"lozko-kontynentalne-massimo-200x200-tapicerowane-materac-topper-pojemnik","status":"publish","type":"product","link":"https:\/\/baldumarket.lt\/lt\/product\/lozko-kontynentalne-massimo-200x200-tapicerowane-materac-topper-pojemnik\/","title":{"rendered":"Massimo kontinentin\u0117 lova 200\u00d7200, apmu\u0161ta, \u010diu\u017einys, \u010diu\u017einuko u\u017etiesalas, konteineris"},"content":{"rendered":"<p>Ie\u0161kote baldo, kuris suteikt\u0173 maksimal\u0173 komfort\u0105 ir kartu papuo\u0161t\u0173 j\u016bs\u0173 interjer\u0105? \u201eGruszka Meble\u201c mink\u0161ta \u201eMassimo\u201c 200 \u00d7 200 cm lova \u2013 puikus pasirinkimas tiems, kurie m\u0117gsta \u017eaves\u012f, erdvias erdves ir prabangi\u0105 apdail\u0105. \u0160i \u012fsp\u016bdingo dyd\u017eio lova skirta tiems, kurie atsisako kompromis\u0173 tarp dizaino ir patogumo.<\/p>","protected":false},"excerpt":{"rendered":"<p>Plotis: 240 cm<br \/>\nIlgis: 215 cm<br \/>\n\u016agis: 136 cm<br \/>\nMiegamasis plotas: 200 \u00d7 200 cm<br \/>\nMiegojimo auk\u0161tis: 61 cm<\/p>","protected":false},"featured_media":212593,"comment_status":"open","ping_status":"closed","template":"","meta":[],"product_brand":[],"product_cat":[505,9143,514,7271],"product_tag":[],"class_list":{"0":"post-212474","1":"product","2":"type-product","3":"status-publish","4":"has-post-thumbnail","6":"product_cat-bedroom-beds","7":"product_cat-beds-200x200","8":"product_cat-continental-beds","9":"product_cat-meble-gruszka","11":"first","12":"instock","13":"shipping-taxable","14":"purchasable","15":"product-type-variable","16":"wvs-archive-product-wrapper"},"_links":{"self":[{"href":"https:\/\/baldumarket.lt\/lt\/wp-json\/wp\/v2\/product\/212474","targetHints":{"allow":["GET"]}}],"collection":[{"href":"https:\/\/baldumarket.lt\/lt\/wp-json\/wp\/v2\/product"}],"about":[{"href":"https:\/\/baldumarket.lt\/lt\/wp-json\/wp\/v2\/types\/product"}],"replies":[{"embeddable":true,"href":"https:\/\/baldumarket.lt\/lt\/wp-json\/wp\/v2\/comments?post=212474"}],"wp:featuredmedia":[{"embeddable":true,"href":"https:\/\/baldumarket.lt\/lt\/wp-json\/wp\/v2\/media\/212593"}],"wp:attachment":[{"href":"https:\/\/baldumarket.lt\/lt\/wp-json\/wp\/v2\/media?parent=212474"}],"wp:term":[{"taxonomy":"product_brand","embeddable":true,"href":"https:\/\/baldumarket.lt\/lt\/wp-json\/wp\/v2\/product_brand?post=212474"},{"taxonomy":"product_cat","embeddable":true,"href":"https:\/\/baldumarket.lt\/lt\/wp-json\/wp\/v2\/product_cat?post=212474"},{"taxonomy":"product_tag","embeddable":true,"href":"https:\/\/baldumarket.lt\/lt\/wp-json\/wp\/v2\/product_tag?post=212474"}],"curies":[{"name":"wp","href":"https:\/\/api.w.org\/{rel}","templated":true}]}}