{"id":212458,"date":"2025-12-26T18:34:26","date_gmt":"2025-12-26T15:34:26","guid":{"rendered":"https:\/\/baldumarket.lt\/?post_type=product&#038;p=212458"},"modified":"2026-02-03T23:15:33","modified_gmt":"2026-02-03T20:15:33","slug":"lozko-kontynentalne-mezi-120x200-tapicerowane-materace-topper-pojemnik","status":"publish","type":"product","link":"https:\/\/baldumarket.lt\/lt\/product\/lozko-kontynentalne-mezi-120x200-tapicerowane-materace-topper-pojemnik\/","title":{"rendered":"Mezi kontinentin\u0117 lova 120\u00d7200, apmu\u0161ta, \u010diu\u017einiai, \u010diu\u017einys su u\u017etiesalu, konteineris"},"content":{"rendered":"<p>Ie\u0161kote stilingos viengul\u0117s lovos, kuri u\u017etikrint\u0173 i\u0161skirtin\u012f miego komfort\u0105 ir patraukt\u0173 d\u0117mes\u012f savo dizainu? \u201eGruszka Meble\u201c \u201eMezi\u201c 120 \u00d7 200 cm kontinentin\u0117 lova yra kompakti\u0161kas modelis, skirtas ma\u017eesniems miegamiesiems, jaunimo kambariams ar butams, kur svarbus kiekvienas kvadratinis metras \u2013 neaukojant stiliaus ar komforto.<\/p>","protected":false},"excerpt":{"rendered":"<p>Plotis: 120 cm<br \/>\nIlgis: 213 cm<br \/>\nAuk\u0161tis: 120 cm<br \/>\nMiegamasis plotas: 120 \u00d7 200 cm<br \/>\nMiegamosios dalies auk\u0161tis: 61 cm<\/p>","protected":false},"featured_media":212586,"comment_status":"open","ping_status":"closed","template":"","meta":[],"product_brand":[],"product_cat":[505,1969,514,7271],"product_tag":[],"class_list":{"0":"post-212458","1":"product","2":"type-product","3":"status-publish","4":"has-post-thumbnail","6":"product_cat-bedroom-beds","7":"product_cat-beds-120x200","8":"product_cat-continental-beds","9":"product_cat-meble-gruszka","11":"first","12":"instock","13":"shipping-taxable","14":"purchasable","15":"product-type-variable","16":"wvs-archive-product-wrapper"},"_links":{"self":[{"href":"https:\/\/baldumarket.lt\/lt\/wp-json\/wp\/v2\/product\/212458","targetHints":{"allow":["GET"]}}],"collection":[{"href":"https:\/\/baldumarket.lt\/lt\/wp-json\/wp\/v2\/product"}],"about":[{"href":"https:\/\/baldumarket.lt\/lt\/wp-json\/wp\/v2\/types\/product"}],"replies":[{"embeddable":true,"href":"https:\/\/baldumarket.lt\/lt\/wp-json\/wp\/v2\/comments?post=212458"}],"wp:featuredmedia":[{"embeddable":true,"href":"https:\/\/baldumarket.lt\/lt\/wp-json\/wp\/v2\/media\/212586"}],"wp:attachment":[{"href":"https:\/\/baldumarket.lt\/lt\/wp-json\/wp\/v2\/media?parent=212458"}],"wp:term":[{"taxonomy":"product_brand","embeddable":true,"href":"https:\/\/baldumarket.lt\/lt\/wp-json\/wp\/v2\/product_brand?post=212458"},{"taxonomy":"product_cat","embeddable":true,"href":"https:\/\/baldumarket.lt\/lt\/wp-json\/wp\/v2\/product_cat?post=212458"},{"taxonomy":"product_tag","embeddable":true,"href":"https:\/\/baldumarket.lt\/lt\/wp-json\/wp\/v2\/product_tag?post=212458"}],"curies":[{"name":"wp","href":"https:\/\/api.w.org\/{rel}","templated":true}]}}