{"id":212417,"date":"2025-12-26T18:32:54","date_gmt":"2025-12-26T15:32:54","guid":{"rendered":"https:\/\/baldumarket.lt\/?post_type=product&#038;p=212417"},"modified":"2026-02-03T23:15:34","modified_gmt":"2026-02-03T20:15:34","slug":"lozko-kontynentalne-monet-160x200-tapicerowane-materac-topper-pojemnik","status":"publish","type":"product","link":"https:\/\/baldumarket.lt\/lt\/product\/lozko-kontynentalne-monet-160x200-tapicerowane-materac-topper-pojemnik\/","title":{"rendered":"\u201eMonet\u201c kontinentin\u0117 lova 160\u00d7200, apmu\u0161ta, \u010diu\u017einys, \u010diu\u017einuko u\u017etiesalas, konteineris"},"content":{"rendered":"<p>Jei ie\u0161kote patrauklios, prabangios kontinentin\u0117s lovos, turime jums puik\u0173 pasirinkim\u0105: \u201eMonet\u201c lov\u0105! Ji pasi\u017eymi kri\u0161toliniais dygsniais puo\u0161tu galv\u016bgaliu, kuris traukia ak\u012f i\u0161 tolo. \u0160vie\u010diantys mygtukai yra stilingas papildymas, paver\u010diantis \u201eMonet\u201c lov\u0105 stilingu bet kurio miegamojo akcentu. Eleganti\u0161kas, mink\u0161tas galv\u016bgalis taip pat gali suteikti ger\u0105 nugaros atram\u0105 skaitant knyg\u0105 ar \u017ei\u016brint m\u0117gstam\u0105 serial\u0105. Lovos apa\u010dioje yra du lygiagret\u016bs patalyn\u0117s skyriai. Vir\u0161 j\u0173 yra padalintas ki\u0161enini\u0173 spyruokli\u0173 \u010diu\u017einys. Jis aptrauktas 5 cm storio putplas\u010dio \u010diu\u017einiu. Komplektas pagamintas pagal u\u017esakym\u0105, naudojant audinio pavyzd\u012f, kur\u012f galite rasti m\u016bs\u0173 salone \u2013 \u201eProduct Creator\u201c salone.<\/p>","protected":false},"excerpt":{"rendered":"<p>Plotis: 160 cm<br \/>\nIlgis: 213 cm<br \/>\nAuk\u0161tis: 120 cm<br \/>\nMiegamoji erdv\u0117: 160 \u00d7 200 cm<br \/>\nMiegojimo auk\u0161tis: 59 cm<\/p>","protected":false},"featured_media":212523,"comment_status":"open","ping_status":"closed","template":"","meta":[],"product_brand":[],"product_cat":[505,1971,514,7271],"product_tag":[],"class_list":{"0":"post-212417","1":"product","2":"type-product","3":"status-publish","4":"has-post-thumbnail","6":"product_cat-bedroom-beds","7":"product_cat-beds-160x200","8":"product_cat-continental-beds","9":"product_cat-meble-gruszka","11":"first","12":"instock","13":"shipping-taxable","14":"purchasable","15":"product-type-variable","16":"wvs-archive-product-wrapper"},"_links":{"self":[{"href":"https:\/\/baldumarket.lt\/lt\/wp-json\/wp\/v2\/product\/212417","targetHints":{"allow":["GET"]}}],"collection":[{"href":"https:\/\/baldumarket.lt\/lt\/wp-json\/wp\/v2\/product"}],"about":[{"href":"https:\/\/baldumarket.lt\/lt\/wp-json\/wp\/v2\/types\/product"}],"replies":[{"embeddable":true,"href":"https:\/\/baldumarket.lt\/lt\/wp-json\/wp\/v2\/comments?post=212417"}],"wp:featuredmedia":[{"embeddable":true,"href":"https:\/\/baldumarket.lt\/lt\/wp-json\/wp\/v2\/media\/212523"}],"wp:attachment":[{"href":"https:\/\/baldumarket.lt\/lt\/wp-json\/wp\/v2\/media?parent=212417"}],"wp:term":[{"taxonomy":"product_brand","embeddable":true,"href":"https:\/\/baldumarket.lt\/lt\/wp-json\/wp\/v2\/product_brand?post=212417"},{"taxonomy":"product_cat","embeddable":true,"href":"https:\/\/baldumarket.lt\/lt\/wp-json\/wp\/v2\/product_cat?post=212417"},{"taxonomy":"product_tag","embeddable":true,"href":"https:\/\/baldumarket.lt\/lt\/wp-json\/wp\/v2\/product_tag?post=212417"}],"curies":[{"name":"wp","href":"https:\/\/api.w.org\/{rel}","templated":true}]}}