{"id":212399,"date":"2025-12-26T18:32:16","date_gmt":"2025-12-26T15:32:16","guid":{"rendered":"https:\/\/baldumarket.lt\/?post_type=product&#038;p=212399"},"modified":"2026-02-03T23:15:35","modified_gmt":"2026-02-03T20:15:35","slug":"lozko-kontynentalne-monet-200x200-tapicerowane-materac-topper-pojemnik","status":"publish","type":"product","link":"https:\/\/baldumarket.lt\/lt\/product\/lozko-kontynentalne-monet-200x200-tapicerowane-materac-topper-pojemnik\/","title":{"rendered":"\u201eMonet\u201c kontinentin\u0117 lova 200\u00d7200, apmu\u0161ta, \u010diu\u017einys, \u010diu\u017einuko u\u017etiesalas, konteineris"},"content":{"rendered":"<p>Jei ie\u0161kote eleganti\u0161kos ir erdvios 200\u00d7200 cm kontinentin\u0117s lovos, kurioje der\u0117t\u0173 i\u0161skirtinis \u017eavesys ir maksimalus komfortas, \u201eGruszka Meble\u201c \u201eMonet\u201c modelis pateisins j\u016bs\u0173 l\u016bkes\u010dius. Tai puikus pasirinkimas dideliems miegamiesiems, kuriems reikalingi esteti\u0161ki ir prakti\u0161ki baldai. I\u0161skirtinis \u0161io modelio bruo\u017eas \u2013 apmu\u0161tas, dygsniuotas lovos galv\u016bgalis, puo\u0161tas kristalais, kuris i\u0161 karto patraukia ak\u012f ir suteikia kambariui prabangos. Subtil\u016bs si\u016bl\u0117s ir blizgan\u010dios sagos pabr\u0117\u017eia \u017eaving\u0105 stili\u0173, o mink\u0161tas apmu\u0161alas suteikia patogi\u0105 atram\u0105 vakare skaitant ar \u017ei\u016brint filmus.<\/p>","protected":false},"excerpt":{"rendered":"<p>Plotis: 200 cm<br \/>\nIlgis: 213 cm<br \/>\nAuk\u0161tis: 120 cm<br \/>\nMiegamasis plotas: 200 \u00d7 200 cm<br \/>\nMiegojimo auk\u0161tis: 59 cm<\/p>","protected":false},"featured_media":212502,"comment_status":"open","ping_status":"closed","template":"","meta":[],"product_brand":[],"product_cat":[505,9143,514,7271],"product_tag":[],"class_list":{"0":"post-212399","1":"product","2":"type-product","3":"status-publish","4":"has-post-thumbnail","6":"product_cat-bedroom-beds","7":"product_cat-beds-200x200","8":"product_cat-continental-beds","9":"product_cat-meble-gruszka","11":"first","12":"instock","13":"shipping-taxable","14":"purchasable","15":"product-type-variable","16":"wvs-archive-product-wrapper"},"_links":{"self":[{"href":"https:\/\/baldumarket.lt\/lt\/wp-json\/wp\/v2\/product\/212399","targetHints":{"allow":["GET"]}}],"collection":[{"href":"https:\/\/baldumarket.lt\/lt\/wp-json\/wp\/v2\/product"}],"about":[{"href":"https:\/\/baldumarket.lt\/lt\/wp-json\/wp\/v2\/types\/product"}],"replies":[{"embeddable":true,"href":"https:\/\/baldumarket.lt\/lt\/wp-json\/wp\/v2\/comments?post=212399"}],"wp:featuredmedia":[{"embeddable":true,"href":"https:\/\/baldumarket.lt\/lt\/wp-json\/wp\/v2\/media\/212502"}],"wp:attachment":[{"href":"https:\/\/baldumarket.lt\/lt\/wp-json\/wp\/v2\/media?parent=212399"}],"wp:term":[{"taxonomy":"product_brand","embeddable":true,"href":"https:\/\/baldumarket.lt\/lt\/wp-json\/wp\/v2\/product_brand?post=212399"},{"taxonomy":"product_cat","embeddable":true,"href":"https:\/\/baldumarket.lt\/lt\/wp-json\/wp\/v2\/product_cat?post=212399"},{"taxonomy":"product_tag","embeddable":true,"href":"https:\/\/baldumarket.lt\/lt\/wp-json\/wp\/v2\/product_tag?post=212399"}],"curies":[{"name":"wp","href":"https:\/\/api.w.org\/{rel}","templated":true}]}}