{"id":212383,"date":"2025-12-26T18:31:42","date_gmt":"2025-12-26T15:31:42","guid":{"rendered":"https:\/\/baldumarket.lt\/?post_type=product&#038;p=212383"},"modified":"2026-02-03T23:15:35","modified_gmt":"2026-02-03T20:15:35","slug":"lozko-kontynentalne-montana-120x200-tapicerowane-materace-topper-pojemnik","status":"publish","type":"product","link":"https:\/\/baldumarket.lt\/lt\/product\/lozko-kontynentalne-montana-120x200-tapicerowane-materace-topper-pojemnik\/","title":{"rendered":"Montana kontinentin\u0117 lova 120\u00d7200, apmu\u0161ta, \u010diu\u017einiai, \u010diu\u017einys su u\u017etiesalu, konteineris"},"content":{"rendered":"<p>\u201eMontana\u201c 120\u00d7200 cm lova \u2013 tai moderni ir eleganti\u0161ka mink\u0161ta lova su patalyn\u0117s saugykla, puikiai tinkanti ma\u017eesniems miegamiesiems, jaunimo kambariams ar sve\u010di\u0173 kambariams. Lenk\u0173 gamintojo \u201eGruszka Meble\u201c pagaminta lova derina klasikin\u0119 estetik\u0105 su kasdieniam naudojimui tinkamu funkcionalumu.<\/p>","protected":false},"excerpt":{"rendered":"<p>Plotis: 124 cm<br \/>\nIlgis: 214 cm<br \/>\nAuk\u0161tis: 103 cm<br \/>\nMiegamasis plotas: 120 \u00d7 200 cm<br \/>\nMiegamosios dalies auk\u0161tis: 51 cm<\/p>","protected":false},"featured_media":212495,"comment_status":"open","ping_status":"closed","template":"","meta":[],"product_brand":[],"product_cat":[505,1969,514,7271],"product_tag":[],"class_list":{"0":"post-212383","1":"product","2":"type-product","3":"status-publish","4":"has-post-thumbnail","6":"product_cat-bedroom-beds","7":"product_cat-beds-120x200","8":"product_cat-continental-beds","9":"product_cat-meble-gruszka","11":"first","12":"instock","13":"shipping-taxable","14":"purchasable","15":"product-type-variable","16":"wvs-archive-product-wrapper"},"_links":{"self":[{"href":"https:\/\/baldumarket.lt\/lt\/wp-json\/wp\/v2\/product\/212383","targetHints":{"allow":["GET"]}}],"collection":[{"href":"https:\/\/baldumarket.lt\/lt\/wp-json\/wp\/v2\/product"}],"about":[{"href":"https:\/\/baldumarket.lt\/lt\/wp-json\/wp\/v2\/types\/product"}],"replies":[{"embeddable":true,"href":"https:\/\/baldumarket.lt\/lt\/wp-json\/wp\/v2\/comments?post=212383"}],"wp:featuredmedia":[{"embeddable":true,"href":"https:\/\/baldumarket.lt\/lt\/wp-json\/wp\/v2\/media\/212495"}],"wp:attachment":[{"href":"https:\/\/baldumarket.lt\/lt\/wp-json\/wp\/v2\/media?parent=212383"}],"wp:term":[{"taxonomy":"product_brand","embeddable":true,"href":"https:\/\/baldumarket.lt\/lt\/wp-json\/wp\/v2\/product_brand?post=212383"},{"taxonomy":"product_cat","embeddable":true,"href":"https:\/\/baldumarket.lt\/lt\/wp-json\/wp\/v2\/product_cat?post=212383"},{"taxonomy":"product_tag","embeddable":true,"href":"https:\/\/baldumarket.lt\/lt\/wp-json\/wp\/v2\/product_tag?post=212383"}],"curies":[{"name":"wp","href":"https:\/\/api.w.org\/{rel}","templated":true}]}}