{"id":212298,"date":"2025-12-26T18:28:43","date_gmt":"2025-12-26T15:28:43","guid":{"rendered":"https:\/\/baldumarket.lt\/?post_type=product&#038;p=212298"},"modified":"2026-02-03T23:15:37","modified_gmt":"2026-02-03T20:15:37","slug":"lozko-kontynentalne-nero-120x200-tapicerowane-materac-topper-pojemnik","status":"publish","type":"product","link":"https:\/\/baldumarket.lt\/lt\/product\/lozko-kontynentalne-nero-120x200-tapicerowane-materac-topper-pojemnik\/","title":{"rendered":"Nero kontinentin\u0117 lova 120\u00d7200, apmu\u0161ta, \u010diu\u017einys, \u010diu\u017einuko u\u017etiesalas, konteineris"},"content":{"rendered":"<p>120 \u00d7 200 cm dyd\u017eio kontinentin\u0117 lova \u201eNero\u201c \u2013 puikus pasirinkimas ie\u0161kantiems stilingo ir funkcionalaus sprendimo ma\u017eesniems miegamiesiems. D\u0117l kruop\u0161\u010diai suprojektuoto, vertikaliai dygsniuoto, mink\u0161to atlo\u0161o, kuris \u0161velniai atsilo\u0161ia, lova suteikia patogi\u0105 ir ergonomi\u0161k\u0105 atram\u0105 vakaro poilsiui, knygos skaitymui ar filmo \u017ei\u016br\u0117jimui. Tai elegancijos ir komforto derinys, kuris lengvai dera tiek prie modernaus, tiek prie klasikinio interjero.<\/p>","protected":false},"excerpt":{"rendered":"<p>Plotis: 120 cm<br \/>\nIlgis: 217 cm<br \/>\n\u016agis: 123 cm<br \/>\nMiegamasis plotas: 120 \u00d7 200 cm<br \/>\nMiegojimo auk\u0161tis: 64 cm<\/p>","protected":false},"featured_media":212420,"comment_status":"open","ping_status":"closed","template":"","meta":[],"product_brand":[],"product_cat":[505,1969,514,7271],"product_tag":[],"class_list":{"0":"post-212298","1":"product","2":"type-product","3":"status-publish","4":"has-post-thumbnail","6":"product_cat-bedroom-beds","7":"product_cat-beds-120x200","8":"product_cat-continental-beds","9":"product_cat-meble-gruszka","11":"first","12":"instock","13":"shipping-taxable","14":"purchasable","15":"product-type-variable","16":"wvs-archive-product-wrapper"},"_links":{"self":[{"href":"https:\/\/baldumarket.lt\/lt\/wp-json\/wp\/v2\/product\/212298","targetHints":{"allow":["GET"]}}],"collection":[{"href":"https:\/\/baldumarket.lt\/lt\/wp-json\/wp\/v2\/product"}],"about":[{"href":"https:\/\/baldumarket.lt\/lt\/wp-json\/wp\/v2\/types\/product"}],"replies":[{"embeddable":true,"href":"https:\/\/baldumarket.lt\/lt\/wp-json\/wp\/v2\/comments?post=212298"}],"wp:featuredmedia":[{"embeddable":true,"href":"https:\/\/baldumarket.lt\/lt\/wp-json\/wp\/v2\/media\/212420"}],"wp:attachment":[{"href":"https:\/\/baldumarket.lt\/lt\/wp-json\/wp\/v2\/media?parent=212298"}],"wp:term":[{"taxonomy":"product_brand","embeddable":true,"href":"https:\/\/baldumarket.lt\/lt\/wp-json\/wp\/v2\/product_brand?post=212298"},{"taxonomy":"product_cat","embeddable":true,"href":"https:\/\/baldumarket.lt\/lt\/wp-json\/wp\/v2\/product_cat?post=212298"},{"taxonomy":"product_tag","embeddable":true,"href":"https:\/\/baldumarket.lt\/lt\/wp-json\/wp\/v2\/product_tag?post=212298"}],"curies":[{"name":"wp","href":"https:\/\/api.w.org\/{rel}","templated":true}]}}