{"id":212242,"date":"2025-12-26T18:26:43","date_gmt":"2025-12-26T15:26:43","guid":{"rendered":"https:\/\/baldumarket.lt\/?post_type=product&#038;p=212242"},"modified":"2026-02-03T23:15:38","modified_gmt":"2026-02-03T20:15:38","slug":"lozko-kontynentalne-nova-160x200-tapicerowane-materace-topper-pojemnik","status":"publish","type":"product","link":"https:\/\/baldumarket.lt\/lt\/product\/lozko-kontynentalne-nova-160x200-tapicerowane-materace-topper-pojemnik\/","title":{"rendered":"Nova kontinentin\u0117 lova 160\u00d7200, apmu\u0161ta, \u010diu\u017einiai, \u010diu\u017einys su u\u017etiesalu, konteineris"},"content":{"rendered":"<p>\u201eNova\u201c 160\u00d7200 cm mink\u0161ta lova \u2013 tai modernus ir eleganti\u0161kas baldas, stebinantis originaliu dizainu ir prakti\u0161kumu. I\u0161skirtin\u0117s geometrin\u0117s si\u016bl\u0117s ant auk\u0161to, mink\u0161to galv\u016bgalio suteikia jai i\u0161skirtin\u012f, dizaineri\u0161k\u0105 stili\u0173, kuris puikiai dera prie \u0161iuolaikinio interjero.<\/p>","protected":false},"excerpt":{"rendered":"<p>Plotis: 164 cm<br \/>\nIlgis: 210 cm<br \/>\nAuk\u0161tis: 120 cm<br \/>\nMiegamoji erdv\u0117: 160 \u00d7 200 cm<br \/>\nMiegamosios dalies auk\u0161tis: 61 cm<\/p>","protected":false},"featured_media":212355,"comment_status":"open","ping_status":"closed","template":"","meta":[],"product_brand":[],"product_cat":[505,1971,514,7271],"product_tag":[],"class_list":{"0":"post-212242","1":"product","2":"type-product","3":"status-publish","4":"has-post-thumbnail","6":"product_cat-bedroom-beds","7":"product_cat-beds-160x200","8":"product_cat-continental-beds","9":"product_cat-meble-gruszka","11":"first","12":"instock","13":"shipping-taxable","14":"purchasable","15":"product-type-variable","16":"wvs-archive-product-wrapper"},"_links":{"self":[{"href":"https:\/\/baldumarket.lt\/lt\/wp-json\/wp\/v2\/product\/212242","targetHints":{"allow":["GET"]}}],"collection":[{"href":"https:\/\/baldumarket.lt\/lt\/wp-json\/wp\/v2\/product"}],"about":[{"href":"https:\/\/baldumarket.lt\/lt\/wp-json\/wp\/v2\/types\/product"}],"replies":[{"embeddable":true,"href":"https:\/\/baldumarket.lt\/lt\/wp-json\/wp\/v2\/comments?post=212242"}],"wp:featuredmedia":[{"embeddable":true,"href":"https:\/\/baldumarket.lt\/lt\/wp-json\/wp\/v2\/media\/212355"}],"wp:attachment":[{"href":"https:\/\/baldumarket.lt\/lt\/wp-json\/wp\/v2\/media?parent=212242"}],"wp:term":[{"taxonomy":"product_brand","embeddable":true,"href":"https:\/\/baldumarket.lt\/lt\/wp-json\/wp\/v2\/product_brand?post=212242"},{"taxonomy":"product_cat","embeddable":true,"href":"https:\/\/baldumarket.lt\/lt\/wp-json\/wp\/v2\/product_cat?post=212242"},{"taxonomy":"product_tag","embeddable":true,"href":"https:\/\/baldumarket.lt\/lt\/wp-json\/wp\/v2\/product_tag?post=212242"}],"curies":[{"name":"wp","href":"https:\/\/api.w.org\/{rel}","templated":true}]}}