{"id":212174,"date":"2025-12-26T18:24:11","date_gmt":"2025-12-26T15:24:11","guid":{"rendered":"https:\/\/baldumarket.lt\/?post_type=product&#038;p=212174"},"modified":"2026-02-03T23:15:39","modified_gmt":"2026-02-03T20:15:39","slug":"lozko-kontynentalne-pasito-120x200-tapicerowane-materac-topper-pojemnik","status":"publish","type":"product","link":"https:\/\/baldumarket.lt\/lt\/product\/lozko-kontynentalne-pasito-120x200-tapicerowane-materac-topper-pojemnik\/","title":{"rendered":"Pasito kontinentin\u0117 lova 120\u00d7200, apmu\u0161ta, \u010diu\u017einys, \u010diu\u017einuko u\u017etiesalas, konteineris"},"content":{"rendered":"<p>\u201ePasito\u201c lova \u2013 tai dizainas, kuriame puikiai dera nesenstanti estetika su moderniais sprendimais, didinan\u010diais komfort\u0105. Lenk\u0173 prek\u0117s \u017eenklo \u201eGruszka Meble\u201c pagaminta lova i\u0161siskiria ne tik kruop\u0161\u010diu meistri\u0161kumu, bet ir i\u0161skirtiniu funkcionalumu, tod\u0117l puikiai tinka bet kuriam miegamajam.<\/p>","protected":false},"excerpt":{"rendered":"<p>Plotis: 144 cm<br \/>\nIlgis: 212 cm<br \/>\nAuk\u0161tis: 120 cm<br \/>\nMiegamasis plotas: 120 \u00d7 200 cm<br \/>\nMiegamosios dalies auk\u0161tis: 59 cm<\/p>","protected":false},"featured_media":212288,"comment_status":"open","ping_status":"closed","template":"","meta":[],"product_brand":[],"product_cat":[505,1969,514,7271],"product_tag":[],"class_list":{"0":"post-212174","1":"product","2":"type-product","3":"status-publish","4":"has-post-thumbnail","6":"product_cat-bedroom-beds","7":"product_cat-beds-120x200","8":"product_cat-continental-beds","9":"product_cat-meble-gruszka","11":"first","12":"instock","13":"shipping-taxable","14":"purchasable","15":"product-type-variable","16":"wvs-archive-product-wrapper"},"_links":{"self":[{"href":"https:\/\/baldumarket.lt\/lt\/wp-json\/wp\/v2\/product\/212174","targetHints":{"allow":["GET"]}}],"collection":[{"href":"https:\/\/baldumarket.lt\/lt\/wp-json\/wp\/v2\/product"}],"about":[{"href":"https:\/\/baldumarket.lt\/lt\/wp-json\/wp\/v2\/types\/product"}],"replies":[{"embeddable":true,"href":"https:\/\/baldumarket.lt\/lt\/wp-json\/wp\/v2\/comments?post=212174"}],"wp:featuredmedia":[{"embeddable":true,"href":"https:\/\/baldumarket.lt\/lt\/wp-json\/wp\/v2\/media\/212288"}],"wp:attachment":[{"href":"https:\/\/baldumarket.lt\/lt\/wp-json\/wp\/v2\/media?parent=212174"}],"wp:term":[{"taxonomy":"product_brand","embeddable":true,"href":"https:\/\/baldumarket.lt\/lt\/wp-json\/wp\/v2\/product_brand?post=212174"},{"taxonomy":"product_cat","embeddable":true,"href":"https:\/\/baldumarket.lt\/lt\/wp-json\/wp\/v2\/product_cat?post=212174"},{"taxonomy":"product_tag","embeddable":true,"href":"https:\/\/baldumarket.lt\/lt\/wp-json\/wp\/v2\/product_tag?post=212174"}],"curies":[{"name":"wp","href":"https:\/\/api.w.org\/{rel}","templated":true}]}}