{"id":212160,"date":"2025-12-26T18:23:32","date_gmt":"2025-12-26T15:23:32","guid":{"rendered":"https:\/\/baldumarket.lt\/?post_type=product&#038;p=212160"},"modified":"2026-02-03T23:15:39","modified_gmt":"2026-02-03T20:15:39","slug":"lozko-kontynentalne-pasito-140x200-tapicerowane-materac-topper-pojemnik","status":"publish","type":"product","link":"https:\/\/baldumarket.lt\/lt\/product\/lozko-kontynentalne-pasito-140x200-tapicerowane-materac-topper-pojemnik\/","title":{"rendered":"Pasito kontinentin\u0117 lova 140\u00d7200, apmu\u0161ta, \u010diu\u017einys, \u010diu\u017einuko u\u017etiesalas, konteineris"},"content":{"rendered":"<p>\u201ePasito\u201c 140 \u00d7 200 cm lova \u2013 stilingas lenk\u0173 gamintojo \u201eGruszka Meble\u201c pasi\u016blymas, puikiai tinkantis miegamiesiems, kuriuose svarbiausia ir estetika, ir funkcionalumas. \u0160is modelis \u017eavi savo nesenstan\u010diu dizainu, i\u0161skirtiniu komfortu ir auk\u0161tos kokyb\u0117s meistri\u0161kumu, kuris patenkins net ir i\u0161rankiausi\u0173 vartotoj\u0173 l\u016bkes\u010dius. D\u0117l klasikinio silueto ir d\u0117mesio detal\u0117ms \u201ePasito\u201c lova puikiai papildys klasikin\u012f, retro ar \u0161velnaus stiliaus interjer\u0105, suteikdama interjerui elegancijos ir jaukumo.<\/p>","protected":false},"excerpt":{"rendered":"<p>Plotis: 164 cm<br \/>\nIlgis: 212 cm<br \/>\nAuk\u0161tis: 120 cm<br \/>\nMiegamasis plotas: 140 \u00d7 200 cm<br \/>\nMiegamosios dalies auk\u0161tis: 59 cm<\/p>","protected":false},"featured_media":212281,"comment_status":"open","ping_status":"closed","template":"","meta":[],"product_brand":[],"product_cat":[505,1970,514,7271],"product_tag":[],"class_list":{"0":"post-212160","1":"product","2":"type-product","3":"status-publish","4":"has-post-thumbnail","6":"product_cat-bedroom-beds","7":"product_cat-beds-140x200","8":"product_cat-continental-beds","9":"product_cat-meble-gruszka","11":"first","12":"instock","13":"shipping-taxable","14":"purchasable","15":"product-type-variable","16":"wvs-archive-product-wrapper"},"_links":{"self":[{"href":"https:\/\/baldumarket.lt\/lt\/wp-json\/wp\/v2\/product\/212160","targetHints":{"allow":["GET"]}}],"collection":[{"href":"https:\/\/baldumarket.lt\/lt\/wp-json\/wp\/v2\/product"}],"about":[{"href":"https:\/\/baldumarket.lt\/lt\/wp-json\/wp\/v2\/types\/product"}],"replies":[{"embeddable":true,"href":"https:\/\/baldumarket.lt\/lt\/wp-json\/wp\/v2\/comments?post=212160"}],"wp:featuredmedia":[{"embeddable":true,"href":"https:\/\/baldumarket.lt\/lt\/wp-json\/wp\/v2\/media\/212281"}],"wp:attachment":[{"href":"https:\/\/baldumarket.lt\/lt\/wp-json\/wp\/v2\/media?parent=212160"}],"wp:term":[{"taxonomy":"product_brand","embeddable":true,"href":"https:\/\/baldumarket.lt\/lt\/wp-json\/wp\/v2\/product_brand?post=212160"},{"taxonomy":"product_cat","embeddable":true,"href":"https:\/\/baldumarket.lt\/lt\/wp-json\/wp\/v2\/product_cat?post=212160"},{"taxonomy":"product_tag","embeddable":true,"href":"https:\/\/baldumarket.lt\/lt\/wp-json\/wp\/v2\/product_tag?post=212160"}],"curies":[{"name":"wp","href":"https:\/\/api.w.org\/{rel}","templated":true}]}}