{"id":212158,"date":"2025-12-26T18:23:29","date_gmt":"2025-12-26T15:23:29","guid":{"rendered":"https:\/\/baldumarket.lt\/?post_type=product&#038;p=212158"},"modified":"2026-02-03T23:15:39","modified_gmt":"2026-02-03T20:15:39","slug":"lozko-kontynentalne-pasito-160x200-tapicerowane-materac-topper-pojemnik","status":"publish","type":"product","link":"https:\/\/baldumarket.lt\/lt\/product\/lozko-kontynentalne-pasito-160x200-tapicerowane-materac-topper-pojemnik\/","title":{"rendered":"Pasito kontinentin\u0117 lova 160\u00d7200, apmu\u0161ta, \u010diu\u017einys, \u010diu\u017einuko u\u017etiesalas, konteineris"},"content":{"rendered":"<p>\u201ePasito\u201c 160 \u00d7 200 cm lova \u2013 eleganti\u0161kas lenk\u0173 gamintojo \u201eGruszka Meble\u201c pasi\u016blymas, kuriame klasikinis stilius derinamas su moderniais sprendimais. \u0160is modelis \u017eavi auk\u0161tos kokyb\u0117s meistri\u0161kumu, naudojimo paprastumu ir nesenstan\u010diu dizainu, tod\u0117l idealiai tinka bet kuriam miegamajam, kuriame svarbiausia estetika ir funkcionalumas. D\u0117l proporcingo silueto ir rafinuot\u0173 detali\u0173 \u201ePasito\u201c 160 \u00d7 200 cm lova puikiai papildys klasikin\u012f, retro, prabang\u0173 ar \u0161velniai prabang\u0173 interjer\u0105, suteikdama elegancijos ir jaukumo bet kokiam interjerui.<\/p>","protected":false},"excerpt":{"rendered":"<p>Plotis: 184 cm<br \/>\nIlgis: 212 cm<br \/>\nAuk\u0161tis: 120 cm<br \/>\nMiegamoji erdv\u0117: 160 \u00d7 200 cm<br \/>\nMiegamosios dalies auk\u0161tis: 59 cm<\/p>","protected":false},"featured_media":212270,"comment_status":"open","ping_status":"closed","template":"","meta":[],"product_brand":[],"product_cat":[505,1971,514,7271],"product_tag":[],"class_list":{"0":"post-212158","1":"product","2":"type-product","3":"status-publish","4":"has-post-thumbnail","6":"product_cat-bedroom-beds","7":"product_cat-beds-160x200","8":"product_cat-continental-beds","9":"product_cat-meble-gruszka","11":"first","12":"instock","13":"shipping-taxable","14":"purchasable","15":"product-type-variable","16":"wvs-archive-product-wrapper"},"_links":{"self":[{"href":"https:\/\/baldumarket.lt\/lt\/wp-json\/wp\/v2\/product\/212158","targetHints":{"allow":["GET"]}}],"collection":[{"href":"https:\/\/baldumarket.lt\/lt\/wp-json\/wp\/v2\/product"}],"about":[{"href":"https:\/\/baldumarket.lt\/lt\/wp-json\/wp\/v2\/types\/product"}],"replies":[{"embeddable":true,"href":"https:\/\/baldumarket.lt\/lt\/wp-json\/wp\/v2\/comments?post=212158"}],"wp:featuredmedia":[{"embeddable":true,"href":"https:\/\/baldumarket.lt\/lt\/wp-json\/wp\/v2\/media\/212270"}],"wp:attachment":[{"href":"https:\/\/baldumarket.lt\/lt\/wp-json\/wp\/v2\/media?parent=212158"}],"wp:term":[{"taxonomy":"product_brand","embeddable":true,"href":"https:\/\/baldumarket.lt\/lt\/wp-json\/wp\/v2\/product_brand?post=212158"},{"taxonomy":"product_cat","embeddable":true,"href":"https:\/\/baldumarket.lt\/lt\/wp-json\/wp\/v2\/product_cat?post=212158"},{"taxonomy":"product_tag","embeddable":true,"href":"https:\/\/baldumarket.lt\/lt\/wp-json\/wp\/v2\/product_tag?post=212158"}],"curies":[{"name":"wp","href":"https:\/\/api.w.org\/{rel}","templated":true}]}}